{"id":7020,"date":"2023-05-26T11:58:29","date_gmt":"2023-05-26T09:58:29","guid":{"rendered":"https:\/\/www.seetal-chile.ch\/?page_id=7020"},"modified":"2025-07-04T10:19:28","modified_gmt":"2025-07-04T08:19:28","slug":"willkommen","status":"publish","type":"page","link":"https:\/\/www.seetal-chile.ch\/en\/willkommen\/","title":{"rendered":"Welcome"},"content":{"rendered":"<h1>\n\t\t\tWelcome home\t<\/h1>\n\t<p>With us you are not just another face among many others! We hope that you will quickly feel at home with us.<\/p>\n<p>If you want to get in touch with other people in and around seetal chile, you've come to the right place! This page is designed to give you quick and easy access.<\/p>\n<p>\u00a0<\/p>\n<p>For age- and gender-specific contacts, it's best to drop by our events.<\/p>\n<p>Do you want more individuality? Then the market is the right place for you. There you can either take part in activities on offer or meet other people in a certain situation. Nothing suitable? Then <a href=\"https:\/\/markt.seetal-chile.ch\/inserat\/\" target=\"_blank\" rel=\"noopener\">Why don't you start an ad yourself?<\/a> on our market. Use the \"Activity\", \"Contacts\" or \"Food &amp; Drink\" sections.<\/p>\n<p><strong>Good, you're here!<\/strong><\/p>\n\t\t\t\t<img decoding=\"async\" src=\"https:\/\/www.seetal-chile.ch\/wp-content\/uploads\/2020\/09\/glow-ameisli-in-aktion-2000x1333-1.jpg\" alt=\"glow Ameisli in Aktion\" itemprop=\"image\" height=\"1333\" width=\"2000\" title=\"glow Ameisli in action\" onerror=\"this.style.display='none'\" loading='lazy' \/>\n<h2>\n\t\t\tActivities\t<\/h2>\n\t<p>We create a living space where you can easily build and deepen relationships. Click on the button below for an overview of our activities.<\/p>\n\t\t\t<a href=\"https:\/\/www.seetal-chile.ch\/en\/aktivitaeten\/\" target=\"_blank\" rel=\"noopener\">\n\t\t\t\t\t\t\tTo the activities\n\t\t\t\t\t<\/a>\n<h2>\n\t\t\tPersonal networking\t<\/h2>\n\t<p>We invite you to share adverts with people from the seetal chile on this platform: Whether you are looking for participants for a leisure activity or people in the same situation to exchange ideas - everything has its place here!<\/p>\n\t<div id=\"sc-wptools-node-be6a53cd-d3d9-4ee6-aae5-a4d70c674066\" class=\"sc-wptools-show-posts\"><!-- SECTION.START #Type_2df6622a-9b31-4bdd-8fa0-b9f1ddd59fe0 --><div class=\"sc-wptools-grid sc-wptools-show-posts-market\">\n    <div class=\"sc-wptools-items\">\n        <div class=\"row\">\n            <!-- SECTION.START #Items_b62dba4d-0a06-4f2b-af2e-7505c043c050 --><div id=\"sc-wptools-item-34e4f958-044d-4729-942a-d17ec91e5ffd\" class=\"col-sm sc-wptools-item sc-wptools-item-1\">\n                <a class=\"stretched-link\" href=\"https:\/\/markt.seetal-chile.ch\/katzenbetreuung-10558\/\" onclick=\"\" target=\"_blank\"><\/a>\n                <div class=\"sc-wptools-image-container\">\n                    <img decoding=\"async\" class=\"sc-wptools-item-image\" src=\"https:\/\/markt.seetal-chile.ch\/wp-content\/uploads\/formidable\/7\/IMG_6432-1.jpeg\" alt=\"Katzenbetreuung\">\n                    <div class=\"sc-wptools-item-overlay\">\n                        <div class=\"sc-wptools-item-overlay-icon\">\n                            <i class=\"fas fa-play\" aria-hidden=\"true\"><\/i>\n                        <\/div>\n                    <\/div>\n                <\/div>\n                <div class=\"sc-wptools-content-wrap\">\n                    <h3 class=\"sc-wptools-item-title\">Katzenbetreuung<\/h3>\n                    <div class=\"sc-wptools-item-meta\"><strong>Deborah<\/strong> sucht &#124; 06.04.2026<\/div>\n                    <div class=\"sc-wptools-item-excerpt\">Ich und mein Mann suchen eine Betreuung f\u00fcr unsere zwei Wohnungskater \u00fcber Auffahrt und von 23.05.-25.05.26 (Gemeindeweekend). Wir sind dann weg und m\u00f6chten unsere Wollkn\u00e4uel, nicht von zuhause weg geben. Es w\u00e4re grossartig h\u00e4tte jemand die M\u00f6glichkeit mindestens 1x pro Tag bei ihnen vorbei zu schauen, sie zu f\u00fcttern, die Katzentoilette zu reinigen und \u00fcber&hellip;<\/div>\n                    <div class=\"sc-wptools-item-detail-prepared\">\n                        <div class=\"row sc-wptools-detail-close-row\">\n                            <div class=\"col-md-12 sc-wptools-detail-close-col\">\n                                <a class=\"sc-wptools-detail-close\" href=\"#\" onclick=\"sc_wptools_closeDetail('be6a53cd-d3d9-4ee6-aae5-a4d70c674066');return false;\" target=\"_self\">\u2715<\/a>\n                            <\/div>\n                        <\/div>\n                        <div class=\"sc-wptools-detail-container\">\n                            <div class=\"row justify-content-between\">{detail-content}<\/div>\n                        <\/div>\n                    <\/div>\n                <\/div>\n            <\/div><div id=\"sc-wptools-item-3003a558-1eb5-4a61-952f-ac7c3f2cbf4f\" class=\"col-sm sc-wptools-item sc-wptools-item-2\">\n                <a class=\"stretched-link\" href=\"https:\/\/markt.seetal-chile.ch\/trampolin-kurs-in-der-seetal-chile-10538\/\" onclick=\"\" target=\"_blank\"><\/a>\n                <div class=\"sc-wptools-image-container\">\n                    <img decoding=\"async\" class=\"sc-wptools-item-image\" src=\"https:\/\/markt.seetal-chile.ch\/wp-content\/uploads\/formidable\/7\/Bellicon-gruen-8-Fuesse-von-oben.jpg\" alt=\"Trampolin-Kurs in der seetal chile\">\n                    <div class=\"sc-wptools-item-overlay\">\n                        <div class=\"sc-wptools-item-overlay-icon\">\n                            <i class=\"fas fa-play\" aria-hidden=\"true\"><\/i>\n                        <\/div>\n                    <\/div>\n                <\/div>\n                <div class=\"sc-wptools-content-wrap\">\n                    <h3 class=\"sc-wptools-item-title\">Trampolin-Kurs in der seetal chile<\/h3>\n                    <div class=\"sc-wptools-item-meta\"><strong>Elisabeth and Tanja<\/strong> bietet an &#124; 31.03.2026<\/div>\n                    <div class=\"sc-wptools-item-excerpt\">Basic-Trampolin-Kurs vom 1. Juni &#8211; 29. Juni 2026, jeweils am Montag 19.30 &#8211; 20.30 Uhr. W\u00e4hrend 5 Lektionen werden dir die Grundlagen f\u00fcr ein Training zu Hause vermittelt. Es wirkt \u00e4usserst sanft und schonend auf R\u00fccken und Gelenke. Das Motto heisst &#8220;Schwingen statt Springen!&#8221; Dabei erlebst du, wie PMT SwingWalking\u00ae deinen Alltag bereichert und du&hellip;<\/div>\n                    <div class=\"sc-wptools-item-detail-prepared\">\n                        <div class=\"row sc-wptools-detail-close-row\">\n                            <div class=\"col-md-12 sc-wptools-detail-close-col\">\n                                <a class=\"sc-wptools-detail-close\" href=\"#\" onclick=\"sc_wptools_closeDetail('be6a53cd-d3d9-4ee6-aae5-a4d70c674066');return false;\" target=\"_self\">\u2715<\/a>\n                            <\/div>\n                        <\/div>\n                        <div class=\"sc-wptools-detail-container\">\n                            <div class=\"row justify-content-between\">{detail-content}<\/div>\n                        <\/div>\n                    <\/div>\n                <\/div>\n            <\/div><div id=\"sc-wptools-item-62e2d7de-fafa-40ae-ade5-56b7d175fbd5\" class=\"col-sm sc-wptools-item sc-wptools-item-3\">\n                <a class=\"stretched-link\" href=\"https:\/\/markt.seetal-chile.ch\/tanzworkshop-23-03-2026-10517\/\" onclick=\"\" target=\"_blank\"><\/a>\n                <div class=\"sc-wptools-image-container\">\n                    <img decoding=\"async\" class=\"sc-wptools-item-image\" src=\"https:\/\/markt.seetal-chile.ch\/wp-content\/uploads\/formidable\/7\/Open-Training-23.3.26.png\" alt=\"Tanzworkshop 23.03.2026\">\n                    <div class=\"sc-wptools-item-overlay\">\n                        <div class=\"sc-wptools-item-overlay-icon\">\n                            <i class=\"fas fa-play\" aria-hidden=\"true\"><\/i>\n                        <\/div>\n                    <\/div>\n                <\/div>\n                <div class=\"sc-wptools-content-wrap\">\n                    <h3 class=\"sc-wptools-item-title\">Dance workshop 23.03.2026<\/h3>\n                    <div class=\"sc-wptools-item-meta\"><strong>Samira<\/strong> offers | 16.03.2026<\/div>\n                    <div class=\"sc-wptools-item-excerpt\">Jael Meyer and I, Samira Bolliger, run a roundabout dance group in Meisterschwanden. This programme is aimed at teenagers and young women (aged 12-20) who love to move. We are now offering an open training session on 23 March at 7.00 pm. This training is for EVERYONE who would like to dance and have a look. You can register via...<\/div>\n                    <div class=\"sc-wptools-item-detail-prepared\">\n                        <div class=\"row sc-wptools-detail-close-row\">\n                            <div class=\"col-md-12 sc-wptools-detail-close-col\">\n                                <a class=\"sc-wptools-detail-close\" href=\"#\" onclick=\"sc_wptools_closeDetail('be6a53cd-d3d9-4ee6-aae5-a4d70c674066');return false;\" target=\"_self\">\u2715<\/a>\n                            <\/div>\n                        <\/div>\n                        <div class=\"sc-wptools-detail-container\">\n                            <div class=\"row justify-content-between\">{detail-content}<\/div>\n                        <\/div>\n                    <\/div>\n                <\/div>\n            <\/div><!-- SECTION.END #Items_b62dba4d-0a06-4f2b-af2e-7505c043c050 -->\n        <\/div>\n    <\/div>\n    <div class=\"sc-wptools-visible-container\">\n        <div class=\"sc-wptools-item-detail-view\"><\/div>\n    <\/div>\n<\/div><!-- SECTION.END #Type_2df6622a-9b31-4bdd-8fa0-b9f1ddd59fe0 --><\/div>\n\t\t\t<a href=\"https:\/\/markt.seetal-chile.ch\" target=\"_blank\" rel=\"noopener\">\n\t\t\t\t\t\t\tTo all advertisements\n\t\t\t\t\t<\/a>","protected":false},"excerpt":{"rendered":"<p>Welcome home With us, you are not just another face among many others! We hope that you will quickly feel at home with us. If you want to get in touch with other people in and around seetal chile, you've come to the right place! This page is designed to give you quick and easy access.   For age-...<\/p>","protected":false},"author":1,"featured_media":0,"parent":0,"menu_order":0,"comment_status":"closed","ping_status":"closed","template":"","meta":{"_acf_changed":false,"footnotes":""},"class_list":["post-7020","page","type-page","status-publish","hentry"],"acf":[],"_links":{"self":[{"href":"https:\/\/www.seetal-chile.ch\/en\/wp-json\/wp\/v2\/pages\/7020","targetHints":{"allow":["GET"]}}],"collection":[{"href":"https:\/\/www.seetal-chile.ch\/en\/wp-json\/wp\/v2\/pages"}],"about":[{"href":"https:\/\/www.seetal-chile.ch\/en\/wp-json\/wp\/v2\/types\/page"}],"author":[{"embeddable":true,"href":"https:\/\/www.seetal-chile.ch\/en\/wp-json\/wp\/v2\/users\/1"}],"replies":[{"embeddable":true,"href":"https:\/\/www.seetal-chile.ch\/en\/wp-json\/wp\/v2\/comments?post=7020"}],"version-history":[{"count":1,"href":"https:\/\/www.seetal-chile.ch\/en\/wp-json\/wp\/v2\/pages\/7020\/revisions"}],"predecessor-version":[{"id":7287,"href":"https:\/\/www.seetal-chile.ch\/en\/wp-json\/wp\/v2\/pages\/7020\/revisions\/7287"}],"wp:attachment":[{"href":"https:\/\/www.seetal-chile.ch\/en\/wp-json\/wp\/v2\/media?parent=7020"}],"curies":[{"name":"wp","href":"https:\/\/api.w.org\/{rel}","templated":true}]}}