{"id":1027,"date":"2018-11-23T07:28:14","date_gmt":"2018-11-23T06:28:14","guid":{"rendered":"https:\/\/www.seetal-chile.ch\/?page_id=1027"},"modified":"2023-11-10T08:34:32","modified_gmt":"2023-11-10T07:34:32","slug":"impressum","status":"publish","type":"page","link":"https:\/\/www.seetal-chile.ch\/fr\/impressum\/","title":{"rendered":"Mentions l\u00e9gales"},"content":{"rendered":"<h1>\n\t\tMentions l\u00e9gales\n\t<\/h1>\n<h2>\n\t\tContact\n\t<\/h2>\n\tseetal chile<br \/>\nChrischonaweg 2<br \/>\nCH - 5703 Seon\nT\u00e9l\u00e9phone : <a href=\"tel:+41 (0)62 552 07 00\">+41 (0)62 552 07 00<\/a><br \/>\nE-mail : <a href=\"mailto:info@seetal-chile.ch\">info@seetal-chile.ch<\/a><br \/>\nWeb : <a href=\"https:\/\/www.seetal-chile.ch\/fr\/\">https:\/\/www.seetal-chile.ch<\/a>\n<p>Nous faisons partie de l'association <a href=\"https:\/\/vivakirche.ch\" target=\"_blank\" rel=\"noopener\">Viva Kirche Suisse<\/a>.<\/p>\n<h2>\n\t\tPropri\u00e9t\u00e9\n\t<\/h2>\n\t<p>Le site internet est la propri\u00e9t\u00e9 de l'association <a href=\"https:\/\/vivakirche.ch\" target=\"_blank\" rel=\"noopener\">Viva Kirche Suisse<\/a>.<\/p>\n<h2>\n\t\tR\u00e9alisation du site Internet\n\t<\/h2>\n\t<p>Production multim\u00e9dia &amp; publication web de la seetal chile<\/p>\n<p>Contact : <a href=\"mailto:multimedia@seetal-chile.ch\">multimedia@seetal-chile.ch<\/a><\/p>\n<p>Conception et design : <a href=\"https:\/\/www.corara.ch\" target=\"_blank\" rel=\"noopener\">corara KLG<\/a><\/p>\n<h2>\n\t\tExploitation technique du site Internet\n\t<\/h2>\n\t<p>Churcholution GmbH, Services informatiques pour les \u00e9glises, Chrischonaweg 2, CH - 5703 Seon<\/p>\n<p><a href=\"https:\/\/www.churcholution.ch\" target=\"_blank\" rel=\"noopener\">https:\/\/www.churcholution.ch<\/a><\/p>\n<h2>\n\t\tClause de non-responsabilit\u00e9\n\t<\/h2>\n\t<p>L'auteur ne donne aucune garantie quant \u00e0 la v\u00e9racit\u00e9, l'exactitude, l'actualit\u00e9, la fiabilit\u00e9 et l'exhaustivit\u00e9 des informations. L'auteur ne peut \u00eatre tenu responsable des dommages mat\u00e9riels ou immat\u00e9riels r\u00e9sultant de l'acc\u00e8s ou de l'utilisation ou de la non-utilisation des informations publi\u00e9es, d'une mauvaise utilisation de la connexion ou de probl\u00e8mes techniques.<\/p>\n<p>Toutes les offres sont sans engagement. L'auteur se r\u00e9serve express\u00e9ment le droit de modifier, de compl\u00e9ter ou de supprimer des parties de pages ou l'ensemble de l'offre sans pr\u00e9avis particulier, ou d'en suspendre temporairement ou d\u00e9finitivement la publication.<\/p>\n<h2>\n\t\tClause de non-responsabilit\u00e9 pour les liens\n\t<\/h2>\n\t<p>Les renvois et les liens vers des sites web de tiers ne rel\u00e8vent pas de notre responsabilit\u00e9. Nous d\u00e9clinons toute responsabilit\u00e9 pour de tels sites web. L'acc\u00e8s et l'utilisation de tels sites web se font aux risques et p\u00e9rils de l'utilisateur concern\u00e9.<\/p>\n<h2>\n\t\tDroits d'auteur\n\t<\/h2>\n\t<p>Les droits d'auteur et tous les autres droits li\u00e9s aux contenus, images, photos ou autres fichiers de ce site web, appartiennent exclusivement \u00e0 seetal chile (communaut\u00e9 Chrischona de Seon) ou aux d\u00e9tenteurs de droits sp\u00e9cifiquement mentionn\u00e9s. Pour la reproduction de tout \u00e9l\u00e9ment, l'accord \u00e9crit du d\u00e9tenteur des droits d'auteur doit \u00eatre obtenu au pr\u00e9alable.<\/p>\n\t<p><em>Source : Tu n'as pas \u00e0 t'inqui\u00e9ter : G\u00e9n\u00e9rateur d'imperessum de SwissAnwalt<\/em><\/p>","protected":false},"excerpt":{"rendered":"<p>Mentions l\u00e9gales Contact seetal chile Chrischonaweg 2 CH - 5703 Seon T\u00e9l\u00e9phone : +41 (0)62 552 07 00 E-mail : info@seetal-chile.ch Web : https:\/\/www.seetal-chile.ch Nous faisons partie de l'association Viva Kirche Schweiz. Propri\u00e9t\u00e9 Le site Internet est la propri\u00e9t\u00e9 de l'association Viva Kirche Schweiz. R\u00e9alisation du site Internet Production multim\u00e9dia &amp; Webpublishing de seetal chile Contact : multimedia@seetal-chile.ch Conception et design : corara KLG Op\u00e9ration technique...<\/p>","protected":false},"author":1,"featured_media":0,"parent":0,"menu_order":5,"comment_status":"closed","ping_status":"closed","template":"","meta":{"_acf_changed":false,"footnotes":""},"class_list":["post-1027","page","type-page","status-publish","hentry"],"acf":[],"_links":{"self":[{"href":"https:\/\/www.seetal-chile.ch\/fr\/wp-json\/wp\/v2\/pages\/1027","targetHints":{"allow":["GET"]}}],"collection":[{"href":"https:\/\/www.seetal-chile.ch\/fr\/wp-json\/wp\/v2\/pages"}],"about":[{"href":"https:\/\/www.seetal-chile.ch\/fr\/wp-json\/wp\/v2\/types\/page"}],"author":[{"embeddable":true,"href":"https:\/\/www.seetal-chile.ch\/fr\/wp-json\/wp\/v2\/users\/1"}],"replies":[{"embeddable":true,"href":"https:\/\/www.seetal-chile.ch\/fr\/wp-json\/wp\/v2\/comments?post=1027"}],"version-history":[{"count":1,"href":"https:\/\/www.seetal-chile.ch\/fr\/wp-json\/wp\/v2\/pages\/1027\/revisions"}],"predecessor-version":[{"id":7101,"href":"https:\/\/www.seetal-chile.ch\/fr\/wp-json\/wp\/v2\/pages\/1027\/revisions\/7101"}],"wp:attachment":[{"href":"https:\/\/www.seetal-chile.ch\/fr\/wp-json\/wp\/v2\/media?parent=1027"}],"curies":[{"name":"wp","href":"https:\/\/api.w.org\/{rel}","templated":true}]}}