{"id":1034,"date":"2018-11-23T08:49:46","date_gmt":"2018-11-23T07:49:46","guid":{"rendered":"https:\/\/www.seetal-chile.ch\/?page_id=1034"},"modified":"2019-06-03T20:51:36","modified_gmt":"2019-06-03T18:51:36","slug":"faq","status":"publish","type":"page","link":"https:\/\/www.seetal-chile.ch\/fr\/faq\/","title":{"rendered":"FAQ"},"content":{"rendered":"<h1>\n\t\tFAQ - Foire aux questions\n\t<\/h1>\n\t\t<h3>Qui \u00eates-vous ?<\/h3>\t\t\n\t\t\t<p>Nous sommes un groupe h\u00e9t\u00e9roclite de personnes du Seetal qui croient en J\u00e9sus et construisent leur vie avec lui. Nous nous rencontrons tous les dimanches pour vivre des amiti\u00e9s et rencontrer Dieu.<\/p>\n\t\t<h3>\u00c0 quoi ressemble une messe normale chez vous ?<\/h3>\t\t\n\t\t\t<p>A 9h15, le bistrot ouvre et tu peux d\u00e9guster du caf\u00e9 et des croissants. Le culte d\u00e9bute \u00e0 10h00. Les \u00e9l\u00e9ments importants sont l'animation, le chant en commun et une pr\u00e9dication en rapport avec le quotidien. Un culte dure en g\u00e9n\u00e9ral cinq quarts d'heure. Ensuite, le bistrot propose des pizzas, des sandwichs au schnitzel, des salades et bien plus encore. Tu peux volontiers t'attarder chez nous pour d\u00e9jeuner.<\/p>\n<p>Parall\u00e8lement \u00e0 la messe, il y a aussi diverses offres pour les enfants de tous \u00e2ges.<\/p>\n\t\t<h3>A quoi dois-je faire attention lorsque j'assiste \u00e0 un service religieux ?<\/h3>\t\t\n\t\t\t<p>Tu peux venir chez nous \u00e0 tout moment, sans aucune obligation. Un <a href=\"https:\/\/www.seetal-chile.ch\/fr\/gottesdienste\/\">Assister \u00e0 la messe<\/a> n'est pas du tout compliqu\u00e9 - viens simplement comme tu te sens \u00e0 l'aise. Si tu arrives avant 10 heures, nous serons ravis de te servir un caf\u00e9 avant le service.<\/p>\n\t\t<h3>Pour qui ton programme est-il le plus adapt\u00e9 ?<\/h3>\t\t\n\t\t\t<p>Il est tr\u00e8s important pour nous que tout le monde se sente bien chez nous. C'est pourquoi nous veillons \u00e0 ce que nos programmes soient adapt\u00e9s \u00e0 toutes les g\u00e9n\u00e9rations et \u00e0 tous les int\u00e9r\u00eats. De plus, nous avons beaucoup de r\u00e9cipients diff\u00e9rents - il y a certainement quelque chose pour toi aussi !<\/p>\n\t\t<h3>Comment trouver la connexion ?<\/h3>\t\t\n\t\t\t<p>Le mieux est de passer une fois et de s'attarder au bistrot apr\u00e8s la messe avec les autres participants \u00e0 la messe. Nous sommes tr\u00e8s ouverts et nous nous r\u00e9jouissons de faire plus ample connaissance avec toi. Nous t'aidons aussi volontiers \u00e0 te connecter - nous avons pour cela de nombreuses offres adapt\u00e9es qui te faciliteront l'acc\u00e8s.<\/p>\n\t\t<h3>Qui travaille dans la seetal chile ?<\/h3>\t\t\n\t\t\t<p>Nous avons une \u00e9quipe d'employ\u00e9s peu nombreuse, soutenue activement par de nombreux b\u00e9n\u00e9voles. C'est pourquoi seetal chile est l'\u0153uvre commune de nombreuses personnes qui y investissent leur temps et leur passion - que ce soit dans le programme pour enfants, dans un groupe ou au bistrot.<\/p>\n\t\t\t<a href=\"#\" role=\"button\">\n\t\t\t\t\t\t\tD'autres questions\n\t\t\t\t\t<\/a>\n\t\t<iframe class=\"sc-form\" allowtransparency=\"true\" src=\"https:\/\/forms.seetal-chile.ch\/form\/?formkey=xgk7n&formtitle=Kontakt\" frameborder=\"0\" allowfullscreen=\"\" style=\"width: 100%; min-height: 100%;\"><\/iframe>","protected":false},"excerpt":{"rendered":"<p>FAQ - Foire aux questions Qui \u00eates-vous ? Nous sommes un groupe h\u00e9t\u00e9roclite de personnes du Seetal qui croient en J\u00e9sus et qui construisent leur vie avec lui. Nous nous rencontrons chaque dimanche pour vivre des amiti\u00e9s et rencontrer Dieu. A quoi ressemble un service normal chez vous ? A 09h15, l'ouverture de la...<\/p>","protected":false},"author":1,"featured_media":0,"parent":0,"menu_order":4,"comment_status":"closed","ping_status":"closed","template":"","meta":{"_acf_changed":false,"footnotes":""},"class_list":["post-1034","page","type-page","status-publish","hentry"],"acf":[],"_links":{"self":[{"href":"https:\/\/www.seetal-chile.ch\/fr\/wp-json\/wp\/v2\/pages\/1034","targetHints":{"allow":["GET"]}}],"collection":[{"href":"https:\/\/www.seetal-chile.ch\/fr\/wp-json\/wp\/v2\/pages"}],"about":[{"href":"https:\/\/www.seetal-chile.ch\/fr\/wp-json\/wp\/v2\/types\/page"}],"author":[{"embeddable":true,"href":"https:\/\/www.seetal-chile.ch\/fr\/wp-json\/wp\/v2\/users\/1"}],"replies":[{"embeddable":true,"href":"https:\/\/www.seetal-chile.ch\/fr\/wp-json\/wp\/v2\/comments?post=1034"}],"version-history":[{"count":0,"href":"https:\/\/www.seetal-chile.ch\/fr\/wp-json\/wp\/v2\/pages\/1034\/revisions"}],"wp:attachment":[{"href":"https:\/\/www.seetal-chile.ch\/fr\/wp-json\/wp\/v2\/media?parent=1034"}],"curies":[{"name":"wp","href":"https:\/\/api.w.org\/{rel}","templated":true}]}}