{"id":166,"date":"2018-06-27T15:52:07","date_gmt":"2018-06-27T13:52:07","guid":{"rendered":"https:\/\/www.seetal-chile.ch\/?page_id=166"},"modified":"2026-02-23T16:02:13","modified_gmt":"2026-02-23T15:02:13","slug":"gottesdienste","status":"publish","type":"page","link":"https:\/\/www.seetal-chile.ch\/fr\/gottesdienste\/","title":{"rendered":"Services religieux"},"content":{"rendered":"<h1>\n\t\t\tNos services religieux\t<\/h1>\n<h4  data-animation-delay=\"0.0\" data-animation-duration=\"1\">\n\t\t\tProchain culte du matin\t<\/h4>\n\t<div class=\"ctc-calendar calendar-style-white calendar-hide-separator calendar-no-space calendar-hide-caption\"><div class=\"calendar-listview\">\r\n    <!-- SECTION.START #Appointments_02c979a4-4812-4386-abb2-3da83b32a034 --><div class=\"calendar-listview-item\">\r\n        <div class=\"calendar-listview-date\">di. 26.04.2026 | 10:00 - 11:30 heures<\/div>\r\n        <div class=\"calendar-listview-caption\"><a target=\"_blank\" href=\"https:\/\/www.seetal-chile.ch\/fr\/gottesdienste\/\">Culte<\/a><\/div>\r\n        <div class=\"calendar-listview-information\"><\/div>\r\n        <div class=\"calendar-listview-note\"><\/div>\r\n    <\/div><!-- SECTION.END #Appointments_02c979a4-4812-4386-abb2-3da83b32a034 -->\r\n<\/div><\/div>\n<h4  data-animation-delay=\"0.0\" data-animation-duration=\"1\">\n\t\t\tProchain culte du soir\t<\/h4>\n\t<div class=\"ctc-calendar calendar-style-white calendar-hide-separator calendar-no-space calendar-hide-caption\"><div class=\"calendar-listview\">\r\n    <!-- SECTION.START #Appointments_cd9ff65d-0a15-4cd5-9f0c-765ecab81660 --><div class=\"calendar-listview-item\">\r\n        <div class=\"calendar-listview-date\">di. 26.04.2026 | 19:00 - 20:30 heures<\/div>\r\n        <div class=\"calendar-listview-caption\"><a target=\"_blank\" href=\"https:\/\/blog.seetal-chile.ch\/2026\/04\/05\/wenn-dienen-zur-staerke-wird\/\">Culte du soir<\/a><\/div>\r\n        <div class=\"calendar-listview-information\"><\/div>\r\n        <div class=\"calendar-listview-note\"><\/div>\r\n    <\/div><!-- SECTION.END #Appointments_cd9ff65d-0a15-4cd5-9f0c-765ecab81660 -->\r\n<\/div><\/div>\n<h3><em>\"Le point culminant est notre service hebdomadaire le dimanche.<\/em><br \/>\n<em>La profondeur d'une mani\u00e8re attrayante et cr\u00e9ative\".<\/em><\/h3>\n<h2  data-animation-delay=\"0.0\" data-animation-duration=\"1\">\n\t\t\tCultes hebdomadaires\t<\/h2>\n\t<p>C'est ici que tout se passe : Nous nous rencontrons tous les dimanches \u00e0 10 heures en tant qu'\u00e9glise enti\u00e8re, nous rencontrons Dieu et nous nous r\u00e9jouissons ensemble de la vie. Tu es toujours le bienvenu pour assister \u00e0 l'un de nos services. Il n'y a rien \u00e0 faire - tu peux venir comme tu es. Nous nous r\u00e9jouissons de faire ta connaissance !<\/p>\n<h3  id=\"kids\" data-animation-delay=\"0\" data-animation-duration=\"1\">\n\t\t\tProgramme pour les enfants et les jeunes\t<\/h3>\n\t<h4>De 0 an \u00e0 la petite section de maternelle<\/h4>\n<p>Pour nos plus petits, nous proposons chaque fois pendant les messes une <a href=\"https:\/\/www.seetal-chile.ch\/fr\/aktivitaet\/kinderhuete\/\">Kinderh\u00fceti<\/a> \u00e0.<\/p>\n\t<h4>De la petite maternelle \u00e0 la 7e ann\u00e9e<\/h4>\n<p><a href=\"https:\/\/www.seetal-chile.ch\/fr\/aktivitaet\/glow-kigo\/\" target=\"_blank\" rel=\"noopener\">glow Kigo<\/a> est le service pour enfants de la seetal chile et s'adresse \u00e0 tous, de la petite maternelle \u00e0 la 5e ann\u00e9e. <a href=\"https:\/\/www.seetal-chile.ch\/fr\/aktivitaet\/glow-preteens\/\" target=\"_blank\" rel=\"noopener\">glow Preteens<\/a> est pour les 6e et 7e ann\u00e9es. Les deux ont \u00e9galement lieu parall\u00e8lement aux services dans la maison des jeunes.<\/p>\n\n\t<h4>A partir de la 8e ann\u00e9e<\/h4>\n<p>Les jeunes \u00e0 partir de la 8e ann\u00e9e sont les bienvenus \u00e0 nos services !<\/p>\n<h3  id=\"translation\" data-animation-delay=\"0\" data-animation-duration=\"1\">\n\t\t\tTraduction \/ Translation\t<\/h3>\n\t<p>Nos cultes sont originellement parl\u00e9s en dialecte. Mais tu as la possibilit\u00e9 de les \u00e9couter en direct dans une langue traduite. Pour cela, tu as seulement besoin de ton smartphone et d'\u00e9couteurs. Des personnes se tiennent volontiers \u00e0 ta disposition sur place pour t'instruire.<\/p>\nActuellement, nous proposons des traductions \u00e0 \u00e9couter dans les langues suivantes :<br \/>\n<img loading=\"lazy\" decoding=\"async\" title=\"Allemand\" src=\"https:\/\/www.seetal-chile.ch\/wp-content\/plugins\/translatepress-multilingual\/assets\/images\/flags\/de_DE.png\" alt=\"de_DE\" width=\"18\" height=\"12\" \/> Haut allemand\n<p>Tu trouveras plus d'informations ici :\u00a0<a href=\"http:\/\/translation.seetal-chile.ch\" target=\"_blank\" rel=\"noopener\">translation.seetal-chile.ch<\/a><\/p>\n<h2  data-animation-delay=\"0.0\" data-animation-duration=\"1\">\n\t\t\tCulte du soir\t<\/h2>\n\t<p>Une fois par mois, nous nous r\u00e9unissons en plus le soir pour un service \"simple et \u00e9mouvant\". Simple et \u00e9mouvant parce que ces services sont moins \u00e9labor\u00e9s mais plus personnels. Pour ce faire, des personnes de notre entourage racontent comment elles vivent Dieu dans leur vie quotidienne. Dans la partie de louange, nous prions volontiers pour des personnes individuelles, que ce soit pour la gu\u00e9rison ou pour une b\u00e9n\u00e9diction particuli\u00e8re. Les services du soir ne sont pas diffus\u00e9s en live streaming.<\/p>\n<h3  data-animation-delay=\"0.0\" data-animation-duration=\"1\">\n\t\t\tProchains rendez-vous\t<\/h3>\n\t<div class=\"ctc-calendar calendar-style-white calendar-hide-caption calendar-hide-information calendar-hide-note\"><div class=\"calendar-listview\">\r\n    <!-- SECTION.START #Appointments_98122a66-84b6-4f94-b971-be7b7147fc12 --><div class=\"calendar-listview-item\">\r\n        <div class=\"calendar-listview-date\">di. 26.04.2026 | 19:00 - 20:30 heures<\/div>\r\n        <div class=\"calendar-listview-caption\"><a target=\"_blank\" href=\"https:\/\/blog.seetal-chile.ch\/2026\/04\/05\/wenn-dienen-zur-staerke-wird\/\">Culte du soir<\/a><\/div>\r\n        <div class=\"calendar-listview-information\"><\/div>\r\n        <div class=\"calendar-listview-note\"><\/div>\r\n    <\/div><div class=\"calendar-listview-item\">\r\n        <div class=\"calendar-listview-date\">mar. 31.05.2026 | 19:00 - 20:30 heures<\/div>\r\n        <div class=\"calendar-listview-caption\"><a target=\"_blank\" href=\"https:\/\/www.seetal-chile.ch\/fr\/gottesdienste\/\">Culte du soir<\/a><\/div>\r\n        <div class=\"calendar-listview-information\"><\/div>\r\n        <div class=\"calendar-listview-note\"><\/div>\r\n    <\/div><div class=\"calendar-listview-item\">\r\n        <div class=\"calendar-listview-date\">di. 23.08.2026 | 19:00 - 20:30 heures<\/div>\r\n        <div class=\"calendar-listview-caption\"><a target=\"_blank\" href=\"https:\/\/www.seetal-chile.ch\/fr\/gottesdienste\/\">Culte du soir<\/a><\/div>\r\n        <div class=\"calendar-listview-information\"><\/div>\r\n        <div class=\"calendar-listview-note\"><\/div>\r\n    <\/div><div class=\"calendar-listview-item\">\r\n        <div class=\"calendar-listview-date\">di. 20.09.2026 | 19:00 - 20:30 heures<\/div>\r\n        <div class=\"calendar-listview-caption\"><a target=\"_blank\" href=\"https:\/\/www.seetal-chile.ch\/fr\/gottesdienste\/\">Culte du soir<\/a><\/div>\r\n        <div class=\"calendar-listview-information\"><\/div>\r\n        <div class=\"calendar-listview-note\"><\/div>\r\n    <\/div><div class=\"calendar-listview-item\">\r\n        <div class=\"calendar-listview-date\">mar. 25.10.2026 | 19:00 - 20:30 heures<\/div>\r\n        <div class=\"calendar-listview-caption\"><a target=\"_blank\" href=\"https:\/\/www.seetal-chile.ch\/fr\/gottesdienste\/\">Culte du soir<\/a><\/div>\r\n        <div class=\"calendar-listview-information\"><\/div>\r\n        <div class=\"calendar-listview-note\"><\/div>\r\n    <\/div><!-- SECTION.END #Appointments_98122a66-84b6-4f94-b971-be7b7147fc12 -->\r\n<\/div><\/div>\n<h3  id=\"jahresthema\" data-animation-delay=\"0.0\" data-animation-duration=\"1\">\n\t\t\tTh\u00e8me de l'ann\u00e9e 2026\t<\/h3>\n<h2  id=\"jahresthema\" data-animation-delay=\"0.0\" data-animation-duration=\"1\">\n\t\t\t\"Simple\". Silencieux. Pr\u00e9sent\".\t<\/h2>\n\t<p>Le th\u00e8me de l'ann\u00e9e 2026 est : \"Simple. Silencieux. Pr\u00e9sent\".<\/p>\n<p>Le verset biblique \u00e0 ce sujet est le suivant : \"Soyez tranquilles et sachez que je suis Dieu\". Psaume 46,11a<\/p>\n<p>In einer lauten und vollen Welt wollen wir gemeinsam neu lernen, was es heisst, einfach zu leben &#8211; nicht aus Verzicht, sondern aus Sehnsucht. Wir schaffen Raum &#8211; in unseren Herzen, in unserem Alltag, in unserer Kirche &#8211; damit Gottes Stimme h\u00f6rbar, seine Liebe sp\u00fcrbar und seine F\u00fchrung erkennbar wird.<\/p>\n<h3  id=\"jahresthema\" data-animation-delay=\"0.0\" data-animation-duration=\"1\">\n\t\t\tTeaser #1\t<\/h3>\n\t\t<iframe loading=\"lazy\" width=\"1056\" height=\"594\" src=\"https:\/\/www.youtube.com\/embed\/bxDGUxPLfLw\" title=\"\" frameborder=\"0\" allow=\"accelerometer; autoplay; clipboard-write; encrypted-media; gyroscope; picture-in-picture; web-share\" referrerpolicy=\"strict-origin-when-cross-origin\" allowfullscreen><\/iframe>\t\n<h3  id=\"jahresthema\" data-animation-delay=\"0.0\" data-animation-duration=\"1\">\n\t\t\tTeaser #2\t<\/h3>\n\t\t<iframe loading=\"lazy\" width=\"1092\" height=\"614\" src=\"https:\/\/www.youtube.com\/embed\/RPVvGp982zc\" title=\"\" frameborder=\"0\" allow=\"accelerometer; autoplay; clipboard-write; encrypted-media; gyroscope; picture-in-picture; web-share\" referrerpolicy=\"strict-origin-when-cross-origin\" allowfullscreen><\/iframe>\t\n<h2  data-animation-delay=\"0.0\" data-animation-duration=\"1\">\n\t\t\tDerniers sermons\t<\/h2>\n\t<div id=\"sc-wptools-node-7ab0bb56-b183-4de8-8e37-5d5b5d8a1dcd\" class=\"sc-wptools-show-posts\"><!-- SECTION.START #Type_aafbf51b-4c22-4044-a146-b5cc68645752 --><div class=\"sc-wptools-grid sc-wptools-show-posts-sermons\">\n    <div class=\"sc-wptools-items\">\n        <div class=\"row\">\n            <!-- SECTION.START #Items_321b9433-2956-4e98-8e37-bde90fa6ba68 --><div id=\"sc-wptools-item-1b7359f2-a2c2-40ce-bc3e-12d65d9d7417\" class=\"col-sm sc-wptools-item sc-wptools-item-1\">\n                <a class=\"stretched-link\" href=\"#\" onclick=\"sc_wptools_openDetail('7ab0bb56-b183-4de8-8e37-5d5b5d8a1dcd', '1b7359f2-a2c2-40ce-bc3e-12d65d9d7417', 'OwmWRBFgkDg');return false;\" target=\"_self\"><\/a>\n                <div class=\"sc-wptools-image-container\">\n                    <img decoding=\"async\" class=\"sc-wptools-item-image\" src=\"https:\/\/sermons.seetal-chile.ch\/wp-content\/uploads\/2025\/12\/Serie_Einfach-Leise-Gegenwaertig-scaled.jpg\" alt=\"Erwartungen vs. Er wartet\">\n                    <div class=\"sc-wptools-item-overlay\">\n                        <div class=\"sc-wptools-item-overlay-icon\">\n                            <i class=\"fas fa-play\" aria-hidden=\"true\"><\/i>\n                        <\/div>\n                    <\/div>\n                <\/div>\n                <div class=\"sc-wptools-content-wrap\">\n                    <h3 class=\"sc-wptools-item-title\">Attentes vs. Il attend<\/h3>\n                    <div class=\"sc-wptools-item-meta\">Cornelia Roth | 19.04.2026<\/div>\n                    <div class=\"sc-wptools-item-excerpt\">Nos actions sont motiv\u00e9es par des attentes. Mais pour J\u00e9sus, il est clair qu'une seule chose est vraiment importante : chercher sa proximit\u00e9. Il nous attend patiemment. Plus nous appr\u00e9cions sa pr\u00e9sence...<\/div>\n                    <div class=\"sc-wptools-item-detail-prepared\">\n                        <div class=\"row sc-wptools-detail-close-row\">\n                            <div class=\"col-md-12 sc-wptools-detail-close-col\">\n                                <a class=\"sc-wptools-detail-close\" href=\"#\" onclick=\"sc_wptools_closeDetail('7ab0bb56-b183-4de8-8e37-5d5b5d8a1dcd');return false;\" target=\"_self\">\u2715<\/a>\n                            <\/div>\n                        <\/div>\n                        <div class=\"sc-wptools-detail-container\">\n                            <div class=\"row justify-content-between\"> <div class=\"col-md-4 sc-wptools-item-detail-col\">\n                                                <div class=\"sc-wptools-detail-preheader\">Sermon du 19 avril 2026<\/div>\n                                                <h2 class=\"sc-wptools-detail-title\"> Attentes vs. Il attend<\/h2>\n                                                <div class=\"sc-wptools-detail-subtitle\">Facile \u00e0 utiliser. Silencieux. Pr\u00e9sent.<\/div>\n                                                <div class=\"sc-wptools-detail-author\">\n                                                    <img decoding=\"async\" class=\"sc-wptools-detail-author-image\" src=\"https:\/\/sermons.seetal-chile.ch\/wp-content\/uploads\/2023\/06\/Cornelia-Roth-300x300.jpg\" alt=\"Cornelia Roth\">\n                                                    <div class=\"sc-wptools-detail-author-details\">\n                                                        <div class=\"sc-wptools-detail-author-name\">Cornelia Roth<\/div>\n                                                        <div class=\"sc-wptools-detail-author-function\"><\/div>  \n                                                    <\/div>\n                                                <\/div>\n                                                <div class=\"sc-wptools-detail-excerpt\">Nos actions sont motiv\u00e9es par des attentes. Mais pour J\u00e9sus, il est clair qu'une seule chose est vraiment importante : chercher sa proximit\u00e9. Il nous attend patiemment. Plus nous appr\u00e9cions sa pr\u00e9sence...<\/div>\n                                                <a class=\"sc-wptools-button sc-wptools-detail-readmore\" href=\"https:\/\/sermons.seetal-chile.ch\/sermons\/erwartungen-vs-er-wartet\/\" target=\"_blank\">Lire la suite<\/a>\n                                            <\/div>\n                                            <div class=\"col-md-8 sc-wptools-item-detail-col sc-wptools-detail-video-container\"><\/div>\n                                         <\/div>\n                        <\/div>\n                    <\/div>\n                <\/div>\n            <\/div><div id=\"sc-wptools-item-e4553d59-fc61-4aa6-852f-bfd5d6e5a5fd\" class=\"col-sm sc-wptools-item sc-wptools-item-2\">\n                <a class=\"stretched-link\" href=\"#\" onclick=\"sc_wptools_openDetail('7ab0bb56-b183-4de8-8e37-5d5b5d8a1dcd', 'e4553d59-fc61-4aa6-852f-bfd5d6e5a5fd', '-ECxKuOnqbc');return false;\" target=\"_self\"><\/a>\n                <div class=\"sc-wptools-image-container\">\n                    <img decoding=\"async\" class=\"sc-wptools-item-image\" src=\"https:\/\/sermons.seetal-chile.ch\/wp-content\/uploads\/sermons\/2026\/04\/Thumbnails-YouTube-2026.png\" alt=\"Ein Rhythmus der Leben bringt\">\n                    <div class=\"sc-wptools-item-overlay\">\n                        <div class=\"sc-wptools-item-overlay-icon\">\n                            <i class=\"fas fa-play\" aria-hidden=\"true\"><\/i>\n                        <\/div>\n                    <\/div>\n                <\/div>\n                <div class=\"sc-wptools-content-wrap\">\n                    <h3 class=\"sc-wptools-item-title\">Un rythme qui apporte la vie<\/h3>\n                    <div class=\"sc-wptools-item-meta\">Daniel Bieri | 12.04.2026<\/div>\n                    <div class=\"sc-wptools-item-excerpt\">Dieu a inscrit sa cr\u00e9ation - y compris nous, les humains - dans un rythme. Si nous pr\u00eatons attention \u00e0 ces cycles, nous pouvons aider notre corps, notre m\u00e9moire, nos \u00e9motions et notre...<\/div>\n                    <div class=\"sc-wptools-item-detail-prepared\">\n                        <div class=\"row sc-wptools-detail-close-row\">\n                            <div class=\"col-md-12 sc-wptools-detail-close-col\">\n                                <a class=\"sc-wptools-detail-close\" href=\"#\" onclick=\"sc_wptools_closeDetail('7ab0bb56-b183-4de8-8e37-5d5b5d8a1dcd');return false;\" target=\"_self\">\u2715<\/a>\n                            <\/div>\n                        <\/div>\n                        <div class=\"sc-wptools-detail-container\">\n                            <div class=\"row justify-content-between\"> <div class=\"col-md-4 sc-wptools-item-detail-col\">\n                                                <div class=\"sc-wptools-detail-preheader\">Pr\u00e9dication du 12 avril 2026<\/div>\n                                                <h2 class=\"sc-wptools-detail-title\"> Un rythme qui apporte la vie<\/h2>\n                                                <div class=\"sc-wptools-detail-subtitle\">Facile \u00e0 utiliser. Silencieux. Pr\u00e9sent.<\/div>\n                                                <div class=\"sc-wptools-detail-author\">\n                                                    <img decoding=\"async\" class=\"sc-wptools-detail-author-image\" src=\"https:\/\/sermons.seetal-chile.ch\/wp-content\/uploads\/2021\/03\/daniel_bieri.jpg\" alt=\"Daniel Bieri\">\n                                                    <div class=\"sc-wptools-detail-author-details\">\n                                                        <div class=\"sc-wptools-detail-author-name\">Daniel Bieri<\/div>\n                                                        <div class=\"sc-wptools-detail-author-function\">Pr\u00e9dicateur invit\u00e9 dans la seetal chile<\/div>  \n                                                    <\/div>\n                                                <\/div>\n                                                <div class=\"sc-wptools-detail-excerpt\">Dieu a inscrit sa cr\u00e9ation - y compris nous, les humains - dans un rythme. Si nous pr\u00eatons attention \u00e0 ces cycles, nous pouvons aider notre corps, notre m\u00e9moire, nos \u00e9motions et notre...<\/div>\n                                                <a class=\"sc-wptools-button sc-wptools-detail-readmore\" href=\"https:\/\/sermons.seetal-chile.ch\/sermons\/ein-rhythmus-der-leben-bringt\/\" target=\"_blank\">Lire la suite<\/a>\n                                            <\/div>\n                                            <div class=\"col-md-8 sc-wptools-item-detail-col sc-wptools-detail-video-container\"><\/div>\n                                         <\/div>\n                        <\/div>\n                    <\/div>\n                <\/div>\n            <\/div><div id=\"sc-wptools-item-30540ff4-012d-4c26-b87d-5e26d86b7139\" class=\"col-sm sc-wptools-item sc-wptools-item-3\">\n                <a class=\"stretched-link\" href=\"#\" onclick=\"sc_wptools_openDetail('7ab0bb56-b183-4de8-8e37-5d5b5d8a1dcd', '30540ff4-012d-4c26-b87d-5e26d86b7139', 'or6ugQHAxyE');return false;\" target=\"_self\"><\/a>\n                <div class=\"sc-wptools-image-container\">\n                    <img decoding=\"async\" class=\"sc-wptools-item-image\" src=\"https:\/\/sermons.seetal-chile.ch\/wp-content\/uploads\/sermons\/2026\/04\/260403_TN-YouTube.png\" alt=\"Das Kreuz \u2013 was es f\u00fcr uns bedeutet\">\n                    <div class=\"sc-wptools-item-overlay\">\n                        <div class=\"sc-wptools-item-overlay-icon\">\n                            <i class=\"fas fa-play\" aria-hidden=\"true\"><\/i>\n                        <\/div>\n                    <\/div>\n                <\/div>\n                <div class=\"sc-wptools-content-wrap\">\n                    <h3 class=\"sc-wptools-item-title\">La croix - ce qu'elle signifie pour nous<\/h3>\n                    <div class=\"sc-wptools-item-meta\">Matthias Altwegg | 03.04.2026<\/div>\n                    <div class=\"sc-wptools-item-excerpt\">Vendredi saint r\u00e9v\u00e8le la croix de J\u00e9sus comme le lieu de la victoire d\u00e9cisive : la faute est pardonn\u00e9e, l'homme est d\u00e9clar\u00e9 juste, r\u00e9concili\u00e9 avec Dieu et accueilli dans sa famille. La mort perd son pouvoir,...<\/div>\n                    <div class=\"sc-wptools-item-detail-prepared\">\n                        <div class=\"row sc-wptools-detail-close-row\">\n                            <div class=\"col-md-12 sc-wptools-detail-close-col\">\n                                <a class=\"sc-wptools-detail-close\" href=\"#\" onclick=\"sc_wptools_closeDetail('7ab0bb56-b183-4de8-8e37-5d5b5d8a1dcd');return false;\" target=\"_self\">\u2715<\/a>\n                            <\/div>\n                        <\/div>\n                        <div class=\"sc-wptools-detail-container\">\n                            <div class=\"row justify-content-between\"> <div class=\"col-md-4 sc-wptools-item-detail-col\">\n                                                <div class=\"sc-wptools-detail-preheader\">Sermon du 03.04.2026<\/div>\n                                                <h2 class=\"sc-wptools-detail-title\"> La croix - ce qu'elle signifie pour nous<\/h2>\n                                                <div class=\"sc-wptools-detail-subtitle\">Facile \u00e0 utiliser. Silencieux. Pr\u00e9sent.<\/div>\n                                                <div class=\"sc-wptools-detail-author\">\n                                                    <img decoding=\"async\" class=\"sc-wptools-detail-author-image\" src=\"https:\/\/sermons.seetal-chile.ch\/wp-content\/uploads\/2018\/10\/Redner_Matthias_Altwegg-300x300.jpg\" alt=\"Matthias Altwegg\">\n                                                    <div class=\"sc-wptools-detail-author-details\">\n                                                        <div class=\"sc-wptools-detail-author-name\">Matthias Altwegg<\/div>\n                                                        <div class=\"sc-wptools-detail-author-function\">Pasteur de la seetal chile<\/div>  \n                                                    <\/div>\n                                                <\/div>\n                                                <div class=\"sc-wptools-detail-excerpt\">Vendredi saint r\u00e9v\u00e8le la croix de J\u00e9sus comme le lieu de la victoire d\u00e9cisive : la faute est pardonn\u00e9e, l'homme est d\u00e9clar\u00e9 juste, r\u00e9concili\u00e9 avec Dieu et accueilli dans sa famille. La mort perd son pouvoir,...<\/div>\n                                                <a class=\"sc-wptools-button sc-wptools-detail-readmore\" href=\"https:\/\/sermons.seetal-chile.ch\/sermons\/das-kreuz-was-es-fuer-uns-bedeutet\/\" target=\"_blank\">Lire la suite<\/a>\n                                            <\/div>\n                                            <div class=\"col-md-8 sc-wptools-item-detail-col sc-wptools-detail-video-container\"><\/div>\n                                         <\/div>\n                        <\/div>\n                    <\/div>\n                <\/div>\n            <\/div><!-- SECTION.END #Items_321b9433-2956-4e98-8e37-bde90fa6ba68 -->\n        <\/div>\n    <\/div>\n    <div class=\"sc-wptools-visible-container\">\n        <div class=\"sc-wptools-item-detail-view\"><\/div>\n    <\/div>\n<\/div><!-- SECTION.END #Type_aafbf51b-4c22-4044-a146-b5cc68645752 --><\/div>\n\t\t\t<a href=\"https:\/\/sermons.seetal-chile.ch\" target=\"_blank\" rel=\"noopener\">\n\t\t\t\t\t\t\tToutes les pr\u00e9dications\n\t\t\t\t\t<\/a>\n<h2  id=\"jahresthema\" data-animation-delay=\"0.0\" data-animation-duration=\"1\">\n\t\t\tLivestream\t<\/h2>\n\t<p>Tous nos services peuvent \u00e9galement \u00eatre suivis en live streaming. Nous voulons ainsi offrir au plus grand nombre de personnes possible la possibilit\u00e9 d'entrer en contact avec la bonne nouvelle de J\u00e9sus-Christ.<\/p>\n<p>Passe donc nous voir !<\/p>\n<p>Tous les dimanches \u00e0 10h sur <a href=\"https:\/\/live.seetal-chile.ch\" target=\"_blank\" rel=\"noopener\">live.seetal-chile.ch<\/a>\u00a0ou sur notre <a href=\"https:\/\/www.youtube.com\/channel\/UCirTtJDhtcnRkxNfczJ1IFQ\" target=\"_blank\" rel=\"noopener\">Cha\u00eene YouTube<\/a>.<\/p>\n<h2  data-animation-delay=\"0.0\" data-animation-duration=\"1\">\n\t\t\tApprends ce qui est important !\t<\/h2>\n<h4  data-animation-delay=\"0.0\" data-animation-duration=\"1\">\n\t\t\tInscris-toi maintenant \u00e0 la newsletter hebdomadaire.\t<\/h4>\n\t\t\t<a href=\"#\" role=\"button\">\n\t\t\t\t\t\t\tInscris-toi maintenant\n\t\t\t\t\t<\/a>\n\t\t\t<iframe class=\"sc-form\" allowtransparency=\"true\" src=\"https:\/\/forms.seetal-chile.ch\/form\/?formkey=n49cg&formtitle=Anmeldung+Newsletter\" frameborder=\"0\" allowfullscreen=\"\" style=\"width: 100%; min-height: 100%;\"><\/iframe>","protected":false},"excerpt":{"rendered":"<p>Nos cultes Prochain culte du matin Prochain culte du soir \"Le point culminant est notre culte hebdomadaire du dimanche. De la profondeur d'une mani\u00e8re attrayante et cr\u00e9ative\". Cultes hebdomadaires C'est ici que tous les fils se rejoignent : Nous nous retrouvons tous les dimanches \u00e0 10h00 en tant qu'\u00e9glise enti\u00e8re, nous rencontrons Dieu et nous nous r\u00e9jouissons ensemble de la vie. Tu es toujours le bienvenu pour participer \u00e0...<\/p>","protected":false},"author":1,"featured_media":0,"parent":0,"menu_order":11,"comment_status":"closed","ping_status":"closed","template":"","meta":{"_acf_changed":false,"footnotes":""},"class_list":["post-166","page","type-page","status-publish","hentry"],"acf":[],"_links":{"self":[{"href":"https:\/\/www.seetal-chile.ch\/fr\/wp-json\/wp\/v2\/pages\/166","targetHints":{"allow":["GET"]}}],"collection":[{"href":"https:\/\/www.seetal-chile.ch\/fr\/wp-json\/wp\/v2\/pages"}],"about":[{"href":"https:\/\/www.seetal-chile.ch\/fr\/wp-json\/wp\/v2\/types\/page"}],"author":[{"embeddable":true,"href":"https:\/\/www.seetal-chile.ch\/fr\/wp-json\/wp\/v2\/users\/1"}],"replies":[{"embeddable":true,"href":"https:\/\/www.seetal-chile.ch\/fr\/wp-json\/wp\/v2\/comments?post=166"}],"version-history":[{"count":20,"href":"https:\/\/www.seetal-chile.ch\/fr\/wp-json\/wp\/v2\/pages\/166\/revisions"}],"predecessor-version":[{"id":7458,"href":"https:\/\/www.seetal-chile.ch\/fr\/wp-json\/wp\/v2\/pages\/166\/revisions\/7458"}],"wp:attachment":[{"href":"https:\/\/www.seetal-chile.ch\/fr\/wp-json\/wp\/v2\/media?parent=166"}],"curies":[{"name":"wp","href":"https:\/\/api.w.org\/{rel}","templated":true}]}}