{"id":182,"date":"2018-06-29T17:28:47","date_gmt":"2018-06-29T15:28:47","guid":{"rendered":"https:\/\/www.seetal-chile.ch\/?page_id=182"},"modified":"2026-03-09T10:54:07","modified_gmt":"2026-03-09T09:54:07","slug":"ueber-uns","status":"publish","type":"page","link":"https:\/\/www.seetal-chile.ch\/fr\/ueber-uns\/","title":{"rendered":"\u00c0 propos de nous"},"content":{"rendered":"<h1>\n\t\t\tApprends \u00e0 nous conna\u00eetre\t<\/h1>\n\t<p><a href=\"https:\/\/www.google.com\/maps\/place\/seetal+chile\/@47.343037,8.1574763,17z\/data=!3m1!4b1!4m5!3m4!1s0x479017c5215ea8bf:0x18ad334604e663cf!8m2!3d47.343037!4d8.159665\" target=\"_blank\" rel=\"noopener\">Chrischonaweg 2, CH-5703 Seon<\/a><\/p>\n\t<p><a href=\"mailto:info@seetal-chile.ch\">info@seetal-chile.ch<\/a><\/p>\n\t<p><a href=\"tel:+41625520700\">+41 (0)62 552 07 00<\/a><\/p>\n<h2  data-animation-delay=\"0.0\" data-animation-duration=\"1\">\n\t\t\tNouveau ici ?\t<\/h2>\n\t<p>Nous voulons que tu te sentes \u00e0 l'aise et que tu trouves tes rep\u00e8res le plus rapidement possible. Pour y parvenir, nous nous pr\u00e9sentons bri\u00e8vement ici.<\/p>\n<p>Nous aimerions aussi faire ta connaissance. Nous nous en r\u00e9jouissons !<\/p>\n\t\t\t<a href=\"https:\/\/www.seetal-chile.ch\/fr\/aktivitaeten\/\" target=\"_self\">\n\t\t\t\t\t\t\tNos activit\u00e9s\n\t\t\t\t\t<\/a>\n<h2  id=\"wwglauben\" data-animation-delay=\"0.0\" data-animation-duration=\"1\">\n\t\t\tCe que nous croyons\t<\/h2>\n\t<p>Nous croyons que chacun peut vivre une relation personnelle avec le Dieu vivant gr\u00e2ce \u00e0 J\u00e9sus-Christ. Cette relation est le sens de la vie - en elle, nous faisons l'exp\u00e9rience de la paix int\u00e9rieure et de beaucoup de joie.<\/p>\n<h2  id=\"auftrag\" data-animation-delay=\"0.0\" data-animation-duration=\"1\">\n\t\t\tNotre mission\t<\/h2>\n\t<p><strong>Collection<\/strong>: La seetal chile veut \u00eatre un endroit o\u00f9 les gens aiment venir et trouver un espace de vie o\u00f9 ils font l'exp\u00e9rience de l'acceptation, de l'espace et de la libert\u00e9.<\/p>\n<p><strong>Renforcement<\/strong>seetal chile : Les personnes doivent \u00eatre mises en contact avec le Dieu vivant. Gr\u00e2ce \u00e0 lui, ils sont encourag\u00e9s et fortifi\u00e9s.<\/p>\n<p><strong>Envoi<\/strong>La vie r\u00e9elle ne se d\u00e9roule pas le dimanche, mais du lundi au vendredi. En seetal chile, les personnes doivent \u00eatre \u00e9quip\u00e9es et envoy\u00e9es consciemment pour leur vie quotidienne.<\/p>\n\t\t\t\t\t\t\t\t\t<img loading=\"lazy\" decoding=\"async\" src=\"https:\/\/www.seetal-chile.ch\/wp-content\/uploads\/2023\/04\/vision_seetal_chile_4K-scaled.jpg\" alt=\"Visionsbild seetal chile\" itemprop=\"image\" height=\"1440\" width=\"2560\" srcset=\"https:\/\/www.seetal-chile.ch\/wp-content\/uploads\/2023\/04\/vision_seetal_chile_4K-scaled.jpg 2560w, https:\/\/www.seetal-chile.ch\/wp-content\/uploads\/2023\/04\/vision_seetal_chile_4K-300x169.jpg 300w, https:\/\/www.seetal-chile.ch\/wp-content\/uploads\/2023\/04\/vision_seetal_chile_4K-2000x1125.jpg 2000w, https:\/\/www.seetal-chile.ch\/wp-content\/uploads\/2023\/04\/vision_seetal_chile_4K-768x432.jpg 768w, https:\/\/www.seetal-chile.ch\/wp-content\/uploads\/2023\/04\/vision_seetal_chile_4K-1536x864.jpg 1536w, https:\/\/www.seetal-chile.ch\/wp-content\/uploads\/2023\/04\/vision_seetal_chile_4K-2048x1152.jpg 2048w, https:\/\/www.seetal-chile.ch\/wp-content\/uploads\/2023\/04\/vision_seetal_chile_4K-18x10.jpg 18w, https:\/\/www.seetal-chile.ch\/wp-content\/uploads\/2023\/04\/vision_seetal_chile_4K-600x338.jpg 600w, https:\/\/www.seetal-chile.ch\/wp-content\/uploads\/2023\/04\/vision_seetal_chile_4K-900x506.jpg 900w, https:\/\/www.seetal-chile.ch\/wp-content\/uploads\/2023\/04\/vision_seetal_chile_4K-1200x675.jpg 1200w\" sizes=\"auto, (max-width: 2560px) 100vw, 2560px\" title=\"Image de vision seetal chile\" onerror=\"this.style.display='none'\"  \/>\n<h2  data-animation-delay=\"0.0\" data-animation-duration=\"1\">\n\t\t\tNotre vision\t<\/h2>\n\t\t\t\t\t<a href=\"#\"  id=\"fl-accordion--label-0\" tabindex=\"0\" aria-controls=\"fl-accordion--panel-0\">Notre souhait est de faire en sorte que la seetal chile ressemble \u00e0 un village. C'est avec plaisir que nous te le pr\u00e9senterons :<\/a>\n\t\t\t\t\t\t\t\t\t\t\t<a href=\"#\" id=\"fl-accordion--icon-0\"  tabindex=\"0\"><i title=\"D\u00e9veloppe\">D\u00e9veloppe<\/i><\/a>\n\t\t\t\t\tNous y arrivons par un r\u00e9seau routier qui relie de nombreuses communes. D\u00e8s la sortie du village, nous sommes accueillis chaleureusement et une chose devient vite claire : ce village combine le pouls de la vie avec une tranquillit\u00e9 idyllique. Nous arrivons facilement au centre - juste \u00e0 c\u00f4t\u00e9 de la place des g\u00e9n\u00e9rations. Au milieu, une fontaine clapote paisiblement et nous buvons une gorg\u00e9e de son eau rafra\u00eechissante. Elle est une image de J\u00e9sus-Christ qui nous offre de l'eau vivante. La place des g\u00e9n\u00e9rations montre que nous sommes ouverts \u00e0 toutes les g\u00e9n\u00e9rations et que nous gardons toujours \u00e0 l'esprit la g\u00e9n\u00e9ration qui nous suit. Au centre se trouve notre salle de f\u00eate aux portes ouvertes, qui donne un cadre aux cultes. Si nous passons devant elle, nous croisons de nombreux autres b\u00e2timents. Elles sont toutes bien reli\u00e9es entre elles et forment diff\u00e9rents groupes. Partout, nous rencontrons des gens qui donnent vie au village. Certains discutent, d'autres jouent et l'un d'entre eux tond la pelouse - car la collaboration est tr\u00e8s importante et encourag\u00e9e dans notre village. Soudain, nous nous trouvons devant un panneau \"terrain \u00e0 b\u00e2tir \u00e0 vendre\" - un signe que nous voulons nous d\u00e9velopper en permanence et que nous accueillons chaleureusement les nouveaux habitants du village.<br \/>\nMais notre village n'est pas isol\u00e9 et cloisonn\u00e9. Au contraire, il y a un \u00e9change actif avec les habitants de l'ext\u00e9rieur de seetal chile. D'une part, la maison communale exprime notre lien avec les communes politiques de la Basse Vall\u00e9e du Lac. D'autre part, \u00e0 la p\u00e9riph\u00e9rie du village, on trouve aussi le monde du travail et une maison qui repr\u00e9sente l'\u00e9ducation. Cela montre que les villageois se trouvent aussi ailleurs. Nous souhaitons que notre vie de village ait un impact positif sur les domaines de la politique, de l'\u00e9conomie et de l'\u00e9ducation. Le centre de recyclage se trouve \u00e9galement \u00e0 la p\u00e9riph\u00e9rie de notre village, ce qui montre clairement que nous osons parfois de nouvelles choses, que nous laissons l'ancien derri\u00e8re nous et que nous voulons toujours entreprendre de nouvelles choses - en tant qu'\u00e9glise et en tant qu'individu.\n<h2  id=\"ort\" data-animation-delay=\"0.0\" data-animation-duration=\"1\">\n\t\t\tSite\t<\/h2>\n\t<p>Le terrain de seetal chile se trouve pr\u00e8s du centre du village de Seon, au Chrischonaweg 2. Nous sommes donc parfaitement accessibles depuis toutes les directions.<\/p>\n\t<p>Nous avons des places de parking gratuites pour les voitures, les v\u00e9los et les motos. L'acc\u00e8s se fait par la route circulaire.<\/p>\n\t<p>Notre nouveau centre est en place depuis le d\u00e9but de l'ann\u00e9e 2014 et offre suffisamment de place pour nos services religieux et autres grands \u00e9v\u00e9nements. L'infrastructure et l'environnement spacieux invitent, avec leurs accents modernes, \u00e0 passer du temps ensemble et \u00e0 en profiter.<\/p>\n\t<p>Tu peux nous rejoindre sans probl\u00e8me avec les transports publics : le trajet depuis la gare est d'environ 7 minutes \u00e0 pied.<\/p>\n\t<p>Notre maison des jeunes est au centre des pr\u00e9occupations de nos enfants et adolescents. L'installation multifonctionnelle sert \u00e0 une utilisation polyvalente pour les services pour enfants, les groupes de jeunes, les cours, etc. L'aire de jeux adjacente garantit aux enfants suffisamment de plaisir \u00e0 l'ext\u00e9rieur.<\/p>\n<h2>\n\t\t\tLes vrais leaders ne cr\u00e9ent pas de successeurs, ils cr\u00e9ent d'autres leaders.\t<\/h2>\n\t<p>Matthias Altwegg<\/p>\n<h2  data-animation-delay=\"0.0\" data-animation-duration=\"1\">\n\t\t\tDirection\t<\/h2>\n\t<p>La direction de la seetal chile s'organise en diff\u00e9rents domaines de responsabilit\u00e9 et met tout en \u0153uvre pour que tu te sentes bien chez nous.<\/p>\n<h3  data-animation-delay=\"0.0\" data-animation-duration=\"1\">\n\t\t\tNotre \u00e9quipe\t<\/h3>\n\t\t\t\t\t\t\t\t\t<img loading=\"lazy\" decoding=\"async\" src=\"https:\/\/www.seetal-chile.ch\/wp-content\/uploads\/bb-plugin\/cache\/Mitarbeiter_Matthias-Altwegg_V1-scaled-circle.jpg\" alt=\"Mitarbeiter Matthias Altwegg\" itemprop=\"image\" height=\"2560\" width=\"2560\" title=\"Collaborateur Matthias Altwegg\" onerror=\"this.style.display='none'\"  \/>\n<h3  data-animation-delay=\"0.0\" data-animation-duration=\"1\">\n\t\t\tMatthias Altwegg\t<\/h3>\n\tPasteur<br \/>\nUne direction visionnaire\n\t<a href=\"mailto:matthias.altwegg@seetal-chile.ch\">matthias.altwegg@seetal-chile.ch<\/a><br \/>\n<a href=\"tel:+41625520700\">062 552 07 00<\/a>\n\t\t\t\t\t\t\t\t\t<img loading=\"lazy\" decoding=\"async\" src=\"https:\/\/www.seetal-chile.ch\/wp-content\/uploads\/bb-plugin\/cache\/cedric_bruegger-circle.jpg\" alt=\"C\u00e9dric Br\u00fcgger\" itemprop=\"image\" height=\"2000\" width=\"2000\" title=\"Collaborateur C\u00e9dric Br\u00fcgger\" onerror=\"this.style.display='none'\"  \/>\n<h3  data-animation-delay=\"0.1\" data-animation-duration=\"1\">\n\t\t\tC\u00e9dric Br\u00fcgger\t<\/h3>\n\tPasteur<br \/>\nUne direction visionnaire\n\t<a href=\"mailto:cedric.bruegger@seetal-chile.ch\">cedric.bruegger@seetal-chile.ch<\/a><br \/>\n<a href=\"tel:+41625520702\">062 552 07 02<\/a>\n\t\t\t\t\t\t\t\t\t<img loading=\"lazy\" decoding=\"async\" src=\"https:\/\/www.seetal-chile.ch\/wp-content\/uploads\/bb-plugin\/cache\/Mitarbeiter_Jonas_Hauser-circle.jpg\" alt=\"Mitarbeiter_Jonas_Hauser\" itemprop=\"image\" height=\"1000\" width=\"1000\" title=\"Collaborateur_Jonas_Hauser\" onerror=\"this.style.display='none'\"  \/>\n<h3  data-animation-delay=\"0.0\" data-animation-duration=\"1\">\n\t\t\tJonas Hauser\t<\/h3>\n\t<p>Pasteur des jeunes<\/p>\n\t<a href=\"mailto:jonas.hauser@seetal-chile.ch\">jonas.hauser@seetal-chile.ch<\/a><br \/>\n<a href=\"tel:+41625520702\">062 552 07 02<\/a>\n\t\t\t\t\t\t\t\t\t<img loading=\"lazy\" decoding=\"async\" src=\"https:\/\/www.seetal-chile.ch\/wp-content\/uploads\/bb-plugin\/cache\/Mitarbeiter_Simon-Wick_V1-scaled-circle.jpg\" alt=\"Mitarbeiter Simon Wick\" itemprop=\"image\" height=\"2560\" width=\"2560\" title=\"Collaborateur Simon Wick\" onerror=\"this.style.display='none'\"  \/>\n<h3  data-animation-delay=\"0.2\" data-animation-duration=\"1\">\n\t\t\tSimon Wick\t<\/h3>\n\tServices IT et technique \u00e9v\u00e9nementielle<br \/>\nUne direction visionnaire\n\t<a href=\"mailto:simon.wick@seetal-chile.ch\">simon.wick@seetal-chile.ch<\/a><br \/>\n<a href=\"tel:+41625520700\">062 552 07 00<\/a>\n\t\t\t\t\t\t\t\t\t<img loading=\"lazy\" decoding=\"async\" src=\"https:\/\/www.seetal-chile.ch\/wp-content\/uploads\/bb-plugin\/cache\/Mitarbeiter_Deborah_Schreiber-circle.jpg\" alt=\"Mitarbeiterin Deborah Schreiber\" itemprop=\"image\" height=\"1000\" width=\"1000\" title=\"Collaboratrice Deborah Schreiber\" onerror=\"this.style.display='none'\"  \/>\n<h3  data-animation-delay=\"0.1\" data-animation-duration=\"1\">\n\t\t\tDeborah Schreiber\t<\/h3>\n\t<p>Secteur enfants<\/p>\n\t<a href=\"mailto:deborah.schreiber@seetal-chile.ch\">deborah.schreiber@seetal-chile.ch<\/a><br \/>\n<a href=\"tel:+41625520702\">062 552 07 02<\/a>\n\t\t\t\t\t\t\t\t\t<img loading=\"lazy\" decoding=\"async\" src=\"https:\/\/www.seetal-chile.ch\/wp-content\/uploads\/bb-plugin\/cache\/Mitarbeiter_Yanick-Altwegg_V1-scaled-circle.jpg\" alt=\"Mitarbeiter Yanick Altwegg\" itemprop=\"image\" height=\"2560\" width=\"2560\" title=\"Collaborateur Yanick Altwegg\" onerror=\"this.style.display='none'\"  \/>\n<h3  data-animation-delay=\"0.0\" data-animation-duration=\"1\">\n\t\t\tYanick Altwegg\t<\/h3>\n\t<p>Section multim\u00e9dia<\/p>\n\t<a href=\"mailto:yanick.altwegg@seetal-chile.ch\">yanick.altwegg@seetal-chile.ch<\/a><br \/>\n<a href=\"tel:+41625520700\">062 552 07 00<\/a>\n\t\t\t\t\t\t\t\t\t<img loading=\"lazy\" decoding=\"async\" src=\"https:\/\/www.seetal-chile.ch\/wp-content\/uploads\/bb-plugin\/cache\/Portrait_Silas_Burgherr-circle.png\" alt=\"Portrait_Silas_Burgherr\" itemprop=\"image\" height=\"1080\" width=\"1080\" title=\"Portrait_Silas_Burgherr\" onerror=\"this.style.display='none'\"  \/>\n<h3  data-animation-delay=\"0.0\" data-animation-duration=\"1\">\n\t\t\tSilas Burgherr\t<\/h3>\n\t<p>Secteur musique<\/p>\n\t<a href=\"mailto:silas.burgherr@seetal-chile.ch\">silas.burgherr@seetal-chile.ch<\/a><br \/>\n<a href=\"tel:+41625520700\">062 552 07 00<\/a>\n<h3  data-animation-delay=\"0.0\" data-animation-duration=\"1\">\n\t\t\tUne direction visionnaire\t<\/h3>\n\t\t\t\t\t\t\t\t\t<img loading=\"lazy\" decoding=\"async\" src=\"https:\/\/www.seetal-chile.ch\/wp-content\/uploads\/bb-plugin\/cache\/GL_Andrea-Werder-circle.jpg\" alt=\"Andrea Werder\" itemprop=\"image\" height=\"1890\" width=\"1892\" title=\"Collaboratrice Andrea Werder\" onerror=\"this.style.display='none'\"  \/>\n<h3  data-animation-delay=\"0.0\" data-animation-duration=\"1\">\n\t\t\tAndrea Werder\t<\/h3>\n\t<p><a href=\"mailto:andrea.werder@seetal-chile.ch\">andrea.werder@seetal-chile.ch<\/a><\/p>\n\t\t\t\t\t\t\t\t\t<img loading=\"lazy\" decoding=\"async\" src=\"https:\/\/www.seetal-chile.ch\/wp-content\/uploads\/bb-plugin\/cache\/Mitarbeiter_Mirjam-Sigg_V1-scaled-circle.jpg\" alt=\"Mitarbeiterin Mirjam Sigg\" itemprop=\"image\" height=\"2560\" width=\"2560\" title=\"Collaboratrice Mirjam Sigg\" onerror=\"this.style.display='none'\"  \/>\n<h3  data-animation-delay=\"0.4\" data-animation-duration=\"1\">\n\t\t\tMirjam Sigg\t<\/h3>\n\t<p><a href=\"mailto:mirjam.sigg@seetal-chile.ch\">mirjam.sigg@seetal-chile.ch<\/a><\/p>\n\t\t\t\t\t\t\t\t\t<img decoding=\"async\" src=\"https:\/\/www.seetal-chile.ch\/wp-content\/uploads\/bb-plugin\/cache\/Mitarbeiter_Alain_Remund-circle.jpg\" alt=\"Mitarbeiter Alain Remund\" itemprop=\"image\" title=\"Collaborateur Alain Remund\" onerror=\"this.style.display='none'\"  \/>\n<h3  data-animation-delay=\"0.3\" data-animation-duration=\"1\">\n\t\t\tAlain Remund\t<\/h3>\n\t<p><a href=\"mailto:alain.remund@seetal-chile.ch\">alain.remund@seetal-chile.ch<\/a><\/p>\n\t\t\t\t\t\t\t\t\t<img loading=\"lazy\" decoding=\"async\" src=\"https:\/\/www.seetal-chile.ch\/wp-content\/uploads\/bb-plugin\/cache\/Daniel_Rueegger-scaled-circle.jpg\" alt=\"Daniel R\u00fcegger\" itemprop=\"image\" height=\"2560\" width=\"2560\" title=\"Collaborateur Daniel R\u00fcegger\" onerror=\"this.style.display='none'\"  \/>\n<h3  data-animation-delay=\"0.1\" data-animation-duration=\"1\">\n\t\t\tDaniel R\u00fcegger\t<\/h3>\n\t<p><a href=\"mailto:daniel.rueegger@seetal-chile.ch\">daniel.rueegger@seetal-chile.ch<\/a><\/p>\n<h2  data-animation-delay=\"0.0\" data-animation-duration=\"1\">\n\t\t\tApprends ce qui est important !\t<\/h2>\n<h4  data-animation-delay=\"0.0\" data-animation-duration=\"1\">\n\t\t\tInscris-toi maintenant \u00e0 la newsletter hebdomadaire.\t<\/h4>\n\t\t\t<a href=\"#\" role=\"button\">\n\t\t\t\t\t\t\tInscris-toi maintenant\n\t\t\t\t\t<\/a>\n\t\t\t<iframe class=\"sc-form\" allowtransparency=\"true\" src=\"https:\/\/forms.seetal-chile.ch\/form\/?formkey=n49cg&formtitle=Anmeldung+Newsletter\" frameborder=\"0\" allowfullscreen=\"\" style=\"width: 100%; min-height: 100%;\"><\/iframe>","protected":false},"excerpt":{"rendered":"<p>Lerne uns kennen Chrischonaweg 2, CH-5703 Seon info@seetal-chile.ch +41 (0)62 552 07 00 Neu hier? Es ist unser Anliegen, dass du dich bei uns m\u00f6glichst schnell zurechtfindest und dich wohl f\u00fchlst. Damit das gelingt, stellen wir uns hier kurz vor. Gerne w\u00fcrden wir auch dich kennenlernen. Wir freuen uns! Unsere Aktivit\u00e4ten Was wir glauben Wir&hellip;<\/p>","protected":false},"author":1,"featured_media":0,"parent":0,"menu_order":10,"comment_status":"closed","ping_status":"closed","template":"","meta":{"_acf_changed":false,"footnotes":""},"class_list":["post-182","page","type-page","status-publish","hentry"],"acf":[],"_links":{"self":[{"href":"https:\/\/www.seetal-chile.ch\/fr\/wp-json\/wp\/v2\/pages\/182","targetHints":{"allow":["GET"]}}],"collection":[{"href":"https:\/\/www.seetal-chile.ch\/fr\/wp-json\/wp\/v2\/pages"}],"about":[{"href":"https:\/\/www.seetal-chile.ch\/fr\/wp-json\/wp\/v2\/types\/page"}],"author":[{"embeddable":true,"href":"https:\/\/www.seetal-chile.ch\/fr\/wp-json\/wp\/v2\/users\/1"}],"replies":[{"embeddable":true,"href":"https:\/\/www.seetal-chile.ch\/fr\/wp-json\/wp\/v2\/comments?post=182"}],"version-history":[{"count":24,"href":"https:\/\/www.seetal-chile.ch\/fr\/wp-json\/wp\/v2\/pages\/182\/revisions"}],"predecessor-version":[{"id":7464,"href":"https:\/\/www.seetal-chile.ch\/fr\/wp-json\/wp\/v2\/pages\/182\/revisions\/7464"}],"wp:attachment":[{"href":"https:\/\/www.seetal-chile.ch\/fr\/wp-json\/wp\/v2\/media?parent=182"}],"curies":[{"name":"wp","href":"https:\/\/api.w.org\/{rel}","templated":true}]}}