{"id":214,"date":"2018-07-05T13:41:29","date_gmt":"2018-07-05T11:41:29","guid":{"rendered":"https:\/\/www.seetal-chile.ch\/?page_id=214"},"modified":"2026-02-02T15:09:45","modified_gmt":"2026-02-02T14:09:45","slug":"teil-werden","status":"publish","type":"page","link":"https:\/\/www.seetal-chile.ch\/fr\/teil-werden\/","title":{"rendered":"Devenir une partie"},"content":{"rendered":"<h1>\n\t\t\tParticiper est facile chez nous\t<\/h1>\n<h2  id=\"19h_gd\" data-animation-delay=\"0.0\" data-animation-duration=\"1\">\n\t\t\tOccasion de faire connaissance\t<\/h2>\n\t<p>Autour de snacks et de boissons, tu fais connaissance avec la seetal chile. La direction de l'\u00e9glise et l'\u00e9quipe des employ\u00e9s se pr\u00e9senteront et donneront un aper\u00e7u complet de notre culture et de nos structures. Tu auras \u00e9galement la possibilit\u00e9 de poser toutes tes questions.<\/p>\n\t\t\t<a href=\"#\" role=\"button\">\n\t\t\t\t\t\t\tJe suis int\u00e9ress\u00e9(e)\n\t\t\t\t\t<\/a>\n\t\t\t<iframe class=\"sc-form\" allowtransparency=\"true\" src=\"https:\/\/forms.seetal-chile.ch\/form\/?formkey=u4qax&formtitle=Infoveranstaltung\" frameborder=\"0\" allowfullscreen=\"\" style=\"width: 100%; min-height: 100%;\"><\/iframe>\t\t\n<h3>\n\t\t\tProchains rendez-vous\t<\/h3>\n\t<div class=\"ctc-calendar\"><div class=\"calendar-listview\">\r\n    <!-- SECTION.START #Appointments_5c4b0d15-8768-4198-891e-db0c263243b5 --><div class=\"calendar-listview-item\">\r\n        <div class=\"calendar-listview-date\">ve. 29.05.2026 | 19:30 - 21:30 heures<\/div>\r\n        <div class=\"calendar-listview-caption\"><a target=\"_blank\" href=\"https:\/\/blog.seetal-chile.ch\/2026\/01\/12\/einander-kennenlernen-16\/\">Soir\u00e9e de rencontre<\/a><\/div>\r\n        <div class=\"calendar-listview-information\"><\/div>\r\n        <div class=\"calendar-listview-note\"><\/div>\r\n    <\/div><div class=\"calendar-listview-item\">\r\n        <div class=\"calendar-listview-date\">sa. 12.09.2026 | 09:00 - 11:00 heures<\/div>\r\n        <div class=\"calendar-listview-caption\"><a target=\"_blank\" href=\"https:\/\/www.seetal-chile.ch\/fr\/teil-werden\/#infoveranstaltung\">Matin\u00e9e de d\u00e9couverte<\/a><\/div>\r\n        <div class=\"calendar-listview-information\"><\/div>\r\n        <div class=\"calendar-listview-note\"><\/div>\r\n    <\/div><!-- SECTION.END #Appointments_5c4b0d15-8768-4198-891e-db0c263243b5 -->\r\n<\/div><\/div>\n<h2  data-animation-delay=\"0.0\" data-animation-duration=\"1\">\n\t\t\tApprends ce qui est important !\t<\/h2>\n<h4  data-animation-delay=\"0.0\" data-animation-duration=\"1\">\n\t\t\tInscris-toi maintenant \u00e0 la newsletter hebdomadaire.\t<\/h4>\n\t\t\t<a href=\"#\" role=\"button\">\n\t\t\t\t\t\t\tInscris-toi maintenant\n\t\t\t\t\t<\/a>\n\t\t\t<iframe class=\"sc-form\" allowtransparency=\"true\" src=\"https:\/\/forms.seetal-chile.ch\/form\/?formkey=n49cg&formtitle=Anmeldung+Newsletter\" frameborder=\"0\" allowfullscreen=\"\" style=\"width: 100%; min-height: 100%;\"><\/iframe>\t\t\n<h2  id=\"19h_gd\" data-animation-delay=\"0.0\" data-animation-duration=\"1\">\n\t\t\tPetits groupes\t<\/h2>\n\t<p>La force r\u00e9side dans la communaut\u00e9. C'est pourquoi nous nous r\u00e9unissons en petits groupes pour partager notre vie avec d'autres et aller de l'avant ensemble. Ici, tu peux rencontrer de nouvelles personnes, approfondir tes amiti\u00e9s et grandir dans ta relation avec Dieu.<\/p>\n\t<p>Inscris-toi sans engagement \u00e0 l'aide du formulaire ci-dessous - nous prendrons ensuite contact avec toi pour trouver un groupe optimal. Nous nous r\u00e9jouissons de t'accueillir !<\/p>\n<h3  data-animation-delay=\"0.0\">\n\t\t\tPetits groupes en bref\t<\/h3>\n\t<ul>\n\t\t\t<li>\n\t\t\t\tUn petit groupe est compos\u00e9 d'environ 5 \u00e0 8 personnes.\n\t\t\t<\/li>\n\t\t\t<li>\n\t\t\t\tLes petits groupes se r\u00e9unissent tous les quinze jours le mardi soir (sauf exceptions).\n\t\t\t<\/li>\n\t\t\t<li>\n\t\t\t\tNous parlons de la fa\u00e7on dont la foi peut devenir pratique dans la vie quotidienne et nous prions les uns pour les autres.\n\t\t\t<\/li>\n\t\t<\/ul>\n\t<ul>\n\t\t\t<li>\n\t\t\t\tNous vivons des relations obligatoires et honn\u00eates entre nous.\n\t\t\t<\/li>\n\t\t\t<li>\n\t\t\t\tNous discutons des questions importantes de la vie et \u00e9changeons des opinions.\n\t\t\t<\/li>\n\t\t\t<li>\n\t\t\t\tNous faisons l'exp\u00e9rience de Dieu de mani\u00e8re concr\u00e8te et c\u00e9l\u00e9brons J\u00e9sus-Christ comme notre Sauveur.\n\t\t\t<\/li>\n\t\t<\/ul>\n\t\t\t<a href=\"#\" role=\"button\">\n\t\t\t\t\t\t\tInscris-toi maintenant\n\t\t\t\t\t<\/a>\n\t\t\t<iframe class=\"sc-form\" allowtransparency=\"true\" src=\"https:\/\/forms.seetal-chile.ch\/form\/?formkey=xgk7n2&formtitle=Anmeldung+Kleingruppe\" frameborder=\"0\" allowfullscreen=\"\" style=\"width: 100%; min-height: 100%;\"><\/iframe>\t\t\n<h2>\n\t\t\tNous cr\u00e9ons ensemble\t<\/h2>\n<h2  id=\"19h_gd\" data-animation-delay=\"0.0\">\n\t\t\tGaufre avec\t<\/h2>\n\t<p>La seetal chile est une \u0153uvre collective \u00e0 laquelle beaucoup contribuent et investissent leur \u00e9nergie. Nous donnons tout pour que les gens apprennent \u00e0 conna\u00eetre Dieu et que des amiti\u00e9s profondes se cr\u00e9ent.<\/p>\n<p>Notre souhait est que tu puisses t'\u00e9panouir et contribuer \u00e0 fa\u00e7onner la seetal chile. En travaillant avec nous, tu peux non seulement d\u00e9couvrir de nouvelles choses, mais aussi d\u00e9velopper tes comp\u00e9tences et grandir personnellement. Nous serions donc ravis de t'accueillir dans l'une de nos \u00e9quipes !<\/p>\n\t\t\t<a href=\"https:\/\/mitarbeit.seetal-chile.ch\" target=\"_blank\" rel=\"noopener\">\n\t\t\t\t\t\t\tVoir les possibilit\u00e9s de collaboration\n\t\t\t\t\t<\/a>\n<h2>\n\t\t\tChange le monde en faisant de petites choses avec un grand amour.\t<\/h2>\n<h2  id=\"19h_gd\" data-animation-delay=\"0.0\">\n\t\t\tAide pratique\t<\/h2>\n\t<p>Avec le <a href=\"https:\/\/www.verein-lichtblick.ch\" target=\"_blank\" rel=\"noopener\">Association sociale Lichtblick<\/a> nous soutenons les personnes dans le besoin au sein de notre communaut\u00e9.<\/p>\n<h3  data-animation-delay=\"0.0\" data-animation-duration=\"1\">\n\t\t\tAider\t<\/h3>\n\t<p>Nous voulons faire du bien aux gens de la r\u00e9gion. Nous le faisons avec des t\u00e2ches tr\u00e8s pratiques : Aide pour les courses - travaux d'environnement - utilisation de l'ordinateur - m\u00e9nage - service de transport - garde d'enfants - et bien plus encore.<\/p>\n<p>Fais un pas maintenant et change le monde !<\/p>\n\t\t\t<a href=\"#\" role=\"button\">\n\t\t\t\t\t\t\tOffrir son aide\n\t\t\t\t\t<\/a>\n\t\t\t<iframe class=\"sc-form\" allowtransparency=\"true\" src=\"https:\/\/forms.seetal-chile.ch\/form\/?formkey=xgk7n22&formtitle=Hilfe+anbieten\" frameborder=\"0\" allowfullscreen=\"\" style=\"width: 100%; min-height: 100%;\"><\/iframe>\t\t\n<h2>\n\t\t\tEs gibt viele gute Orte, um Gott zu begegnen &#8211; die seetal chile ist einer davon!\t<\/h2>\n\t<p>C\u00e9dric Br\u00fcgger<\/p>\n<h2  data-animation-delay=\"0.0\" data-animation-duration=\"1\">\n\t\t\tContribuer financi\u00e8rement\t<\/h2>\n\t<p>La seetal chile est un organisme vivant. Il ne serait pas possible sans l'aide pr\u00e9cieuse d'innombrables b\u00e9n\u00e9voles - qui apportent une contribution pr\u00e9cieuse avec leurs talents, leurs pri\u00e8res et leurs finances,\u00a0<a href=\"https:\/\/www.seetal-chile.ch\/fr\/ueber-uns\/#auftrag\" target=\"_blank\" rel=\"noopener\">notre mission<\/a> suivre activement.<\/p>\n<p>Ensemble, nous fa\u00e7onnons la seetal chile de demain. Tu peux contribuer financi\u00e8rement \u00e0 cette mission gr\u00e2ce aux options suivantes.<\/p>\n<h3  data-animation-delay=\"0.0\" data-animation-duration=\"1\">\n\t\t\tMerci beaucoup !\t<\/h3>\n\t\t\t\t\t\t<h4>Collecte lors du culte<\/h4>\t\t\t\t\t\n\t\t\t<p>Chaque dimanche lors de nos services - et aussi \u00e0 d'autres occasions - tu as la possibilit\u00e9 de nous soutenir financi\u00e8rement. Deux r\u00e9cipients de collecte bien visibles sont \u00e0 ta disposition \u00e0 cet effet.<\/p>\t\t\n\t\t\t\t\t\t<h4>Virement bancaire<\/h4>\t\t\t\t\t\n\t\t\t<p>Bien s\u00fbr, tu peux aussi nous soutenir par virement bancaire.\u00a0<\/p>\t\t\n\t\t\t<a href=\"#\" role=\"button\">\n\t\t\t\t\t\t\tDonn\u00e9es bancaires\n\t\t\t\t\t<\/a>\n\t\t\t<b>Banque<\/b><br \/>\nPostFinance SA<br \/>\n3030 Berne<br \/>\n<br \/>\n<b>En faveur de<\/b><br \/>\nseetal chile Seon<br \/>\nEglise Chrischona de Seon<br \/>\nChrischonaweg 2<br \/>\n5703 Seon\n<br \/>\nIBAN : CH70 0900 0000 5000 4378 0<br \/>\nSWIFT-BIC : POFICHBEXXX<br \/>\nNum\u00e9ro de clearing : 09<br \/>\n<b>Compte de construction<\/b><br \/>\nBanque hypoth\u00e9caire de Lenzbourg <br \/>\nCH39 0830 7000 0156 6506 2<br \/>\t\t\n\t\t\t\t\t\t<h4>TWINT<\/h4>\t\t\t\t\t\n\t\t\t<p>Soutenir rapidement et facilement via TWINT.<\/p>\t\t\n\t\t\t<a href=\"#\" role=\"button\">\n\t\t\t\t\t\t\tAfficher le code QR\n\t\t\t\t\t<\/a>\n\t\t\t<img loading=\"lazy\" decoding=\"async\" src=\"https:\/\/www.seetal-chile.ch\/wp-content\/uploads\/2020\/04\/TWINT_seetal-chile.jpg\" alt=\"TWINT\" align=\"middle\" height=\"500\" width=\"370\"\/>\t\t\n\t\t\t\t\t\t<h4>Bulletin de versement<\/h4>\t\t\t\t\t\n\t\t\t<p>Tu peux payer confortablement par bulletin de versement. Scanne le code QR avec ton smartphone ou imprime le bulletin de versement pour payer au guichet bancaire\/postal.<\/p>\t\t\n\t\t\t<a href=\"#\" role=\"button\">\n\t\t\t\t\t\t\tBulletin de versement\n\t\t\t\t\t<\/a>\n\t\t\t<img decoding=\"async\" src=\"https:\/\/www.seetal-chile.ch\/wp-content\/uploads\/2020\/08\/QR-EZS_seetal-chile.jpg\" alt=\"QR-EZS\" align=\"middle\" height=\"454px\" width=\"900px\"\/>","protected":false},"excerpt":{"rendered":"<p>Participer est facile chez nous \u00c9v\u00e9nement de d\u00e9couverte Autour de snacks et de boissons, tu fais connaissance avec la seetal chile. La direction de l'\u00e9glise et l'\u00e9quipe des employ\u00e9s se pr\u00e9senteront et donneront un aper\u00e7u complet de notre culture et de nos structures. Tu auras \u00e9galement la possibilit\u00e9 de poser toutes tes questions. Je suis int\u00e9ress\u00e9(e) Prochaines dates D\u00e9couvre l'important ! Maintenant pour...<\/p>","protected":false},"author":1,"featured_media":0,"parent":0,"menu_order":9,"comment_status":"closed","ping_status":"closed","template":"","meta":{"_acf_changed":false,"footnotes":""},"class_list":["post-214","page","type-page","status-publish","hentry"],"acf":[],"_links":{"self":[{"href":"https:\/\/www.seetal-chile.ch\/fr\/wp-json\/wp\/v2\/pages\/214","targetHints":{"allow":["GET"]}}],"collection":[{"href":"https:\/\/www.seetal-chile.ch\/fr\/wp-json\/wp\/v2\/pages"}],"about":[{"href":"https:\/\/www.seetal-chile.ch\/fr\/wp-json\/wp\/v2\/types\/page"}],"author":[{"embeddable":true,"href":"https:\/\/www.seetal-chile.ch\/fr\/wp-json\/wp\/v2\/users\/1"}],"replies":[{"embeddable":true,"href":"https:\/\/www.seetal-chile.ch\/fr\/wp-json\/wp\/v2\/comments?post=214"}],"version-history":[{"count":17,"href":"https:\/\/www.seetal-chile.ch\/fr\/wp-json\/wp\/v2\/pages\/214\/revisions"}],"predecessor-version":[{"id":7437,"href":"https:\/\/www.seetal-chile.ch\/fr\/wp-json\/wp\/v2\/pages\/214\/revisions\/7437"}],"wp:attachment":[{"href":"https:\/\/www.seetal-chile.ch\/fr\/wp-json\/wp\/v2\/media?parent=214"}],"curies":[{"name":"wp","href":"https:\/\/api.w.org\/{rel}","templated":true}]}}