{"id":240,"date":"2018-07-09T13:37:59","date_gmt":"2018-07-09T11:37:59","guid":{"rendered":"https:\/\/www.seetal-chile.ch\/?page_id=240"},"modified":"2026-04-28T17:03:39","modified_gmt":"2026-04-28T15:03:39","slug":"angebote","status":"publish","type":"page","link":"https:\/\/www.seetal-chile.ch\/fr\/angebote\/","title":{"rendered":"Offres"},"content":{"rendered":"<h1>\n\t\t\tC'est ce que nous faisons\t<\/h1>\n<h2  data-animation-delay=\"0.0\" data-animation-duration=\"1\">\n\t\t\tPri\u00e8re\t<\/h2>\n\t<p>Prier signifie communiquer avec Dieu. Nous pensons que les pri\u00e8res font une grande diff\u00e9rence !<\/p>\n<h3  data-animation-delay=\"0.0\" data-animation-duration=\"1\">\n\t\t\tNous prions pour toi\t<\/h3>\n\t<p>Souhaites-tu que nous priions pour toi ?<\/p>\n<p>Pendant et apr\u00e8s nos\u00a0<a href=\"https:\/\/www.seetal-chile.ch\/fr\/gottesdienste\/\">Cultes<\/a>\u00a0il y a des gens pr\u00eats \u00e0 t'\u00e9couter et \u00e0 prier pour toi.<\/p>\n<h3  data-animation-delay=\"0.0\" data-animation-duration=\"1\">\n\t\t\tNous prions ensemble\t<\/h3>\n\t<p>La pri\u00e8re commune est puissante. C'est pourquoi nous organisons r\u00e9guli\u00e8rement des r\u00e9unions de pri\u00e8re.<\/p>\n<p>Nous rencontrons Dieu et nous nous engageons pour le monde, notre environnement et les uns pour les autres.<\/p>\n<h2>\n\t\t\tLa foi est la lumi\u00e8re. La confiance est l'interrupteur de la lumi\u00e8re.\t<\/h2>\n<h2  data-animation-delay=\"0.0\" data-animation-duration=\"1\">\n\t\t\tFais-toi baptiser\t<\/h2>\n\t<p>Tu es passionn\u00e9 par J\u00e9sus et tu souhaites t\u00e9moigner publiquement de ta foi par un bapt\u00eame ? La Bible dit que le bapt\u00eame d'eau est un acte significatif de ta foi, peu importe depuis combien de temps tu as accept\u00e9 J\u00e9sus-Christ comme ton sauveur.<\/p>\n<p>C'est pourquoi nous organisons r\u00e9guli\u00e8rement des bapt\u00eames. Nous serions heureux de te baptiser toi aussi !<\/p>\n<p>Nous te recommandons de te pr\u00e9parer au bapt\u00eame. Pour cela, soit ton responsable de petit groupe peut t'aider, soit tu t'inscris au bureau \u00e0 l'aide du formulaire ci-dessous. Nous te contacterons ensuite pour les \u00e9tapes suivantes.<\/p>\n\t\t\t<a href=\"#\" role=\"button\">\n\t\t\t\t\t\t\tInt\u00e9r\u00eat pour le bapt\u00eame\n\t\t\t\t\t<\/a>\n\t\t\t<iframe class=\"sc-form\" allowtransparency=\"true\" src=\"https:\/\/forms.seetal-chile.ch\/form\/?formkey=xgk7n22222&formtitle=Taufe\" frameborder=\"0\" allowfullscreen=\"\" style=\"width: 100%; min-height: 100%;\"><\/iframe>\t\t\n<h2  data-animation-delay=\"0.0\" data-animation-duration=\"1\">\n\t\t\tMariage &amp; mariage\t<\/h2>\n\t<p>Tu portes une bague de fian\u00e7ailles ? Toutes nos f\u00e9licitations ! C'est avec plaisir que nous t'aiderons \u00e0 d\u00e9marrer ta vie de couple !<\/p>\n<h3  data-animation-delay=\"0.0\" data-animation-duration=\"1\">\n\t\t\tNous t'accompagnons dans ta pr\u00e9paration au mariage\t<\/h3>\n\t<p>Des mariages sains font battre nos c\u0153urs plus vite. C'est pourquoi nous proposons des cours individuels qui te pr\u00e9parent au mieux au mariage. Tu seras accompagn\u00e9 par un couple exp\u00e9riment\u00e9.<\/p>\n<p>Dans le cours de pr\u00e9paration au mariage, nous abordons les th\u00e8mes suivants:int\u00e9r\u00eats | personnalit\u00e9 | choix du partenaire | communication | sexualit\u00e9 | compr\u00e9hension des r\u00f4les | parent\u00e9 | enfants\/\u00e9ducation | finances | questions de foi<\/p>\n<h3  data-animation-delay=\"0.0\" data-animation-duration=\"1\">\n\t\t\tNous t'aidons \u00e0 te marier\t<\/h3>\n\t<p>Tu as besoin d'aide pour ta c\u00e9r\u00e9monie de mariage ? Tu cherches un pasteur ou un groupe qui joue pendant la c\u00e9r\u00e9monie ? Fais-nous savoir ce que nous pouvons faire pour toi. Nous nous efforcerons de faire de ta c\u00e9r\u00e9monie de mariage un \u00e9v\u00e9nement inoubliable !<\/p>\n<h3  data-animation-delay=\"0.0\" data-animation-duration=\"1\">\n\t\t\tContacte-nous maintenant !\t<\/h3>\n\t\t\t<a href=\"#\" role=\"button\">\n\t\t\t\t\t\t\tFormulaire de contact\n\t\t\t\t\t<\/a>\n\t\t\t<iframe class=\"sc-form\" allowtransparency=\"true\" src=\"https:\/\/forms.seetal-chile.ch\/form\/?formkey=xgk7n223&formtitle=Ehe+und+Hochzeit\" frameborder=\"0\" allowfullscreen=\"\" style=\"width: 100%; min-height: 100%;\"><\/iframe>\t\t\n<h2  data-animation-delay=\"0.0\" data-animation-duration=\"1\">\n\t\t\tLaisse les enfants venir \u00e0 moi et ne les retient pas, car le royaume c\u00e9leste de Dieu appartient \u00e0 des gens comme eux.\t<\/h2>\n<h4  data-animation-delay=\"0.0\" data-animation-duration=\"1\">\n\t\t\tMatthieu 19:14\t<\/h4>\n<h2  data-animation-delay=\"0.0\">\n\t\t\tB\u00e9n\u00e9diction des enfants\t<\/h2>\n\t<p>Comme J\u00e9sus, nous b\u00e9nissons les enfants pour leur entr\u00e9e dans la vie. Tu peux donc faire b\u00e9nir ton enfant lors du culte. Les parents et toute l'assembl\u00e9e pr\u00e9sentent \u00e0 Dieu leur souhait que cet enfant apprenne \u00e0 conna\u00eetre Dieu sur le chemin de la vie. Pendant le culte, tu es invit\u00e9 \u00e0 t'avancer avec ton enfant - et \u00e9ventuellement avec les parrains et marraines, qui jouent souvent un r\u00f4le important pour l'enfant - et nos pasteurs te b\u00e9nissent, toi et ton enfant.<\/p>\n<h4  data-animation-delay=\"0.0\" data-animation-duration=\"1\">\n\t\t\tInscris-toi maintenant pour une b\u00e9n\u00e9diction d'enfants\t<\/h4>\n<p>Avec ce formulaire, tu peux inscrire ton enfant \u00e0 la b\u00e9n\u00e9diction. Ensuite, nous te contacterons pour trouver ensemble une date et discuter des d\u00e9tails.<\/p>\n\t\t\t<a href=\"#\" role=\"button\">\n\t\t\t\t\t\t\tInscription\n\t\t\t\t\t<\/a>\n\t\t\t<iframe class=\"sc-form\" allowtransparency=\"true\" src=\"https:\/\/forms.seetal-chile.ch\/form\/?formkey=tuzh42&formtitle=Kindersegnung\" frameborder=\"0\" allowfullscreen=\"\" style=\"width: 100%; min-height: 100%;\"><\/iframe>\t\t\n<h2  data-animation-delay=\"0.0\" data-animation-duration=\"1\">\n\t\t\tConseil social\t<\/h2>\n\t<p>Nous sommes l\u00e0 pour toi ! Avec l'association sociale ind\u00e9pendante \"Lichtblick\", nous t'offrons un soutien de diff\u00e9rents types. Il peut s'agir par exemple d'une recherche d'emploi infructueuse, de difficult\u00e9s financi\u00e8res, de probl\u00e8mes de d\u00e9pendance ou de recherche de logement. Si tu as d'autres questions, tu es au bon endroit.<\/p>\n\t\t\t<a href=\"https:\/\/www.verein-lichtblick.ch\" target=\"_blank\" rel=\"noopener\">\n\t\t\t\t\t\t\tPlus d'informations\n\t\t\t\t\t<\/a>\n<h2  data-animation-delay=\"0.0\" data-animation-duration=\"1\">\n\t\t\tUtiliser l'aide pratique\t<\/h2>\n<p>Tu as besoin d'aide pour g\u00e9rer les t\u00e2ches quotidiennes ? Diff\u00e9rentes personnes de notre \u00e9glise sont pr\u00eates \u00e0 t'aider. Nous nous effor\u00e7ons de trouver une bonne solution pour toi ! N'h\u00e9site pas \u00e0 t'inscrire via le formulaire ci-dessous.<\/p>\n\t\t\t<a href=\"#\" role=\"button\">\n\t\t\t\t\t\t\tAide pratique\n\t\t\t\t\t<\/a>\n\t\t\t<iframe class=\"sc-form\" allowtransparency=\"true\" src=\"https:\/\/forms.seetal-chile.ch\/form\/?formkey=xgk7n222&formtitle=Formular\" frameborder=\"0\" allowfullscreen=\"\" style=\"width: 100%; min-height: 100%;\"><\/iframe>","protected":false},"excerpt":{"rendered":"<p>C'est ce que nous faisons Pri\u00e8re signifie communiquer avec Dieu. Nous pensons que les pri\u00e8res font une grande diff\u00e9rence ! Nous prions pour toi Souhaites-tu que nous priions pour toi ? Pendant et apr\u00e8s nos services, des personnes sont pr\u00eates \u00e0 t'\u00e9couter et \u00e0 prier pour toi. Nous prions ensemble La pri\u00e8re commune est puissante. C'est pourquoi nous organisons r\u00e9guli\u00e8rement des r\u00e9unions de pri\u00e8re. Nous nous rencontrons...<\/p>","protected":false},"author":1,"featured_media":0,"parent":0,"menu_order":7,"comment_status":"closed","ping_status":"closed","template":"","meta":{"_acf_changed":false,"footnotes":""},"class_list":["post-240","page","type-page","status-publish","hentry"],"acf":[],"_links":{"self":[{"href":"https:\/\/www.seetal-chile.ch\/fr\/wp-json\/wp\/v2\/pages\/240","targetHints":{"allow":["GET"]}}],"collection":[{"href":"https:\/\/www.seetal-chile.ch\/fr\/wp-json\/wp\/v2\/pages"}],"about":[{"href":"https:\/\/www.seetal-chile.ch\/fr\/wp-json\/wp\/v2\/types\/page"}],"author":[{"embeddable":true,"href":"https:\/\/www.seetal-chile.ch\/fr\/wp-json\/wp\/v2\/users\/1"}],"replies":[{"embeddable":true,"href":"https:\/\/www.seetal-chile.ch\/fr\/wp-json\/wp\/v2\/comments?post=240"}],"version-history":[{"count":7,"href":"https:\/\/www.seetal-chile.ch\/fr\/wp-json\/wp\/v2\/pages\/240\/revisions"}],"predecessor-version":[{"id":7485,"href":"https:\/\/www.seetal-chile.ch\/fr\/wp-json\/wp\/v2\/pages\/240\/revisions\/7485"}],"wp:attachment":[{"href":"https:\/\/www.seetal-chile.ch\/fr\/wp-json\/wp\/v2\/media?parent=240"}],"curies":[{"name":"wp","href":"https:\/\/api.w.org\/{rel}","templated":true}]}}