{"id":7020,"date":"2023-05-26T11:58:29","date_gmt":"2023-05-26T09:58:29","guid":{"rendered":"https:\/\/www.seetal-chile.ch\/?page_id=7020"},"modified":"2025-07-04T10:19:28","modified_gmt":"2025-07-04T08:19:28","slug":"willkommen","status":"publish","type":"page","link":"https:\/\/www.seetal-chile.ch\/fr\/willkommen\/","title":{"rendered":"Bienvenue sur"},"content":{"rendered":"<h1>\n\t\t\tBienvenue \u00e0 la maison\t<\/h1>\n\t<p>Chez nous, tu n'es pas un visage parmi d'autres ! Nous souhaitons que tu te sentes rapidement chez toi chez nous.<\/p>\n<p>Si tu veux entrer en contact avec d'autres personnes dans et autour de seetal chile, tu es au bon endroit ! Cette page doit te permettre un acc\u00e8s rapide et facile.<\/p>\n<p>\u00a0<\/p>\n<p>Pour des contacts sp\u00e9cifiques \u00e0 l'\u00e2ge et au sexe, le mieux est que tu passes par nos \u00e9v\u00e9nements.<\/p>\n<p>Tu souhaites plus d'individualit\u00e9 ? Alors le march\u00e9 est l'endroit id\u00e9al pour toi. Tu peux soit participer aux activit\u00e9s propos\u00e9es, soit rencontrer d'autres personnes dans une situation particuli\u00e8re. Tu ne trouves pas ce qui te convient ? Alors <a href=\"https:\/\/markt.seetal-chile.ch\/inserat\/\" target=\"_blank\" rel=\"noopener\">Pourquoi ne pas passer une annonce toi-m\u00eame ?<\/a> auf unserem Markt. Nutze dazu die Rubriken \u00abAktivit\u00e4t\u00bb, \u00abKontakte\u00bb oder \u00abEssen &amp; Trinken\u00bb.<\/p>\n<p><strong>C'est bien que tu sois l\u00e0 !<\/strong><\/p>\n\t\t\t\t<img decoding=\"async\" src=\"https:\/\/www.seetal-chile.ch\/wp-content\/uploads\/2020\/09\/glow-ameisli-in-aktion-2000x1333-1.jpg\" alt=\"glow Ameisli in Aktion\" itemprop=\"image\" height=\"1333\" width=\"2000\" title=\"glow Ameisli en action\" onerror=\"this.style.display='none'\" loading='lazy' \/>\n<h2>\n\t\t\tActivit\u00e9s\t<\/h2>\n\t<p>Nous cr\u00e9ons un espace de vie dans lequel tu peux facilement construire et approfondir des relations. En cliquant sur le bouton suivant, tu acc\u00e8deras \u00e0 un aper\u00e7u de nos activit\u00e9s.<\/p>\n\t\t\t<a href=\"https:\/\/www.seetal-chile.ch\/fr\/aktivitaeten\/\" target=\"_blank\" rel=\"noopener\">\n\t\t\t\t\t\t\tVers les activit\u00e9s\n\t\t\t\t\t<\/a>\n<h2>\n\t\t\tR\u00e9seau personnel\t<\/h2>\n\t<p>Wir laden dich ein, auf dieser Plattform Inserate mit Leuten aus der seetal chile zu teilen: Sei es die Suche nache Teilnehmer f\u00fcr eine Freizeitaktivit\u00e4t oder Menschen in der gleichen Situation zum Austauschen &#8211; alles hat hier Platz!<\/p>\n\t<div id=\"sc-wptools-node-918876cc-c25b-47e8-8310-50fb9c5a17f0\" class=\"sc-wptools-show-posts\"><!-- SECTION.START #Type_aa267ad7-dcb6-4079-974b-97d4ecd0cf3e --><div class=\"sc-wptools-grid sc-wptools-show-posts-market\">\n    <div class=\"sc-wptools-items\">\n        <div class=\"row\">\n            <!-- SECTION.START #Items_7061bbd9-4ab8-4df0-94ae-be3dd28bb594 --><div id=\"sc-wptools-item-3ccc28d6-fe12-47b9-a2b3-a44329247738\" class=\"col-sm sc-wptools-item sc-wptools-item-1\">\n                <a class=\"stretched-link\" href=\"https:\/\/markt.seetal-chile.ch\/katzenbetreuung-10558\/\" onclick=\"\" target=\"_blank\"><\/a>\n                <div class=\"sc-wptools-image-container\">\n                    <img decoding=\"async\" class=\"sc-wptools-item-image\" src=\"https:\/\/markt.seetal-chile.ch\/wp-content\/uploads\/formidable\/7\/IMG_6432-1.jpeg\" alt=\"Katzenbetreuung\">\n                    <div class=\"sc-wptools-item-overlay\">\n                        <div class=\"sc-wptools-item-overlay-icon\">\n                            <i class=\"fas fa-play\" aria-hidden=\"true\"><\/i>\n                        <\/div>\n                    <\/div>\n                <\/div>\n                <div class=\"sc-wptools-content-wrap\">\n                    <h3 class=\"sc-wptools-item-title\">Garde de chats<\/h3>\n                    <div class=\"sc-wptools-item-meta\"><strong>Deborah<\/strong> cherche | 06.04.2026<\/div>\n                    <div class=\"sc-wptools-item-excerpt\">Mon mari et moi cherchons une garde pour nos deux chats d'appartement pendant l'Ascension et du 23.05.-25.05.26 (week-end de la communaut\u00e9). Nous serons absents \u00e0 ce moment-l\u00e0 et nous ne voulons pas laisser nos boules de laine loin de la maison. Ce serait g\u00e9nial si quelqu'un avait la possibilit\u00e9 de passer les voir au moins une fois par jour, de les nourrir, de nettoyer la liti\u00e8re et de parler de...<\/div>\n                    <div class=\"sc-wptools-item-detail-prepared\">\n                        <div class=\"row sc-wptools-detail-close-row\">\n                            <div class=\"col-md-12 sc-wptools-detail-close-col\">\n                                <a class=\"sc-wptools-detail-close\" href=\"#\" onclick=\"sc_wptools_closeDetail('918876cc-c25b-47e8-8310-50fb9c5a17f0');return false;\" target=\"_self\">\u2715<\/a>\n                            <\/div>\n                        <\/div>\n                        <div class=\"sc-wptools-detail-container\">\n                            <div class=\"row justify-content-between\">{d\u00e9tail-content}<\/div>\n                        <\/div>\n                    <\/div>\n                <\/div>\n            <\/div><div id=\"sc-wptools-item-985c4f0f-9cbb-4c89-bef5-bdc59c80d765\" class=\"col-sm sc-wptools-item sc-wptools-item-2\">\n                <a class=\"stretched-link\" href=\"https:\/\/markt.seetal-chile.ch\/trampolin-kurs-in-der-seetal-chile-10538\/\" onclick=\"\" target=\"_blank\"><\/a>\n                <div class=\"sc-wptools-image-container\">\n                    <img decoding=\"async\" class=\"sc-wptools-item-image\" src=\"https:\/\/markt.seetal-chile.ch\/wp-content\/uploads\/formidable\/7\/Bellicon-gruen-8-Fuesse-von-oben.jpg\" alt=\"Trampolin-Kurs in der seetal chile\">\n                    <div class=\"sc-wptools-item-overlay\">\n                        <div class=\"sc-wptools-item-overlay-icon\">\n                            <i class=\"fas fa-play\" aria-hidden=\"true\"><\/i>\n                        <\/div>\n                    <\/div>\n                <\/div>\n                <div class=\"sc-wptools-content-wrap\">\n                    <h3 class=\"sc-wptools-item-title\">Cours de trampoline en seetal chile<\/h3>\n                    <div class=\"sc-wptools-item-meta\"><strong>Elisabeth et Tanja<\/strong> offre | 31.03.2026<\/div>\n                    <div class=\"sc-wptools-item-excerpt\">Cours de trampoline de base du 1er juin au 29 juin 2026, le lundi de 19h30 \u00e0 20h30. Pendant 5 le\u00e7ons, tu apprendras les bases pour un entra\u00eenement \u00e0 la maison. L'effet est extr\u00eamement doux et m\u00e9nage le dos et les articulations. La devise est \"Se balancer au lieu de sauter ! Tu verras comment PMT SwingWalking\u00ae enrichit ton quotidien et comment tu peux...<\/div>\n                    <div class=\"sc-wptools-item-detail-prepared\">\n                        <div class=\"row sc-wptools-detail-close-row\">\n                            <div class=\"col-md-12 sc-wptools-detail-close-col\">\n                                <a class=\"sc-wptools-detail-close\" href=\"#\" onclick=\"sc_wptools_closeDetail('918876cc-c25b-47e8-8310-50fb9c5a17f0');return false;\" target=\"_self\">\u2715<\/a>\n                            <\/div>\n                        <\/div>\n                        <div class=\"sc-wptools-detail-container\">\n                            <div class=\"row justify-content-between\">{d\u00e9tail-content}<\/div>\n                        <\/div>\n                    <\/div>\n                <\/div>\n            <\/div><div id=\"sc-wptools-item-b07136bf-7582-4892-ad1c-d783c41fe829\" class=\"col-sm sc-wptools-item sc-wptools-item-3\">\n                <a class=\"stretched-link\" href=\"https:\/\/markt.seetal-chile.ch\/tanzworkshop-23-03-2026-10517\/\" onclick=\"\" target=\"_blank\"><\/a>\n                <div class=\"sc-wptools-image-container\">\n                    <img decoding=\"async\" class=\"sc-wptools-item-image\" src=\"https:\/\/markt.seetal-chile.ch\/wp-content\/uploads\/formidable\/7\/Open-Training-23.3.26.png\" alt=\"Tanzworkshop 23.03.2026\">\n                    <div class=\"sc-wptools-item-overlay\">\n                        <div class=\"sc-wptools-item-overlay-icon\">\n                            <i class=\"fas fa-play\" aria-hidden=\"true\"><\/i>\n                        <\/div>\n                    <\/div>\n                <\/div>\n                <div class=\"sc-wptools-content-wrap\">\n                    <h3 class=\"sc-wptools-item-title\">Atelier de danse 23.03.2026<\/h3>\n                    <div class=\"sc-wptools-item-meta\"><strong>Samira<\/strong> propose | 16.03.2026<\/div>\n                    <div class=\"sc-wptools-item-excerpt\">Jael Meyer et moi, Samira Bolliger, dirigeons un groupe de danse Roundabout \u00e0 Meisterschwanden. Cette offre s'adresse aux adolescentes et jeunes femmes qui aiment bouger (de 12 \u00e0 20 ans). Le 23 mars \u00e0 19h00, nous proposons maintenant un entra\u00eenement ouvert. Cet entra\u00eenement est destin\u00e9 \u00e0 TOUS ceux qui ont envie de danser et d'y jeter un coup d'\u0153il. Tu peux t'inscrire par...<\/div>\n                    <div class=\"sc-wptools-item-detail-prepared\">\n                        <div class=\"row sc-wptools-detail-close-row\">\n                            <div class=\"col-md-12 sc-wptools-detail-close-col\">\n                                <a class=\"sc-wptools-detail-close\" href=\"#\" onclick=\"sc_wptools_closeDetail('918876cc-c25b-47e8-8310-50fb9c5a17f0');return false;\" target=\"_self\">\u2715<\/a>\n                            <\/div>\n                        <\/div>\n                        <div class=\"sc-wptools-detail-container\">\n                            <div class=\"row justify-content-between\">{d\u00e9tail-content}<\/div>\n                        <\/div>\n                    <\/div>\n                <\/div>\n            <\/div><!-- SECTION.END #Items_7061bbd9-4ab8-4df0-94ae-be3dd28bb594 -->\n        <\/div>\n    <\/div>\n    <div class=\"sc-wptools-visible-container\">\n        <div class=\"sc-wptools-item-detail-view\"><\/div>\n    <\/div>\n<\/div><!-- SECTION.END #Type_aa267ad7-dcb6-4079-974b-97d4ecd0cf3e --><\/div>\n\t\t\t<a href=\"https:\/\/markt.seetal-chile.ch\" target=\"_blank\" rel=\"noopener\">\n\t\t\t\t\t\t\tVers toutes les annonces\n\t\t\t\t\t<\/a>","protected":false},"excerpt":{"rendered":"<p>Willkommen daheim Bei uns bist du nicht ein Gesicht unter vielen anderen!\u00a0Wir w\u00fcnschen uns, dass du dich bei uns schnell heimisch f\u00fchlst. Wenn du mit anderen Menschen in und um die seetal chile in Kontakt kommen willst, bist du hier genau richtig! Diese Seite soll dir einen schnellen und einfachen Zugang erm\u00f6glichen. \u00a0 F\u00fcr alters-&hellip;<\/p>","protected":false},"author":1,"featured_media":0,"parent":0,"menu_order":0,"comment_status":"closed","ping_status":"closed","template":"","meta":{"_acf_changed":false,"footnotes":""},"class_list":["post-7020","page","type-page","status-publish","hentry"],"acf":[],"_links":{"self":[{"href":"https:\/\/www.seetal-chile.ch\/fr\/wp-json\/wp\/v2\/pages\/7020","targetHints":{"allow":["GET"]}}],"collection":[{"href":"https:\/\/www.seetal-chile.ch\/fr\/wp-json\/wp\/v2\/pages"}],"about":[{"href":"https:\/\/www.seetal-chile.ch\/fr\/wp-json\/wp\/v2\/types\/page"}],"author":[{"embeddable":true,"href":"https:\/\/www.seetal-chile.ch\/fr\/wp-json\/wp\/v2\/users\/1"}],"replies":[{"embeddable":true,"href":"https:\/\/www.seetal-chile.ch\/fr\/wp-json\/wp\/v2\/comments?post=7020"}],"version-history":[{"count":1,"href":"https:\/\/www.seetal-chile.ch\/fr\/wp-json\/wp\/v2\/pages\/7020\/revisions"}],"predecessor-version":[{"id":7287,"href":"https:\/\/www.seetal-chile.ch\/fr\/wp-json\/wp\/v2\/pages\/7020\/revisions\/7287"}],"wp:attachment":[{"href":"https:\/\/www.seetal-chile.ch\/fr\/wp-json\/wp\/v2\/media?parent=7020"}],"curies":[{"name":"wp","href":"https:\/\/api.w.org\/{rel}","templated":true}]}}