{"id":1027,"date":"2018-11-23T07:28:14","date_gmt":"2018-11-23T06:28:14","guid":{"rendered":"https:\/\/www.seetal-chile.ch\/?page_id=1027"},"modified":"2023-11-10T08:34:32","modified_gmt":"2023-11-10T07:34:32","slug":"impressum","status":"publish","type":"page","link":"https:\/\/www.seetal-chile.ch\/it\/impressum\/","title":{"rendered":"Impronta"},"content":{"rendered":"<h1>\n\t\tImpronta\n\t<\/h1>\n<h2>\n\t\tContatto\n\t<\/h2>\n\tseetal chile<br \/>\nChrischonaweg 2<br \/>\nCH - 5703 Seon\nTelefono: <a href=\"tel:+41 (0)62 552 07 00\">+41 (0)62 552 07 00<\/a><br \/>\nE-mail: <a href=\"mailto:info@seetal-chile.ch\">info@seetal-chile.ch<\/a><br \/>\nWeb: <a href=\"https:\/\/www.seetal-chile.ch\/it\/\">https:\/\/www.seetal-chile.ch<\/a>\n<p>Facciamo parte dell'associazione <a href=\"https:\/\/vivakirche.ch\" target=\"_blank\" rel=\"noopener\">Chiesa Viva Svizzera<\/a>.<\/p>\n<h2>\n\t\tPropriet\u00e0\n\t<\/h2>\n\t<p>Il sito web \u00e8 di propriet\u00e0 dell'associazione <a href=\"https:\/\/vivakirche.ch\" target=\"_blank\" rel=\"noopener\">Chiesa Viva Svizzera<\/a>.<\/p>\n<h2>\n\t\tImplementazione della presenza su internet\n\t<\/h2>\n\t<p>Produzione multimediale e pubblicazione sul web di seetal chile<\/p>\n<p>Contatto: <a href=\"mailto:multimedia@seetal-chile.ch\">multimedia@seetal-chile.ch<\/a><\/p>\n<p>Ideazione e progettazione: <a href=\"https:\/\/www.corara.ch\" target=\"_blank\" rel=\"noopener\">corara KLG<\/a><\/p>\n<h2>\n\t\tFunzionamento tecnico Presenza su Internet\n\t<\/h2>\n\t<p>Churcholution GmbH, Servizi informatici per le chiese, Chrischonaweg 2, CH - 5703 Seon<\/p>\n<p><a href=\"https:\/\/www.churcholution.ch\" target=\"_blank\" rel=\"noopener\">https:\/\/www.churcholution.ch<\/a><\/p>\n<h2>\n\t\tEsclusione di responsabilit\u00e0\n\t<\/h2>\n\t<p>L'autore non si assume alcuna responsabilit\u00e0 in merito alla correttezza, all'accuratezza, all'aggiornamento, all'affidabilit\u00e0 e alla completezza delle informazioni. Le richieste di risarcimento per danni causati dall'uso delle informazioni fornite, comprese quelle incomplete o errate, saranno pertanto respinte.<\/p>\n<p>Tutte le offerte non sono vincolanti. L'autore si riserva espressamente il diritto di modificare, integrare o cancellare parti delle pagine o l'intera offerta senza alcun preavviso o di interrompere la pubblicazione temporaneamente o definitivamente.<\/p>\n<h2>\n\t\tDisclaimer per i link\n\t<\/h2>\n\t<p>I riferimenti e i link a siti web di terzi non rientrano nella nostra sfera di responsabilit\u00e0. Si declina ogni responsabilit\u00e0 per tali siti web. L'accesso e l'utilizzo di tali siti web \u00e8 a rischio del rispettivo utente.<\/p>\n<h2>\n\t\tCopyright\n\t<\/h2>\n\t<p>I diritti d'autore e tutti gli altri diritti sui contenuti, le immagini, le foto o altri file presenti in questo sito web appartengono esclusivamente a seetal chile (Chrischona Gemeinde Seon) o ai titolari dei diritti d'autore specificamente indicati. Per la riproduzione di qualsiasi elemento \u00e8 necessario ottenere preventivamente il consenso scritto del titolare del copyright.<\/p>\n\t<p><em>Fonte: Generatore di Imperessum da SwissAnwalt<\/em><\/p>","protected":false},"excerpt":{"rendered":"<p>Contatto seetal chile Chrischonaweg 2 CH - 5703 Seon Telefono: +41 (0)62 552 07 00 E-mail: info@seetal-chile.ch Web: https:\/\/www.seetal-chile.ch Facciamo parte dell'associazione Viva Church Switzerland. Propriet\u00e0 Il sito web \u00e8 di propriet\u00e0 dell'associazione Viva Church Switzerland. Realizzazione Presenza su Internet Produzione multimediale e pubblicazione web a cura di seetal chile Contatto: multimedia@seetal-chile.ch Ideazione e design: corara KLG Gestione tecnica...<\/p>","protected":false},"author":1,"featured_media":0,"parent":0,"menu_order":5,"comment_status":"closed","ping_status":"closed","template":"","meta":{"_acf_changed":false,"footnotes":""},"class_list":["post-1027","page","type-page","status-publish","hentry"],"acf":[],"_links":{"self":[{"href":"https:\/\/www.seetal-chile.ch\/it\/wp-json\/wp\/v2\/pages\/1027","targetHints":{"allow":["GET"]}}],"collection":[{"href":"https:\/\/www.seetal-chile.ch\/it\/wp-json\/wp\/v2\/pages"}],"about":[{"href":"https:\/\/www.seetal-chile.ch\/it\/wp-json\/wp\/v2\/types\/page"}],"author":[{"embeddable":true,"href":"https:\/\/www.seetal-chile.ch\/it\/wp-json\/wp\/v2\/users\/1"}],"replies":[{"embeddable":true,"href":"https:\/\/www.seetal-chile.ch\/it\/wp-json\/wp\/v2\/comments?post=1027"}],"version-history":[{"count":1,"href":"https:\/\/www.seetal-chile.ch\/it\/wp-json\/wp\/v2\/pages\/1027\/revisions"}],"predecessor-version":[{"id":7101,"href":"https:\/\/www.seetal-chile.ch\/it\/wp-json\/wp\/v2\/pages\/1027\/revisions\/7101"}],"wp:attachment":[{"href":"https:\/\/www.seetal-chile.ch\/it\/wp-json\/wp\/v2\/media?parent=1027"}],"curies":[{"name":"wp","href":"https:\/\/api.w.org\/{rel}","templated":true}]}}