{"id":1034,"date":"2018-11-23T08:49:46","date_gmt":"2018-11-23T07:49:46","guid":{"rendered":"https:\/\/www.seetal-chile.ch\/?page_id=1034"},"modified":"2019-06-03T20:51:36","modified_gmt":"2019-06-03T18:51:36","slug":"faq","status":"publish","type":"page","link":"https:\/\/www.seetal-chile.ch\/it\/faq\/","title":{"rendered":"FAQ"},"content":{"rendered":"<h1>\n\t\tFAQ - Domande frequenti\n\t<\/h1>\n\t\t<h3>Chi sei?<\/h3>\t\t\n\t\t\t<p>Siamo un gruppo variopinto di persone del Seetal che credono in Ges\u00f9 e vivono la loro vita con lui. Ci incontriamo ogni domenica per vivere amicizie e incontrare Dio.<\/p>\n\t\t<h3>Che aspetto ha per te un normale servizio religioso?<\/h3>\t\t\n\t\t\t<p>Alle 09:15 apre il bistrot e potrai gustare caff\u00e8 e croissant. Alle 10:00 inizia la funzione. Elementi importanti sono la moderazione, il cantare insieme e un sermone attinente alla vita quotidiana. Una funzione di solito dura cinque quarti d'ora. In seguito, il bistrot offre pizze, panini con cotoletta, insalate e molto altro ancora. Sei il benvenuto se vuoi rimanere e pranzare con noi.<\/p>\n<p>Parallelamente al servizio, ci sono anche diverse attivit\u00e0 per i bambini di tutte le et\u00e0.<\/p>\n\t\t<h3>Cosa devo tenere a mente quando partecipo a una funzione religiosa?<\/h3>\t\t\n\t\t\t<p>Puoi passare a trovarci in qualsiasi momento e senza impegno. A <a href=\"https:\/\/www.seetal-chile.ch\/it\/gottesdienste\/\">Partecipazione al culto<\/a> non \u00e8 affatto complicato: vieni come ti senti a tuo agio. Se arrivi prima delle 10, saremo lieti di servirti un caff\u00e8 prima della funzione.<\/p>\n\t\t<h3>Per chi \u00e8 pi\u00f9 adatto il tuo programma?<\/h3>\t\t\n\t\t\t<p>Per noi \u00e8 molto importante che tutti si sentano a proprio agio con noi. Per questo motivo, ci assicuriamo che i nostri programmi siano adatti a tutte le generazioni e ai diversi interessi. Inoltre, abbiamo molte imbarcazioni diverse: siamo sicuri che c'\u00e8 qualcosa per te!<\/p>\n\t\t<h3>Come faccio a collegarmi?<\/h3>\t\t\n\t\t\t<p>La cosa migliore \u00e8 fare un salto e fermarsi nel bistrot con gli altri fedeli dopo la funzione. Siamo molto aperti e felici di conoscerti meglio. Siamo anche felici di aiutarti a trovare una connessione: abbiamo molte offerte adatte a te per facilitarti l'inizio.<\/p>\n\t\t<h3>Chi lavora nell'seetal chile?<\/h3>\t\t\n\t\t\t<p>Abbiamo un team di personale snello che \u00e8 attivamente supportato da molti volontari. Ecco perch\u00e9 l'seetal chile \u00e8 uno sforzo congiunto di molte persone che vi investono il loro tempo e la loro passione, che si tratti del programma per bambini, di una band o del bistrot.<\/p>\n\t\t\t<a href=\"#\" role=\"button\">\n\t\t\t\t\t\t\tAltre domande\n\t\t\t\t\t<\/a>\n\t\t<iframe class=\"sc-form\" allowtransparency=\"true\" src=\"https:\/\/forms.seetal-chile.ch\/form\/?formkey=xgk7n&formtitle=Kontakt\" frameborder=\"0\" allowfullscreen=\"\" style=\"width: 100%; min-height: 100%;\"><\/iframe>","protected":false},"excerpt":{"rendered":"<p>FAQ - Domande frequenti Chi siete? Siamo un gruppo variopinto di persone provenienti dal Seetal che credono in Ges\u00f9 e che modellano la loro vita con lui. Ci incontriamo ogni domenica per vivere le nostre amicizie e incontrare Dio. Come si svolge una normale funzione religiosa per voi? Alle 09:15 la chiesa apre...<\/p>","protected":false},"author":1,"featured_media":0,"parent":0,"menu_order":4,"comment_status":"closed","ping_status":"closed","template":"","meta":{"_acf_changed":false,"footnotes":""},"class_list":["post-1034","page","type-page","status-publish","hentry"],"acf":[],"_links":{"self":[{"href":"https:\/\/www.seetal-chile.ch\/it\/wp-json\/wp\/v2\/pages\/1034","targetHints":{"allow":["GET"]}}],"collection":[{"href":"https:\/\/www.seetal-chile.ch\/it\/wp-json\/wp\/v2\/pages"}],"about":[{"href":"https:\/\/www.seetal-chile.ch\/it\/wp-json\/wp\/v2\/types\/page"}],"author":[{"embeddable":true,"href":"https:\/\/www.seetal-chile.ch\/it\/wp-json\/wp\/v2\/users\/1"}],"replies":[{"embeddable":true,"href":"https:\/\/www.seetal-chile.ch\/it\/wp-json\/wp\/v2\/comments?post=1034"}],"version-history":[{"count":0,"href":"https:\/\/www.seetal-chile.ch\/it\/wp-json\/wp\/v2\/pages\/1034\/revisions"}],"wp:attachment":[{"href":"https:\/\/www.seetal-chile.ch\/it\/wp-json\/wp\/v2\/media?parent=1034"}],"curies":[{"name":"wp","href":"https:\/\/api.w.org\/{rel}","templated":true}]}}