{"id":166,"date":"2018-06-27T15:52:07","date_gmt":"2018-06-27T13:52:07","guid":{"rendered":"https:\/\/www.seetal-chile.ch\/?page_id=166"},"modified":"2026-02-23T16:02:13","modified_gmt":"2026-02-23T15:02:13","slug":"gottesdienste","status":"publish","type":"page","link":"https:\/\/www.seetal-chile.ch\/it\/gottesdienste\/","title":{"rendered":"Servizi della chiesa"},"content":{"rendered":"<h1>\n\t\t\tI nostri servizi\t<\/h1>\n<h4  data-animation-delay=\"0.0\" data-animation-duration=\"1\">\n\t\t\tServizio del mattino successivo\t<\/h4>\n\t<div class=\"ctc-calendar calendar-style-white calendar-hide-separator calendar-no-space calendar-hide-caption\"><div class=\"calendar-listview\">\r\n    <!-- SECTION.START #Appointments_dd5a1bea-fa25-4cfb-a606-8945d8900cb3 --><div class=\"calendar-listview-item\">\r\n        <div class=\"calendar-listview-date\">Gio 26\/04\/2026 | 10:00 - 11:30.<\/div>\r\n        <div class=\"calendar-listview-caption\"><a target=\"_blank\" href=\"https:\/\/www.seetal-chile.ch\/it\/gottesdienste\/\">Servizio di culto<\/a><\/div>\r\n        <div class=\"calendar-listview-information\"><\/div>\r\n        <div class=\"calendar-listview-note\"><\/div>\r\n    <\/div><!-- SECTION.END #Appointments_dd5a1bea-fa25-4cfb-a606-8945d8900cb3 -->\r\n<\/div><\/div>\n<h4  data-animation-delay=\"0.0\" data-animation-duration=\"1\">\n\t\t\tIl prossimo servizio serale\t<\/h4>\n\t<div class=\"ctc-calendar calendar-style-white calendar-hide-separator calendar-no-space calendar-hide-caption\"><div class=\"calendar-listview\">\r\n    <!-- SECTION.START #Appointments_27b0e2ad-a12a-42f0-9ca7-f46a69f02aad --><div class=\"calendar-listview-item\">\r\n        <div class=\"calendar-listview-date\">Gio 26\/04\/2026 | 19:00 - 20:30<\/div>\r\n        <div class=\"calendar-listview-caption\"><a target=\"_blank\" href=\"https:\/\/blog.seetal-chile.ch\/2026\/04\/05\/wenn-dienen-zur-staerke-wird\/\">Adorazione serale<\/a><\/div>\r\n        <div class=\"calendar-listview-information\"><\/div>\r\n        <div class=\"calendar-listview-note\"><\/div>\r\n    <\/div><!-- SECTION.END #Appointments_27b0e2ad-a12a-42f0-9ca7-f46a69f02aad -->\r\n<\/div><\/div>\n<h3><em>\"Il momento pi\u00f9 importante \u00e8 la funzione religiosa settimanale della domenica.<\/em><br \/>\n<em>Profondit\u00e0 in modo coinvolgente e creativo\".<\/em><\/h3>\n<h2  data-animation-delay=\"0.0\" data-animation-duration=\"1\">\n\t\t\tFunzioni religiose settimanali\t<\/h2>\n\t<p>\u00c8 qui che tutti i fili si uniscono: Ci riuniamo come chiesa ogni domenica alle 10:00, incontriamo Dio e ci godiamo la vita insieme. Sei il benvenuto se vuoi partecipare a una delle nostre funzioni in qualsiasi momento. Non c'\u00e8 nulla di cui preoccuparsi: puoi venire cos\u00ec come sei. Non vediamo l'ora di conoscerti!<\/p>\n<h3  id=\"kids\" data-animation-delay=\"0\" data-animation-duration=\"1\">\n\t\t\tProgramma per bambini e ragazzi\t<\/h3>\n\t<h4>Da 0 anni a un piccolo asilo<\/h4>\n<p>Per i nostri soci pi\u00f9 giovani, offriamo un <a href=\"https:\/\/www.seetal-chile.ch\/it\/aktivitaet\/kinderhuete\/\">Kinderh\u00fceti<\/a> an.<\/p>\n\t<h4>Piccola scuola materna fino al settimo anno<\/h4>\n<p><a href=\"https:\/\/www.seetal-chile.ch\/it\/aktivitaet\/glow-kigo\/\" target=\"_blank\" rel=\"noopener\">glow Kigo<\/a> \u00e8 il servizio per bambini dell'seetal chile e si rivolge a tutti i bambini dall'asilo al quinto anno. <a href=\"https:\/\/www.seetal-chile.ch\/it\/aktivitaet\/glow-preteens\/\" target=\"_blank\" rel=\"noopener\">bagliore Preadolescenti<\/a> \u00e8 per i ragazzi del 6\u00b0 e 7\u00b0 anno. Entrambi si svolgono parallelamente alle funzioni religiose nel centro giovanile.<\/p>\n\n\t<h4>Dall'ottava classe<\/h4>\n<p>I giovani dall'ottava classe in poi sono invitati a partecipare alle nostre funzioni!<\/p>\n<h3  id=\"translation\" data-animation-delay=\"0\" data-animation-duration=\"1\">\n\t\t\t\u00dcbersetzung \/ Traduzione\t<\/h3>\n\t<p>I nostri servizi sono originariamente parlati in dialetto. Ma hai la possibilit\u00e0 di ascoltare dal vivo in una lingua tradotta. Tutto ci\u00f2 di cui hai bisogno \u00e8 il tuo smartphone e delle cuffie. Ci sono persone in loco che saranno felici di istruirti.<\/p>\nAttualmente offriamo traduzioni per l'ascolto nelle seguenti lingue:<br \/>\n<img loading=\"lazy\" decoding=\"async\" title=\"Tedesco\" src=\"https:\/\/www.seetal-chile.ch\/wp-content\/plugins\/translatepress-multilingual\/assets\/images\/flags\/de_DE.png\" alt=\"de_DE\" width=\"18\" height=\"12\" \/> Alto tedesco\n<p>Puoi trovare maggiori informazioni qui:\u00a0<a href=\"http:\/\/translation.seetal-chile.ch\" target=\"_blank\" rel=\"noopener\">traduzione.seetal-chile.ch<\/a><\/p>\n<h2  data-animation-delay=\"0.0\" data-animation-duration=\"1\">\n\t\t\tAdorazione serale\t<\/h2>\n\t<p>Una volta al mese ci riuniamo anche di sera per una funzione \"semplice e commovente\". Semplice e commovente perch\u00e9 questi servizi sono meno elaborati, ma ancora pi\u00f9 personali. Per raggiungere questo obiettivo \u00e8 necessario che i singoli cittadini condividano la loro esperienza di Dio nella vita di tutti i giorni. Nella parte di culto ci piace pregare per i singoli, che si tratti di guarigione o di una benedizione speciale. Le funzioni serali non saranno trasmesse in livestreaming.<\/p>\n<h3  data-animation-delay=\"0.0\" data-animation-duration=\"1\">\n\t\t\tProssimi appuntamenti\t<\/h3>\n\t<div class=\"ctc-calendar calendar-style-white calendar-hide-caption calendar-hide-information calendar-hide-note\"><div class=\"calendar-listview\">\r\n    <!-- SECTION.START #Appointments_1f02897e-fcf6-420a-a3d6-28da0d7e1899 --><div class=\"calendar-listview-item\">\r\n        <div class=\"calendar-listview-date\">Gio 26\/04\/2026 | 19:00 - 20:30<\/div>\r\n        <div class=\"calendar-listview-caption\"><a target=\"_blank\" href=\"https:\/\/blog.seetal-chile.ch\/2026\/04\/05\/wenn-dienen-zur-staerke-wird\/\">Adorazione serale<\/a><\/div>\r\n        <div class=\"calendar-listview-information\"><\/div>\r\n        <div class=\"calendar-listview-note\"><\/div>\r\n    <\/div><div class=\"calendar-listview-item\">\r\n        <div class=\"calendar-listview-date\">Gio. 31.05.2026 | 19:00 - 20:30<\/div>\r\n        <div class=\"calendar-listview-caption\"><a target=\"_blank\" href=\"https:\/\/www.seetal-chile.ch\/it\/gottesdienste\/\">Adorazione serale<\/a><\/div>\r\n        <div class=\"calendar-listview-information\"><\/div>\r\n        <div class=\"calendar-listview-note\"><\/div>\r\n    <\/div><div class=\"calendar-listview-item\">\r\n        <div class=\"calendar-listview-date\">Gio 23.08.2026 | 19:00 - 20:30<\/div>\r\n        <div class=\"calendar-listview-caption\"><a target=\"_blank\" href=\"https:\/\/www.seetal-chile.ch\/it\/gottesdienste\/\">Adorazione serale<\/a><\/div>\r\n        <div class=\"calendar-listview-information\"><\/div>\r\n        <div class=\"calendar-listview-note\"><\/div>\r\n    <\/div><div class=\"calendar-listview-item\">\r\n        <div class=\"calendar-listview-date\">Gio 20\/09\/2026 | 19:00 - 20:30<\/div>\r\n        <div class=\"calendar-listview-caption\"><a target=\"_blank\" href=\"https:\/\/www.seetal-chile.ch\/it\/gottesdienste\/\">Adorazione serale<\/a><\/div>\r\n        <div class=\"calendar-listview-information\"><\/div>\r\n        <div class=\"calendar-listview-note\"><\/div>\r\n    <\/div><div class=\"calendar-listview-item\">\r\n        <div class=\"calendar-listview-date\">Gio. 25.10.2026 | 19:00 - 20:30<\/div>\r\n        <div class=\"calendar-listview-caption\"><a target=\"_blank\" href=\"https:\/\/www.seetal-chile.ch\/it\/gottesdienste\/\">Adorazione serale<\/a><\/div>\r\n        <div class=\"calendar-listview-information\"><\/div>\r\n        <div class=\"calendar-listview-note\"><\/div>\r\n    <\/div><!-- SECTION.END #Appointments_1f02897e-fcf6-420a-a3d6-28da0d7e1899 -->\r\n<\/div><\/div>\n<h3  id=\"jahresthema\" data-animation-delay=\"0.0\" data-animation-duration=\"1\">\n\t\t\tTema annuale 2026\t<\/h3>\n<h2  id=\"jahresthema\" data-animation-delay=\"0.0\" data-animation-duration=\"1\">\n\t\t\t\"Semplice. Tranquillo. Presente\".\t<\/h2>\n\t<p>Il tema del 2026 \u00e8: \"Semplice. Tranquillo. Presente\".<\/p>\n<p>Il versetto biblico per questo \u00e8: \"Sii tranquillo e sappi che io sono Dio!\". Salmo 46:11a<\/p>\n<p>In einer lauten und vollen Welt wollen wir gemeinsam neu lernen, was es heisst, einfach zu leben &#8211; nicht aus Verzicht, sondern aus Sehnsucht. Wir schaffen Raum &#8211; in unseren Herzen, in unserem Alltag, in unserer Kirche &#8211; damit Gottes Stimme h\u00f6rbar, seine Liebe sp\u00fcrbar und seine F\u00fchrung erkennbar wird.<\/p>\n<h3  id=\"jahresthema\" data-animation-delay=\"0.0\" data-animation-duration=\"1\">\n\t\t\tTeaser #1\t<\/h3>\n\t\t<iframe loading=\"lazy\" width=\"1056\" height=\"594\" src=\"https:\/\/www.youtube.com\/embed\/bxDGUxPLfLw\" title=\"\" frameborder=\"0\" allow=\"accelerometer; autoplay; clipboard-write; encrypted-media; gyroscope; picture-in-picture; web-share\" referrerpolicy=\"strict-origin-when-cross-origin\" allowfullscreen><\/iframe>\t\n<h3  id=\"jahresthema\" data-animation-delay=\"0.0\" data-animation-duration=\"1\">\n\t\t\tTeaser #2\t<\/h3>\n\t\t<iframe loading=\"lazy\" width=\"1092\" height=\"614\" src=\"https:\/\/www.youtube.com\/embed\/RPVvGp982zc\" title=\"\" frameborder=\"0\" allow=\"accelerometer; autoplay; clipboard-write; encrypted-media; gyroscope; picture-in-picture; web-share\" referrerpolicy=\"strict-origin-when-cross-origin\" allowfullscreen><\/iframe>\t\n<h2  data-animation-delay=\"0.0\" data-animation-duration=\"1\">\n\t\t\tUltimi sermoni\t<\/h2>\n\t<div id=\"sc-wptools-node-d997723b-0823-4a9f-8cb4-16dede8ef6fc\" class=\"sc-wptools-show-posts\"><!-- SECTION.START #Type_49d59723-5a7b-4b14-9739-1de45e497985 --><div class=\"sc-wptools-grid sc-wptools-show-posts-sermons\">\n    <div class=\"sc-wptools-items\">\n        <div class=\"row\">\n            <!-- SECTION.START #Items_85964ad2-64ce-41c1-884f-45ff7a7f0ee3 --><div id=\"sc-wptools-item-32eea986-f0b0-4551-ad66-470cf8bd0ff1\" class=\"col-sm sc-wptools-item sc-wptools-item-1\">\n                <a class=\"stretched-link\" href=\"#\" onclick=\"sc_wptools_openDetail('d997723b-0823-4a9f-8cb4-16dede8ef6fc', '32eea986-f0b0-4551-ad66-470cf8bd0ff1', 'OwmWRBFgkDg');return false;\" target=\"_self\"><\/a>\n                <div class=\"sc-wptools-image-container\">\n                    <img decoding=\"async\" class=\"sc-wptools-item-image\" src=\"https:\/\/sermons.seetal-chile.ch\/wp-content\/uploads\/2025\/12\/Serie_Einfach-Leise-Gegenwaertig-scaled.jpg\" alt=\"Erwartungen vs. Er wartet\">\n                    <div class=\"sc-wptools-item-overlay\">\n                        <div class=\"sc-wptools-item-overlay-icon\">\n                            <i class=\"fas fa-play\" aria-hidden=\"true\"><\/i>\n                        <\/div>\n                    <\/div>\n                <\/div>\n                <div class=\"sc-wptools-content-wrap\">\n                    <h3 class=\"sc-wptools-item-title\">Aspettative e attesa<\/h3>\n                    <div class=\"sc-wptools-item-meta\">Cornelia Roth | 19.04.2026<\/div>\n                    <div class=\"sc-wptools-item-excerpt\">Le nostre azioni sono guidate dalle aspettative. Per Ges\u00f9, invece, \u00e8 chiaro che solo una cosa \u00e8 davvero importante: cercare la sua vicinanza. Lui ci aspetta pazientemente. Pi\u00f9 cerchiamo la sua presenza...<\/div>\n                    <div class=\"sc-wptools-item-detail-prepared\">\n                        <div class=\"row sc-wptools-detail-close-row\">\n                            <div class=\"col-md-12 sc-wptools-detail-close-col\">\n                                <a class=\"sc-wptools-detail-close\" href=\"#\" onclick=\"sc_wptools_closeDetail('d997723b-0823-4a9f-8cb4-16dede8ef6fc');return false;\" target=\"_self\">\u2715<\/a>\n                            <\/div>\n                        <\/div>\n                        <div class=\"sc-wptools-detail-container\">\n                            <div class=\"row justify-content-between\"> <div class=\"col-md-4 sc-wptools-item-detail-col\">\n                                                <div class=\"sc-wptools-detail-preheader\">Sermone del 19.04.2026<\/div>\n                                                <h2 class=\"sc-wptools-detail-title\"> Aspettative e attesa<\/h2>\n                                                <div class=\"sc-wptools-detail-subtitle\">Semplice. Tranquillo. Presente.<\/div>\n                                                <div class=\"sc-wptools-detail-author\">\n                                                    <img decoding=\"async\" class=\"sc-wptools-detail-author-image\" src=\"https:\/\/sermons.seetal-chile.ch\/wp-content\/uploads\/2023\/06\/Cornelia-Roth-300x300.jpg\" alt=\"Cornelia Roth\">\n                                                    <div class=\"sc-wptools-detail-author-details\">\n                                                        <div class=\"sc-wptools-detail-author-name\">Cornelia Roth<\/div>\n                                                        <div class=\"sc-wptools-detail-author-function\"><\/div>  \n                                                    <\/div>\n                                                <\/div>\n                                                <div class=\"sc-wptools-detail-excerpt\">Le nostre azioni sono guidate dalle aspettative. Per Ges\u00f9, invece, \u00e8 chiaro che solo una cosa \u00e8 davvero importante: cercare la sua vicinanza. Lui ci aspetta pazientemente. Pi\u00f9 cerchiamo la sua presenza...<\/div>\n                                                <a class=\"sc-wptools-button sc-wptools-detail-readmore\" href=\"https:\/\/sermons.seetal-chile.ch\/sermons\/erwartungen-vs-er-wartet\/\" target=\"_blank\">Leggi tutto<\/a>\n                                            <\/div>\n                                            <div class=\"col-md-8 sc-wptools-item-detail-col sc-wptools-detail-video-container\"><\/div>\n                                         <\/div>\n                        <\/div>\n                    <\/div>\n                <\/div>\n            <\/div><div id=\"sc-wptools-item-76bbdf9b-142b-478e-b186-759c387c9c44\" class=\"col-sm sc-wptools-item sc-wptools-item-2\">\n                <a class=\"stretched-link\" href=\"#\" onclick=\"sc_wptools_openDetail('d997723b-0823-4a9f-8cb4-16dede8ef6fc', '76bbdf9b-142b-478e-b186-759c387c9c44', '-ECxKuOnqbc');return false;\" target=\"_self\"><\/a>\n                <div class=\"sc-wptools-image-container\">\n                    <img decoding=\"async\" class=\"sc-wptools-item-image\" src=\"https:\/\/sermons.seetal-chile.ch\/wp-content\/uploads\/sermons\/2026\/04\/Thumbnails-YouTube-2026.png\" alt=\"Ein Rhythmus der Leben bringt\">\n                    <div class=\"sc-wptools-item-overlay\">\n                        <div class=\"sc-wptools-item-overlay-icon\">\n                            <i class=\"fas fa-play\" aria-hidden=\"true\"><\/i>\n                        <\/div>\n                    <\/div>\n                <\/div>\n                <div class=\"sc-wptools-content-wrap\">\n                    <h3 class=\"sc-wptools-item-title\">Un ritmo che porta la vita<\/h3>\n                    <div class=\"sc-wptools-item-meta\">Daniel Bieri | 12.04.2026<\/div>\n                    <div class=\"sc-wptools-item-excerpt\">Dio ha inserito la sua creazione - compresi noi esseri umani - in un ritmo. Se prestiamo attenzione a questi cicli, possiamo armonizzare il nostro corpo, la nostra memoria, le nostre emozioni e il nostro spirito...<\/div>\n                    <div class=\"sc-wptools-item-detail-prepared\">\n                        <div class=\"row sc-wptools-detail-close-row\">\n                            <div class=\"col-md-12 sc-wptools-detail-close-col\">\n                                <a class=\"sc-wptools-detail-close\" href=\"#\" onclick=\"sc_wptools_closeDetail('d997723b-0823-4a9f-8cb4-16dede8ef6fc');return false;\" target=\"_self\">\u2715<\/a>\n                            <\/div>\n                        <\/div>\n                        <div class=\"sc-wptools-detail-container\">\n                            <div class=\"row justify-content-between\"> <div class=\"col-md-4 sc-wptools-item-detail-col\">\n                                                <div class=\"sc-wptools-detail-preheader\">Sermone del 12.04.2026<\/div>\n                                                <h2 class=\"sc-wptools-detail-title\"> Un ritmo che porta la vita<\/h2>\n                                                <div class=\"sc-wptools-detail-subtitle\">Semplice. Tranquillo. Presente.<\/div>\n                                                <div class=\"sc-wptools-detail-author\">\n                                                    <img decoding=\"async\" class=\"sc-wptools-detail-author-image\" src=\"https:\/\/sermons.seetal-chile.ch\/wp-content\/uploads\/2021\/03\/daniel_bieri.jpg\" alt=\"Daniel Bieri\">\n                                                    <div class=\"sc-wptools-detail-author-details\">\n                                                        <div class=\"sc-wptools-detail-author-name\">Daniel Bieri<\/div>\n                                                        <div class=\"sc-wptools-detail-author-function\">Predicatore ospite nel seetal chile<\/div>  \n                                                    <\/div>\n                                                <\/div>\n                                                <div class=\"sc-wptools-detail-excerpt\">Dio ha inserito la sua creazione - compresi noi esseri umani - in un ritmo. Se prestiamo attenzione a questi cicli, possiamo armonizzare il nostro corpo, la nostra memoria, le nostre emozioni e il nostro spirito...<\/div>\n                                                <a class=\"sc-wptools-button sc-wptools-detail-readmore\" href=\"https:\/\/sermons.seetal-chile.ch\/sermons\/ein-rhythmus-der-leben-bringt\/\" target=\"_blank\">Leggi tutto<\/a>\n                                            <\/div>\n                                            <div class=\"col-md-8 sc-wptools-item-detail-col sc-wptools-detail-video-container\"><\/div>\n                                         <\/div>\n                        <\/div>\n                    <\/div>\n                <\/div>\n            <\/div><div id=\"sc-wptools-item-5c8f92c4-4b60-486f-af90-e2cc35891e17\" class=\"col-sm sc-wptools-item sc-wptools-item-3\">\n                <a class=\"stretched-link\" href=\"#\" onclick=\"sc_wptools_openDetail('d997723b-0823-4a9f-8cb4-16dede8ef6fc', '5c8f92c4-4b60-486f-af90-e2cc35891e17', 'or6ugQHAxyE');return false;\" target=\"_self\"><\/a>\n                <div class=\"sc-wptools-image-container\">\n                    <img decoding=\"async\" class=\"sc-wptools-item-image\" src=\"https:\/\/sermons.seetal-chile.ch\/wp-content\/uploads\/sermons\/2026\/04\/260403_TN-YouTube.png\" alt=\"Das Kreuz \u2013 was es f\u00fcr uns bedeutet\">\n                    <div class=\"sc-wptools-item-overlay\">\n                        <div class=\"sc-wptools-item-overlay-icon\">\n                            <i class=\"fas fa-play\" aria-hidden=\"true\"><\/i>\n                        <\/div>\n                    <\/div>\n                <\/div>\n                <div class=\"sc-wptools-content-wrap\">\n                    <h3 class=\"sc-wptools-item-title\">La croce: cosa significa per noi<\/h3>\n                    <div class=\"sc-wptools-item-meta\">Matthias Altwegg | 03.04.2026<\/div>\n                    <div class=\"sc-wptools-item-excerpt\">Il Venerd\u00ec Santo rivela la croce di Ges\u00f9 come il luogo della vittoria decisiva: la colpa \u00e8 perdonata, l'uomo \u00e8 giustificato, riconciliato con Dio e adottato nella sua famiglia. La morte perde il suo potere,...<\/div>\n                    <div class=\"sc-wptools-item-detail-prepared\">\n                        <div class=\"row sc-wptools-detail-close-row\">\n                            <div class=\"col-md-12 sc-wptools-detail-close-col\">\n                                <a class=\"sc-wptools-detail-close\" href=\"#\" onclick=\"sc_wptools_closeDetail('d997723b-0823-4a9f-8cb4-16dede8ef6fc');return false;\" target=\"_self\">\u2715<\/a>\n                            <\/div>\n                        <\/div>\n                        <div class=\"sc-wptools-detail-container\">\n                            <div class=\"row justify-content-between\"> <div class=\"col-md-4 sc-wptools-item-detail-col\">\n                                                <div class=\"sc-wptools-detail-preheader\">Sermone del 03.04.2026<\/div>\n                                                <h2 class=\"sc-wptools-detail-title\"> La croce: cosa significa per noi<\/h2>\n                                                <div class=\"sc-wptools-detail-subtitle\">Semplice. Tranquillo. Presente.<\/div>\n                                                <div class=\"sc-wptools-detail-author\">\n                                                    <img decoding=\"async\" class=\"sc-wptools-detail-author-image\" src=\"https:\/\/sermons.seetal-chile.ch\/wp-content\/uploads\/2018\/10\/Redner_Matthias_Altwegg-300x300.jpg\" alt=\"Matthias Altwegg\">\n                                                    <div class=\"sc-wptools-detail-author-details\">\n                                                        <div class=\"sc-wptools-detail-author-name\">Matthias Altwegg<\/div>\n                                                        <div class=\"sc-wptools-detail-author-function\">Pastore del seetal chile<\/div>  \n                                                    <\/div>\n                                                <\/div>\n                                                <div class=\"sc-wptools-detail-excerpt\">Il Venerd\u00ec Santo rivela la croce di Ges\u00f9 come il luogo della vittoria decisiva: la colpa \u00e8 perdonata, l'uomo \u00e8 giustificato, riconciliato con Dio e adottato nella sua famiglia. La morte perde il suo potere,...<\/div>\n                                                <a class=\"sc-wptools-button sc-wptools-detail-readmore\" href=\"https:\/\/sermons.seetal-chile.ch\/sermons\/das-kreuz-was-es-fuer-uns-bedeutet\/\" target=\"_blank\">Leggi tutto<\/a>\n                                            <\/div>\n                                            <div class=\"col-md-8 sc-wptools-item-detail-col sc-wptools-detail-video-container\"><\/div>\n                                         <\/div>\n                        <\/div>\n                    <\/div>\n                <\/div>\n            <\/div><!-- SECTION.END #Items_85964ad2-64ce-41c1-884f-45ff7a7f0ee3 -->\n        <\/div>\n    <\/div>\n    <div class=\"sc-wptools-visible-container\">\n        <div class=\"sc-wptools-item-detail-view\"><\/div>\n    <\/div>\n<\/div><!-- SECTION.END #Type_49d59723-5a7b-4b14-9739-1de45e497985 --><\/div>\n\t\t\t<a href=\"https:\/\/sermons.seetal-chile.ch\" target=\"_blank\" rel=\"noopener\">\n\t\t\t\t\t\t\tTutti i sermoni\n\t\t\t\t\t<\/a>\n<h2  id=\"jahresthema\" data-animation-delay=\"0.0\" data-animation-duration=\"1\">\n\t\t\tLivestream\t<\/h2>\n\t<p>Tutti i nostri servizi possono essere vissuti anche in livestream. In questo modo vogliamo offrire a quante pi\u00f9 persone possibile l'opportunit\u00e0 di entrare in contatto con la buona notizia di Ges\u00f9 Cristo.<\/p>\n<p>Vieni a dare un'occhiata!<\/p>\n<p>Ogni domenica alle 10:00 su <a href=\"https:\/\/live.seetal-chile.ch\" target=\"_blank\" rel=\"noopener\">live.seetal-chile.ch<\/a>\u00a0o sul nostro sito <a href=\"https:\/\/www.youtube.com\/channel\/UCirTtJDhtcnRkxNfczJ1IFQ\" target=\"_blank\" rel=\"noopener\">Canale YouTube<\/a>.<\/p>\n<h2  data-animation-delay=\"0.0\" data-animation-duration=\"1\">\n\t\t\tImpara cose importanti!\t<\/h2>\n<h4  data-animation-delay=\"0.0\" data-animation-duration=\"1\">\n\t\t\tRegistrati ora per ricevere la newsletter settimanale.\t<\/h4>\n\t\t\t<a href=\"#\" role=\"button\">\n\t\t\t\t\t\t\tRegistrati ora\n\t\t\t\t\t<\/a>\n\t\t\t<iframe class=\"sc-form\" allowtransparency=\"true\" src=\"https:\/\/forms.seetal-chile.ch\/form\/?formkey=n49cg&formtitle=Anmeldung+Newsletter\" frameborder=\"0\" allowfullscreen=\"\" style=\"width: 100%; min-height: 100%;\"><\/iframe>","protected":false},"excerpt":{"rendered":"<p>I nostri servizi religiosi Il prossimo servizio religioso del mattino Il prossimo servizio religioso della sera \"Il punto forte \u00e8 il nostro servizio religioso settimanale della domenica. Profonda in modo accattivante e creativo\". Funzioni religiose settimanali \u00c8 qui che tutto si riunisce: Ci riuniamo come chiesa ogni domenica alle 10:00, incontriamo Dio e gioiamo della vita insieme. Sei sempre il benvenuto a unirti a noi in...<\/p>","protected":false},"author":1,"featured_media":0,"parent":0,"menu_order":11,"comment_status":"closed","ping_status":"closed","template":"","meta":{"_acf_changed":false,"footnotes":""},"class_list":["post-166","page","type-page","status-publish","hentry"],"acf":[],"_links":{"self":[{"href":"https:\/\/www.seetal-chile.ch\/it\/wp-json\/wp\/v2\/pages\/166","targetHints":{"allow":["GET"]}}],"collection":[{"href":"https:\/\/www.seetal-chile.ch\/it\/wp-json\/wp\/v2\/pages"}],"about":[{"href":"https:\/\/www.seetal-chile.ch\/it\/wp-json\/wp\/v2\/types\/page"}],"author":[{"embeddable":true,"href":"https:\/\/www.seetal-chile.ch\/it\/wp-json\/wp\/v2\/users\/1"}],"replies":[{"embeddable":true,"href":"https:\/\/www.seetal-chile.ch\/it\/wp-json\/wp\/v2\/comments?post=166"}],"version-history":[{"count":20,"href":"https:\/\/www.seetal-chile.ch\/it\/wp-json\/wp\/v2\/pages\/166\/revisions"}],"predecessor-version":[{"id":7458,"href":"https:\/\/www.seetal-chile.ch\/it\/wp-json\/wp\/v2\/pages\/166\/revisions\/7458"}],"wp:attachment":[{"href":"https:\/\/www.seetal-chile.ch\/it\/wp-json\/wp\/v2\/media?parent=166"}],"curies":[{"name":"wp","href":"https:\/\/api.w.org\/{rel}","templated":true}]}}