{"id":182,"date":"2018-06-29T17:28:47","date_gmt":"2018-06-29T15:28:47","guid":{"rendered":"https:\/\/www.seetal-chile.ch\/?page_id=182"},"modified":"2026-03-09T10:54:07","modified_gmt":"2026-03-09T09:54:07","slug":"ueber-uns","status":"publish","type":"page","link":"https:\/\/www.seetal-chile.ch\/it\/ueber-uns\/","title":{"rendered":"Chi siamo"},"content":{"rendered":"<h1>\n\t\t\tConoscerci\t<\/h1>\n\t<p><a href=\"https:\/\/www.google.com\/maps\/place\/seetal+chile\/@47.343037,8.1574763,17z\/data=!3m1!4b1!4m5!3m4!1s0x479017c5215ea8bf:0x18ad334604e663cf!8m2!3d47.343037!4d8.159665\" target=\"_blank\" rel=\"noopener\">Chrischonaweg 2, CH-5703 Seon<\/a><\/p>\n\t<p><a href=\"mailto:info@seetal-chile.ch\">info@seetal-chile.ch<\/a><\/p>\n\t<p><a href=\"tel:+41625520700\">+41 (0)62 552 07 00<\/a><\/p>\n<h2  data-animation-delay=\"0.0\" data-animation-duration=\"1\">\n\t\t\tSei nuovo qui?\t<\/h2>\n\t<p>Vogliamo che tu possa orientarti il pi\u00f9 rapidamente possibile e sentirti a casa. Per aiutarti a raggiungere questo obiettivo, vorremmo presentarti brevemente la nostra struttura.<\/p>\n<p>Ci piacerebbe conoscere anche te. Non vediamo l'ora!<\/p>\n\t\t\t<a href=\"https:\/\/www.seetal-chile.ch\/it\/aktivitaeten\/\" target=\"_self\">\n\t\t\t\t\t\t\tLe nostre attivit\u00e0\n\t\t\t\t\t<\/a>\n<h2  id=\"wwglauben\" data-animation-delay=\"0.0\" data-animation-duration=\"1\">\n\t\t\tCosa crediamo\t<\/h2>\n\t<p>Crediamo che tutti possano vivere una relazione personale con il Dio vivente attraverso Ges\u00f9 Cristo. Questa relazione \u00e8 il senso della vita: in essa sperimentiamo pace interiore e molta gioia.<\/p>\n<h2  id=\"auftrag\" data-animation-delay=\"0.0\" data-animation-duration=\"1\">\n\t\t\tLa nostra missione\t<\/h2>\n\t<p><strong>Collezione<\/strong>seetal chile vuole essere un luogo in cui le persone amano venire e trovare uno spazio vitale in cui sperimentare accettazione, spazio e libert\u00e0.<\/p>\n<p><strong>Rafforzamento<\/strong>Nel seetal chile, le persone devono essere messe in contatto con il Dio vivente. Attraverso di lui sono incoraggiati e rafforzati.<\/p>\n<p><strong>Trasmissione<\/strong>La vita reale non si svolge di domenica, ma dal luned\u00ec al venerd\u00ec. Nell'seetal chile, le persone devono essere consapevolmente equipaggiate e inviate per la loro vita quotidiana.<\/p>\n\t\t\t\t\t\t\t\t\t<img loading=\"lazy\" decoding=\"async\" src=\"https:\/\/www.seetal-chile.ch\/wp-content\/uploads\/2023\/04\/vision_seetal_chile_4K-scaled.jpg\" alt=\"Visionsbild seetal chile\" itemprop=\"image\" height=\"1440\" width=\"2560\" srcset=\"https:\/\/www.seetal-chile.ch\/wp-content\/uploads\/2023\/04\/vision_seetal_chile_4K-scaled.jpg 2560w, https:\/\/www.seetal-chile.ch\/wp-content\/uploads\/2023\/04\/vision_seetal_chile_4K-300x169.jpg 300w, https:\/\/www.seetal-chile.ch\/wp-content\/uploads\/2023\/04\/vision_seetal_chile_4K-2000x1125.jpg 2000w, https:\/\/www.seetal-chile.ch\/wp-content\/uploads\/2023\/04\/vision_seetal_chile_4K-768x432.jpg 768w, https:\/\/www.seetal-chile.ch\/wp-content\/uploads\/2023\/04\/vision_seetal_chile_4K-1536x864.jpg 1536w, https:\/\/www.seetal-chile.ch\/wp-content\/uploads\/2023\/04\/vision_seetal_chile_4K-2048x1152.jpg 2048w, https:\/\/www.seetal-chile.ch\/wp-content\/uploads\/2023\/04\/vision_seetal_chile_4K-18x10.jpg 18w, https:\/\/www.seetal-chile.ch\/wp-content\/uploads\/2023\/04\/vision_seetal_chile_4K-600x338.jpg 600w, https:\/\/www.seetal-chile.ch\/wp-content\/uploads\/2023\/04\/vision_seetal_chile_4K-900x506.jpg 900w, https:\/\/www.seetal-chile.ch\/wp-content\/uploads\/2023\/04\/vision_seetal_chile_4K-1200x675.jpg 1200w\" sizes=\"auto, (max-width: 2560px) 100vw, 2560px\" title=\"Schermo di visione seetal chile\" onerror=\"this.style.display='none'\"  \/>\n<h2  data-animation-delay=\"0.0\" data-animation-duration=\"1\">\n\t\t\tLa nostra visione\t<\/h2>\n\t\t\t\t\t<a href=\"#\"  id=\"fl-accordion--label-0\" tabindex=\"0\" aria-controls=\"fl-accordion--panel-0\">Il nostro desiderio \u00e8 quello di far sembrare l'seetal chile un villaggio. Saremo lieti di presentartelo:<\/a>\n\t\t\t\t\t\t\t\t\t\t\t<a href=\"#\" id=\"fl-accordion--icon-0\"  tabindex=\"0\"><i title=\"Espandi\">Espandi<\/i><\/a>\n\t\t\t\t\tLo raggiungiamo attraverso una rete di strade che collega molte comunit\u00e0. Veniamo accolti calorosamente non appena raggiungiamo la periferia del villaggio e una cosa diventa subito chiara: questo villaggio mescola il ritmo della vita con una tranquillit\u00e0 idilliaca. \u00c8 facile raggiungere il centro, proprio vicino alla Platz der Generationen. Una fontana zampilla pacificamente al centro e noi beviamo un sorso della sua acqua rinfrescante. \u00c8 un'immagine di Ges\u00f9 Cristo, che ci offre acqua viva. Il Luogo delle Generazioni dimostra che siamo aperti a tutte le generazioni e che pensiamo sempre a quella successiva. La nostra sala banchetti con le porte aperte, che fa da cornice alle funzioni religiose, si trova al centro. Passando davanti ad essa, si incontrano molti altri edifici. Questi sono tutti ben collegati e formano diversi gruppi. Ovunque andiamo, incontriamo persone che riempiono il villaggio di vita. Alcuni chiacchierano, altri giocano e uno taglia il prato: del resto, la cooperazione \u00e8 molto importante e incoraggiata nel nostro villaggio. All'improvviso ci troviamo di fronte a un cartello con scritto \"Terreno edificabile in vendita\", segno che vogliamo continuare a svilupparci e ad accogliere nuovi abitanti.<br \/>\nMa il nostro villaggio non \u00e8 isolato e chiuso. Al contrario, c'\u00e8 un vivace scambio con i residenti esterni al seetal chile. Da un lato, questo \u00e8 simboleggiato dal centro comunitario, che esprime la nostra solidariet\u00e0 con le comunit\u00e0 politiche della Bassa Seetal. Dall'altro lato, ai margini del villaggio si trovano anche il mondo del lavoro e una casa che rappresenta l'istruzione. Questo dimostra che gli abitanti del villaggio trascorrono il loro tempo anche altrove. Vorremmo che la vita del nostro villaggio avesse un impatto positivo sui settori della politica, dell'economia e dell'istruzione. Ai margini del nostro villaggio si trova anche il centro di riciclaggio, il che dimostra che anche noi abbiamo il coraggio di provare cose nuove, di lasciarci alle spalle quelle vecchie e di voler affrontare sempre cose nuove, sia come chiesa che come individui.\n<h2  id=\"ort\" data-animation-delay=\"0.0\" data-animation-duration=\"1\">\n\t\t\tPosizione\t<\/h2>\n\t<p>La sede di seetal chile si trova vicino al centro del paese di Seon, in Chrischonaweg 2, ed \u00e8 quindi facilmente raggiungibile da tutte le direzioni.<\/p>\n\t<p>Abbiamo un parcheggio gratuito per auto, bici e moto. L'accesso avviene tramite la tangenziale.<\/p>\n\t<p>Il nostro nuovo centro \u00e8 stato inaugurato all'inizio del 2014 e offre spazio sufficiente per le nostre funzioni religiose e per altri grandi eventi. Le infrastrutture e gli ambienti spaziosi, con i loro accenti moderni, ci invitano a rimanere e a divertirci insieme.<\/p>\n\t<p>Puoi raggiungerci facilmente con i mezzi pubblici: la passeggiata dalla stazione dura circa 7 minuti.<\/p>\n\t<p>Il nostro centro giovanile \u00e8 il fulcro dei nostri bambini e ragazzi. La struttura multifunzionale viene utilizzata per diversi scopi, come servizi per bambini, gruppi giovanili e corsi. Il parco giochi adiacente garantisce il divertimento all'aria aperta per i bambini.<\/p>\n<h2>\n\t\t\tI veri leader non creano seguaci, ma altri leader.\t<\/h2>\n\t<p>Matthias Altwegg<\/p>\n<h2  data-animation-delay=\"0.0\" data-animation-duration=\"1\">\n\t\t\tGestione\t<\/h2>\n\t<p>La direzione dell'seetal chile si organizza in diverse aree di responsabilit\u00e0 e si impegna a fondo per farti sentire a casa con noi.<\/p>\n<h3  data-animation-delay=\"0.0\" data-animation-duration=\"1\">\n\t\t\tIl nostro team\t<\/h3>\n\t\t\t\t\t\t\t\t\t<img loading=\"lazy\" decoding=\"async\" src=\"https:\/\/www.seetal-chile.ch\/wp-content\/uploads\/bb-plugin\/cache\/Mitarbeiter_Matthias-Altwegg_V1-scaled-circle.jpg\" alt=\"Mitarbeiter Matthias Altwegg\" itemprop=\"image\" height=\"2560\" width=\"2560\" title=\"Personale Matthias Altwegg\" onerror=\"this.style.display='none'\"  \/>\n<h3  data-animation-delay=\"0.0\" data-animation-duration=\"1\">\n\t\t\tMatthias Altwegg\t<\/h3>\n\tPastore<br \/>\nLeadership visionaria\n\t<a href=\"mailto:matthias.altwegg@seetal-chile.ch\">matthias.altwegg@seetal-chile.ch<\/a><br \/>\n<a href=\"tel:+41625520700\">062 552 07 00<\/a>\n\t\t\t\t\t\t\t\t\t<img loading=\"lazy\" decoding=\"async\" src=\"https:\/\/www.seetal-chile.ch\/wp-content\/uploads\/bb-plugin\/cache\/cedric_bruegger-circle.jpg\" alt=\"C\u00e9dric Br\u00fcgger\" itemprop=\"image\" height=\"2000\" width=\"2000\" title=\"Dipendente C\u00e9dric Br\u00fcgger\" onerror=\"this.style.display='none'\"  \/>\n<h3  data-animation-delay=\"0.1\" data-animation-duration=\"1\">\n\t\t\tC\u00e9dric Br\u00fcgger\t<\/h3>\n\tPastore<br \/>\nLeadership visionaria\n\t<a href=\"mailto:cedric.bruegger@seetal-chile.ch\">cedric.bruegger@seetal-chile.ch<\/a><br \/>\n<a href=\"tel:+41625520702\">062 552 07 02<\/a>\n\t\t\t\t\t\t\t\t\t<img loading=\"lazy\" decoding=\"async\" src=\"https:\/\/www.seetal-chile.ch\/wp-content\/uploads\/bb-plugin\/cache\/Mitarbeiter_Jonas_Hauser-circle.jpg\" alt=\"Mitarbeiter_Jonas_Hauser\" itemprop=\"image\" height=\"1000\" width=\"1000\" title=\"Impiegato_Jonas_Hauser\" onerror=\"this.style.display='none'\"  \/>\n<h3  data-animation-delay=\"0.0\" data-animation-duration=\"1\">\n\t\t\tJonas Hauser\t<\/h3>\n\t<p>Pastore giovanile<\/p>\n\t<a href=\"mailto:jonas.hauser@seetal-chile.ch\">jonas.hauser@seetal-chile.ch<\/a><br \/>\n<a href=\"tel:+41625520702\">062 552 07 02<\/a>\n\t\t\t\t\t\t\t\t\t<img loading=\"lazy\" decoding=\"async\" src=\"https:\/\/www.seetal-chile.ch\/wp-content\/uploads\/bb-plugin\/cache\/Mitarbeiter_Simon-Wick_V1-scaled-circle.jpg\" alt=\"Mitarbeiter Simon Wick\" itemprop=\"image\" height=\"2560\" width=\"2560\" title=\"Membro dello staff Simon Wick\" onerror=\"this.style.display='none'\"  \/>\n<h3  data-animation-delay=\"0.2\" data-animation-duration=\"1\">\n\t\t\tSimon Wick\t<\/h3>\n\tServizi IT e tecnologia per eventi<br \/>\nLeadership visionaria\n\t<a href=\"mailto:simon.wick@seetal-chile.ch\">simon.wick@seetal-chile.ch<\/a><br \/>\n<a href=\"tel:+41625520700\">062 552 07 00<\/a>\n\t\t\t\t\t\t\t\t\t<img loading=\"lazy\" decoding=\"async\" src=\"https:\/\/www.seetal-chile.ch\/wp-content\/uploads\/bb-plugin\/cache\/Mitarbeiter_Deborah_Schreiber-circle.jpg\" alt=\"Mitarbeiterin Deborah Schreiber\" itemprop=\"image\" height=\"1000\" width=\"1000\" title=\"Impiegata Deborah Schreiber\" onerror=\"this.style.display='none'\"  \/>\n<h3  data-animation-delay=\"0.1\" data-animation-duration=\"1\">\n\t\t\tDeborah Schreiber\t<\/h3>\n\t<p>Area bambini<\/p>\n\t<a href=\"mailto:deborah.schreiber@seetal-chile.ch\">deborah.schreiber@seetal-chile.ch<\/a><br \/>\n<a href=\"tel:+41625520702\">062 552 07 02<\/a>\n\t\t\t\t\t\t\t\t\t<img loading=\"lazy\" decoding=\"async\" src=\"https:\/\/www.seetal-chile.ch\/wp-content\/uploads\/bb-plugin\/cache\/Mitarbeiter_Yanick-Altwegg_V1-scaled-circle.jpg\" alt=\"Mitarbeiter Yanick Altwegg\" itemprop=\"image\" height=\"2560\" width=\"2560\" title=\"Personale Yanick Altwegg\" onerror=\"this.style.display='none'\"  \/>\n<h3  data-animation-delay=\"0.0\" data-animation-duration=\"1\">\n\t\t\tYanick Altwegg\t<\/h3>\n\t<p>Area multimediale<\/p>\n\t<a href=\"mailto:yanick.altwegg@seetal-chile.ch\">yanick.altwegg@seetal-chile.ch<\/a><br \/>\n<a href=\"tel:+41625520700\">062 552 07 00<\/a>\n\t\t\t\t\t\t\t\t\t<img loading=\"lazy\" decoding=\"async\" src=\"https:\/\/www.seetal-chile.ch\/wp-content\/uploads\/bb-plugin\/cache\/Portrait_Silas_Burgherr-circle.png\" alt=\"Portrait_Silas_Burgherr\" itemprop=\"image\" height=\"1080\" width=\"1080\" title=\"Ritratto_Silas_Burgherr\" onerror=\"this.style.display='none'\"  \/>\n<h3  data-animation-delay=\"0.0\" data-animation-duration=\"1\">\n\t\t\tSilas Burgherr\t<\/h3>\n\t<p>Area musicale<\/p>\n\t<a href=\"mailto:silas.burgherr@seetal-chile.ch\">silas.burgherr@seetal-chile.ch<\/a><br \/>\n<a href=\"tel:+41625520700\">062 552 07 00<\/a>\n<h3  data-animation-delay=\"0.0\" data-animation-duration=\"1\">\n\t\t\tLeadership visionaria\t<\/h3>\n\t\t\t\t\t\t\t\t\t<img loading=\"lazy\" decoding=\"async\" src=\"https:\/\/www.seetal-chile.ch\/wp-content\/uploads\/bb-plugin\/cache\/GL_Andrea-Werder-circle.jpg\" alt=\"Andrea Werder\" itemprop=\"image\" height=\"1890\" width=\"1892\" title=\"Dipendente Andrea Werder\" onerror=\"this.style.display='none'\"  \/>\n<h3  data-animation-delay=\"0.0\" data-animation-duration=\"1\">\n\t\t\tAndrea Werder\t<\/h3>\n\t<p><a href=\"mailto:andrea.werder@seetal-chile.ch\">andrea.werder@seetal-chile.ch<\/a><\/p>\n\t\t\t\t\t\t\t\t\t<img loading=\"lazy\" decoding=\"async\" src=\"https:\/\/www.seetal-chile.ch\/wp-content\/uploads\/bb-plugin\/cache\/Mitarbeiter_Mirjam-Sigg_V1-scaled-circle.jpg\" alt=\"Mitarbeiterin Mirjam Sigg\" itemprop=\"image\" height=\"2560\" width=\"2560\" title=\"Membro dello staff Mirjam Sigg\" onerror=\"this.style.display='none'\"  \/>\n<h3  data-animation-delay=\"0.4\" data-animation-duration=\"1\">\n\t\t\tMirjam Sigg\t<\/h3>\n\t<p><a href=\"mailto:mirjam.sigg@seetal-chile.ch\">mirjam.sigg@seetal-chile.ch<\/a><\/p>\n\t\t\t\t\t\t\t\t\t<img decoding=\"async\" src=\"https:\/\/www.seetal-chile.ch\/wp-content\/uploads\/bb-plugin\/cache\/Mitarbeiter_Alain_Remund-circle.jpg\" alt=\"Mitarbeiter Alain Remund\" itemprop=\"image\" title=\"Dipendente Alain Remund\" onerror=\"this.style.display='none'\"  \/>\n<h3  data-animation-delay=\"0.3\" data-animation-duration=\"1\">\n\t\t\tAlain Remund\t<\/h3>\n\t<p><a href=\"mailto:alain.remund@seetal-chile.ch\">alain.remund@seetal-chile.ch<\/a><\/p>\n\t\t\t\t\t\t\t\t\t<img loading=\"lazy\" decoding=\"async\" src=\"https:\/\/www.seetal-chile.ch\/wp-content\/uploads\/bb-plugin\/cache\/Daniel_Rueegger-scaled-circle.jpg\" alt=\"Daniel R\u00fcegger\" itemprop=\"image\" height=\"2560\" width=\"2560\" title=\"Dipendenti Daniel R\u00fcegger\" onerror=\"this.style.display='none'\"  \/>\n<h3  data-animation-delay=\"0.1\" data-animation-duration=\"1\">\n\t\t\tDaniel R\u00fcegger\t<\/h3>\n\t<p><a href=\"mailto:daniel.rueegger@seetal-chile.ch\">daniel.rueegger@seetal-chile.ch<\/a><\/p>\n<h2  data-animation-delay=\"0.0\" data-animation-duration=\"1\">\n\t\t\tImpara cose importanti!\t<\/h2>\n<h4  data-animation-delay=\"0.0\" data-animation-duration=\"1\">\n\t\t\tRegistrati ora per ricevere la newsletter settimanale.\t<\/h4>\n\t\t\t<a href=\"#\" role=\"button\">\n\t\t\t\t\t\t\tRegistrati ora\n\t\t\t\t\t<\/a>\n\t\t\t<iframe class=\"sc-form\" allowtransparency=\"true\" src=\"https:\/\/forms.seetal-chile.ch\/form\/?formkey=n49cg&formtitle=Anmeldung+Newsletter\" frameborder=\"0\" allowfullscreen=\"\" style=\"width: 100%; min-height: 100%;\"><\/iframe>","protected":false},"excerpt":{"rendered":"<p>Lerne uns kennen Chrischonaweg 2, CH-5703 Seon info@seetal-chile.ch +41 (0)62 552 07 00 Neu hier? Es ist unser Anliegen, dass du dich bei uns m\u00f6glichst schnell zurechtfindest und dich wohl f\u00fchlst. Damit das gelingt, stellen wir uns hier kurz vor. Gerne w\u00fcrden wir auch dich kennenlernen. Wir freuen uns! Unsere Aktivit\u00e4ten Was wir glauben Wir&hellip;<\/p>","protected":false},"author":1,"featured_media":0,"parent":0,"menu_order":10,"comment_status":"closed","ping_status":"closed","template":"","meta":{"_acf_changed":false,"footnotes":""},"class_list":["post-182","page","type-page","status-publish","hentry"],"acf":[],"_links":{"self":[{"href":"https:\/\/www.seetal-chile.ch\/it\/wp-json\/wp\/v2\/pages\/182","targetHints":{"allow":["GET"]}}],"collection":[{"href":"https:\/\/www.seetal-chile.ch\/it\/wp-json\/wp\/v2\/pages"}],"about":[{"href":"https:\/\/www.seetal-chile.ch\/it\/wp-json\/wp\/v2\/types\/page"}],"author":[{"embeddable":true,"href":"https:\/\/www.seetal-chile.ch\/it\/wp-json\/wp\/v2\/users\/1"}],"replies":[{"embeddable":true,"href":"https:\/\/www.seetal-chile.ch\/it\/wp-json\/wp\/v2\/comments?post=182"}],"version-history":[{"count":24,"href":"https:\/\/www.seetal-chile.ch\/it\/wp-json\/wp\/v2\/pages\/182\/revisions"}],"predecessor-version":[{"id":7464,"href":"https:\/\/www.seetal-chile.ch\/it\/wp-json\/wp\/v2\/pages\/182\/revisions\/7464"}],"wp:attachment":[{"href":"https:\/\/www.seetal-chile.ch\/it\/wp-json\/wp\/v2\/media?parent=182"}],"curies":[{"name":"wp","href":"https:\/\/api.w.org\/{rel}","templated":true}]}}