{"id":240,"date":"2018-07-09T13:37:59","date_gmt":"2018-07-09T11:37:59","guid":{"rendered":"https:\/\/www.seetal-chile.ch\/?page_id=240"},"modified":"2026-01-20T11:00:54","modified_gmt":"2026-01-20T10:00:54","slug":"angebote","status":"publish","type":"page","link":"https:\/\/www.seetal-chile.ch\/it\/angebote\/","title":{"rendered":"Offerte"},"content":{"rendered":"<h1>\n\t\t\tEcco cosa facciamo\t<\/h1>\n<h2  data-animation-delay=\"0.0\" data-animation-duration=\"1\">\n\t\t\tPreghiera\t<\/h2>\n\t<p>Pregare significa comunicare con Dio. Crediamo che le preghiere facciano una grande differenza!<\/p>\n<h3  data-animation-delay=\"0.0\" data-animation-duration=\"1\">\n\t\t\tPreghiamo per te\t<\/h3>\n\t<p>Vuoi che preghiamo per te?<\/p>\n<p>Durante e dopo il nostro\u00a0<a href=\"https:\/\/www.seetal-chile.ch\/it\/gottesdienste\/\">Servizi della chiesa<\/a>\u00a0le persone sono pronte ad ascoltarti e a pregare per te.<\/p>\n<h3  data-animation-delay=\"0.0\" data-animation-duration=\"1\">\n\t\t\tPreghiamo insieme\t<\/h3>\n\t<p>La preghiera comune \u00e8 potente. Ecco perch\u00e9 organizziamo regolarmente incontri di preghiera.<\/p>\n<p>Incontriamo Dio e ci battiamo per il mondo, per l'ambiente e per gli altri.<\/p>\n<h2>\n\t\t\tLa fede \u00e8 leggera. La fiducia \u00e8 l'interruttore della luce.\t<\/h2>\n<h2  data-animation-delay=\"0.0\" data-animation-duration=\"1\">\n\t\t\tRicevi il battesimo\t<\/h2>\n\t<p>Sei entusiasta di Ges\u00f9 e vorresti testimoniare pubblicamente la tua fede attraverso il battesimo? La Bibbia dice che il battesimo d'acqua \u00e8 un atto di fede significativo, indipendentemente da quanto tempo hai accettato Ges\u00f9 Cristo come tuo Salvatore.<\/p>\n<p>Ecco perch\u00e9 teniamo regolarmente dei battesimi. Ci piacerebbe battezzare anche te!<\/p>\n<p>Ti consigliamo di prepararti al battesimo. L'animatore del tuo piccolo gruppo pu\u00f2 aiutarti a farlo oppure puoi contattare l'ufficio utilizzando il modulo sottostante. Ti contatteremo quindi per i passi successivi.<\/p>\n\t\t\t<a href=\"#\" role=\"button\">\n\t\t\t\t\t\t\tInteresse per il battesimo\n\t\t\t\t\t<\/a>\n\t\t\t<iframe class=\"sc-form\" allowtransparency=\"true\" src=\"https:\/\/forms.seetal-chile.ch\/form\/?formkey=xgk7n22222&formtitle=Taufe\" frameborder=\"0\" allowfullscreen=\"\" style=\"width: 100%; min-height: 100%;\"><\/iframe>\t\t\n<h2  data-animation-delay=\"0.0\" data-animation-duration=\"1\">\n\t\t\tMatrimonio\t<\/h2>\n\t<p>Indossi un anello di fidanzamento? Congratulazioni! Saremo felici di aiutarti a iniziare la tua vita matrimoniale!<\/p>\n<h3  data-animation-delay=\"0.0\" data-animation-duration=\"1\">\n\t\t\tTi accompagniamo nella preparazione al matrimonio\t<\/h3>\n\t<p>I matrimoni sani ci fanno battere il cuore. Ecco perch\u00e9 offriamo corsi individuali che ti preparano in modo ottimale al matrimonio. Sarai accompagnato da una coppia di esperti.<\/p>\n<p>Nel corso di preparazione al matrimonio vengono affrontati i seguenti argomenti: Interessi | Personalit\u00e0 | Scelta del partner | Comunicazione | Sessualit\u00e0 | Comprensione dei ruoli | Parentela | Figli\/genitorialit\u00e0 | Finanze | Questioni di fede.<\/p>\n<h3  data-animation-delay=\"0.0\" data-animation-duration=\"1\">\n\t\t\tTi aiutiamo con la cerimonia nuziale\t<\/h3>\n\t<p>Hai bisogno di aiuto per la tua cerimonia di nozze? Stai cercando un ministro del matrimonio o una band che suoni durante la cerimonia? Facci sapere cosa possiamo fare per te. Faremo del nostro meglio per rendere la tua cerimonia di nozze un'esperienza indimenticabile!<\/p>\n<h3  data-animation-delay=\"0.0\" data-animation-duration=\"1\">\n\t\t\tMettiti in contatto con noi ora!\t<\/h3>\n\t\t\t<a href=\"#\" role=\"button\">\n\t\t\t\t\t\t\tModulo di contatto\n\t\t\t\t\t<\/a>\n\t\t\t<iframe class=\"sc-form\" allowtransparency=\"true\" src=\"https:\/\/forms.seetal-chile.ch\/form\/?formkey=xgk7n223&formtitle=Ehe+und+Hochzeit\" frameborder=\"0\" allowfullscreen=\"\" style=\"width: 100%; min-height: 100%;\"><\/iframe>\t\t\n<h2  data-animation-delay=\"0.0\" data-animation-duration=\"1\">\n\t\t\tImpara cose importanti!\t<\/h2>\n<h4  data-animation-delay=\"0.0\" data-animation-duration=\"1\">\n\t\t\tRegistrati ora per ricevere la newsletter settimanale.\t<\/h4>\n\t\t\t<a href=\"#\" role=\"button\">\n\t\t\t\t\t\t\tRegistrati ora\n\t\t\t\t\t<\/a>\n\t\t\t<iframe class=\"sc-form\" allowtransparency=\"true\" src=\"https:\/\/forms.seetal-chile.ch\/form\/?formkey=n49cg&formtitle=Anmeldung+Newsletter\" frameborder=\"0\" allowfullscreen=\"\" style=\"width: 100%; min-height: 100%;\"><\/iframe>\t\t\n<h2  data-animation-delay=\"0.0\">\n\t\t\tBenedizione dei bambini\t<\/h2>\n\t<p>Come Ges\u00f9, anche noi benediciamo i bambini per il loro inizio di vita, ed \u00e8 per questo che puoi far benedire il tuo bambino durante la funzione religiosa. I genitori e l'intera congregazione esprimono il desiderio che il bambino conosca Dio durante il suo viaggio nella vita. Durante la funzione, sei invitato a presentarti con il tuo bambino - eventualmente anche con i padrini, che spesso svolgono un ruolo importante per il bambino - e i nostri pastori benediranno te e il tuo bambino.<\/p>\n<h4  data-animation-delay=\"0.0\" data-animation-duration=\"1\">\n\t\t\tRegistrati ora per la benedizione dei bambini\t<\/h4>\n<p>Puoi utilizzare questo modulo per iscrivere tuo figlio alla benedizione. Ti contatteremo quindi per trovare una data e discutere i dettagli.<\/p>\n\t\t\t<a href=\"#\" role=\"button\">\n\t\t\t\t\t\t\tRegistrazione\n\t\t\t\t\t<\/a>\n\t\t\t<iframe class=\"sc-form\" allowtransparency=\"true\" src=\"https:\/\/forms.seetal-chile.ch\/form\/?formkey=tuzh42&formtitle=Kindersegnung\" frameborder=\"0\" allowfullscreen=\"\" style=\"width: 100%; min-height: 100%;\"><\/iframe>\t\t\n<h2  data-animation-delay=\"0.0\" data-animation-duration=\"1\">\n\t\t\tConsulenza sociale\t<\/h2>\n\t<p>Siamo qui per te! Con l'associazione sociale indipendente \"Lichtblick\" ti offriamo un supporto di vario tipo. Pu\u00f2 trattarsi, ad esempio, di una ricerca di lavoro infruttuosa, di difficolt\u00e0 finanziarie, di problemi di dipendenza o della ricerca di un appartamento. Anche se hai altre domande, sei nel posto giusto.<\/p>\n\t\t\t<a href=\"https:\/\/www.verein-lichtblick.ch\" target=\"_blank\" rel=\"noopener\">\n\t\t\t\t\t\t\tUlteriori informazioni\n\t\t\t\t\t<\/a>\n<h2  data-animation-delay=\"0.0\" data-animation-duration=\"1\">\n\t\t\tOttieni un aiuto pratico\t<\/h2>\n<p>Hai bisogno di aiuto per le attivit\u00e0 quotidiane? Diverse persone della nostra chiesa saranno liete di aiutarti in questo senso. Faremo del nostro meglio per trovare una buona soluzione per te! Non esitare a contattarci utilizzando il modulo sottostante.<\/p>\n\t\t\t<a href=\"#\" role=\"button\">\n\t\t\t\t\t\t\tAiuto pratico\n\t\t\t\t\t<\/a>\n\t\t\t<iframe class=\"sc-form\" allowtransparency=\"true\" src=\"https:\/\/forms.seetal-chile.ch\/form\/?formkey=xgk7n222&formtitle=Formular\" frameborder=\"0\" allowfullscreen=\"\" style=\"width: 100%; min-height: 100%;\"><\/iframe>","protected":false},"excerpt":{"rendered":"<p>Ecco cosa facciamo Pregare significa comunicare con Dio. Crediamo che la preghiera faccia una grande differenza! Preghiamo per te Vuoi che preghiamo per te? Durante e dopo le nostre funzioni religiose, le persone sono pronte ad ascoltarti e a pregare per te. Preghiamo insieme Pregare insieme \u00e8 potente. Ecco perch\u00e9 organizziamo regolarmente degli incontri di preghiera. Ci incontriamo...<\/p>","protected":false},"author":1,"featured_media":0,"parent":0,"menu_order":7,"comment_status":"closed","ping_status":"closed","template":"","meta":{"_acf_changed":false,"footnotes":""},"class_list":["post-240","page","type-page","status-publish","hentry"],"acf":[],"_links":{"self":[{"href":"https:\/\/www.seetal-chile.ch\/it\/wp-json\/wp\/v2\/pages\/240","targetHints":{"allow":["GET"]}}],"collection":[{"href":"https:\/\/www.seetal-chile.ch\/it\/wp-json\/wp\/v2\/pages"}],"about":[{"href":"https:\/\/www.seetal-chile.ch\/it\/wp-json\/wp\/v2\/types\/page"}],"author":[{"embeddable":true,"href":"https:\/\/www.seetal-chile.ch\/it\/wp-json\/wp\/v2\/users\/1"}],"replies":[{"embeddable":true,"href":"https:\/\/www.seetal-chile.ch\/it\/wp-json\/wp\/v2\/comments?post=240"}],"version-history":[{"count":6,"href":"https:\/\/www.seetal-chile.ch\/it\/wp-json\/wp\/v2\/pages\/240\/revisions"}],"predecessor-version":[{"id":7424,"href":"https:\/\/www.seetal-chile.ch\/it\/wp-json\/wp\/v2\/pages\/240\/revisions\/7424"}],"wp:attachment":[{"href":"https:\/\/www.seetal-chile.ch\/it\/wp-json\/wp\/v2\/media?parent=240"}],"curies":[{"name":"wp","href":"https:\/\/api.w.org\/{rel}","templated":true}]}}