{"id":7020,"date":"2023-05-26T11:58:29","date_gmt":"2023-05-26T09:58:29","guid":{"rendered":"https:\/\/www.seetal-chile.ch\/?page_id=7020"},"modified":"2025-07-04T10:19:28","modified_gmt":"2025-07-04T08:19:28","slug":"willkommen","status":"publish","type":"page","link":"https:\/\/www.seetal-chile.ch\/it\/willkommen\/","title":{"rendered":"Benvenuti"},"content":{"rendered":"<h1>\n\t\t\tBenvenuti a casa\t<\/h1>\n\t<p>Con noi non siete solo un volto tra i tanti! Ci auguriamo che vi sentiate subito a casa con noi.<\/p>\n<p>Se vuoi entrare in contatto con altre persone in seetal chile e dintorni, sei nel posto giusto! Questa pagina \u00e8 stata progettata per darti un accesso facile e veloce.<\/p>\n<p>\u00a0<\/p>\n<p>Per contatti specifici per et\u00e0 e sesso, \u00e8 meglio fare un salto ai nostri eventi.<\/p>\n<p>Vuoi una maggiore individualit\u00e0? Allora il mercato \u00e8 il posto giusto per te. L\u00ec potrai partecipare alle attivit\u00e0 proposte o incontrare altre persone in una determinata situazione. Non c'\u00e8 nulla di adatto? Allora <a href=\"https:\/\/markt.seetal-chile.ch\/inserat\/\" target=\"_blank\" rel=\"noopener\">Perch\u00e9 non apri tu stesso un annuncio?<\/a> auf unserem Markt. Nutze dazu die Rubriken \u00abAktivit\u00e4t\u00bb, \u00abKontakte\u00bb oder \u00abEssen &amp; Trinken\u00bb.<\/p>\n<p><strong>Bene, sei qui!<\/strong><\/p>\n\t\t\t\t<img decoding=\"async\" src=\"https:\/\/www.seetal-chile.ch\/wp-content\/uploads\/2020\/09\/glow-ameisli-in-aktion-2000x1333-1.jpg\" alt=\"glow Ameisli in Aktion\" itemprop=\"image\" height=\"1333\" width=\"2000\" title=\"glow Ameisli in azione\" onerror=\"this.style.display='none'\" loading='lazy' \/>\n<h2>\n\t\t\tAttivit\u00e0\t<\/h2>\n\t<p>Creiamo uno spazio vitale in cui \u00e8 facile costruire e approfondire le relazioni. Clicca sul pulsante qui sotto per avere una panoramica delle nostre attivit\u00e0.<\/p>\n\t\t\t<a href=\"https:\/\/www.seetal-chile.ch\/it\/aktivitaeten\/\" target=\"_blank\" rel=\"noopener\">\n\t\t\t\t\t\t\tAlle attivit\u00e0\n\t\t\t\t\t<\/a>\n<h2>\n\t\t\tRete personale\t<\/h2>\n\t<p>Wir laden dich ein, auf dieser Plattform Inserate mit Leuten aus der seetal chile zu teilen: Sei es die Suche nache Teilnehmer f\u00fcr eine Freizeitaktivit\u00e4t oder Menschen in der gleichen Situation zum Austauschen &#8211; alles hat hier Platz!<\/p>\n\t<div id=\"sc-wptools-node-0a03794e-f04c-4e9e-8f81-c5a39eae28cc\" class=\"sc-wptools-show-posts\"><!-- SECTION.START #Type_9a4dfd77-59fc-4384-a97c-1d07b1e837b9 --><div class=\"sc-wptools-grid sc-wptools-show-posts-market\">\n    <div class=\"sc-wptools-items\">\n        <div class=\"row\">\n            <!-- SECTION.START #Items_5aca7156-7fa6-45e5-bd53-ecea528884cb --><div id=\"sc-wptools-item-521de515-47e8-45f2-a2d2-fea4bcc8c384\" class=\"col-sm sc-wptools-item sc-wptools-item-1\">\n                <a class=\"stretched-link\" href=\"https:\/\/markt.seetal-chile.ch\/katzenbetreuung-10558\/\" onclick=\"\" target=\"_blank\"><\/a>\n                <div class=\"sc-wptools-image-container\">\n                    <img decoding=\"async\" class=\"sc-wptools-item-image\" src=\"https:\/\/markt.seetal-chile.ch\/wp-content\/uploads\/formidable\/7\/IMG_6432-1.jpeg\" alt=\"Katzenbetreuung\">\n                    <div class=\"sc-wptools-item-overlay\">\n                        <div class=\"sc-wptools-item-overlay-icon\">\n                            <i class=\"fas fa-play\" aria-hidden=\"true\"><\/i>\n                        <\/div>\n                    <\/div>\n                <\/div>\n                <div class=\"sc-wptools-content-wrap\">\n                    <h3 class=\"sc-wptools-item-title\">Katzenbetreuung<\/h3>\n                    <div class=\"sc-wptools-item-meta\"><strong>Deborah<\/strong> sucht &#124; 06.04.2026<\/div>\n                    <div class=\"sc-wptools-item-excerpt\">Ich und mein Mann suchen eine Betreuung f\u00fcr unsere zwei Wohnungskater \u00fcber Auffahrt und von 23.05.-25.05.26 (Gemeindeweekend). Wir sind dann weg und m\u00f6chten unsere Wollkn\u00e4uel, nicht von zuhause weg geben. Es w\u00e4re grossartig h\u00e4tte jemand die M\u00f6glichkeit mindestens 1x pro Tag bei ihnen vorbei zu schauen, sie zu f\u00fcttern, die Katzentoilette zu reinigen und \u00fcber&hellip;<\/div>\n                    <div class=\"sc-wptools-item-detail-prepared\">\n                        <div class=\"row sc-wptools-detail-close-row\">\n                            <div class=\"col-md-12 sc-wptools-detail-close-col\">\n                                <a class=\"sc-wptools-detail-close\" href=\"#\" onclick=\"sc_wptools_closeDetail('0a03794e-f04c-4e9e-8f81-c5a39eae28cc');return false;\" target=\"_self\">\u2715<\/a>\n                            <\/div>\n                        <\/div>\n                        <div class=\"sc-wptools-detail-container\">\n                            <div class=\"row justify-content-between\">{detail-content}<\/div>\n                        <\/div>\n                    <\/div>\n                <\/div>\n            <\/div><div id=\"sc-wptools-item-d9da5e8f-9a82-4790-86ec-6784e41859ff\" class=\"col-sm sc-wptools-item sc-wptools-item-2\">\n                <a class=\"stretched-link\" href=\"https:\/\/markt.seetal-chile.ch\/trampolin-kurs-in-der-seetal-chile-10538\/\" onclick=\"\" target=\"_blank\"><\/a>\n                <div class=\"sc-wptools-image-container\">\n                    <img decoding=\"async\" class=\"sc-wptools-item-image\" src=\"https:\/\/markt.seetal-chile.ch\/wp-content\/uploads\/formidable\/7\/Bellicon-gruen-8-Fuesse-von-oben.jpg\" alt=\"Trampolin-Kurs in der seetal chile\">\n                    <div class=\"sc-wptools-item-overlay\">\n                        <div class=\"sc-wptools-item-overlay-icon\">\n                            <i class=\"fas fa-play\" aria-hidden=\"true\"><\/i>\n                        <\/div>\n                    <\/div>\n                <\/div>\n                <div class=\"sc-wptools-content-wrap\">\n                    <h3 class=\"sc-wptools-item-title\">Trampolin-Kurs in der seetal chile<\/h3>\n                    <div class=\"sc-wptools-item-meta\"><strong>Elisabeth e Tanja<\/strong> bietet an &#124; 31.03.2026<\/div>\n                    <div class=\"sc-wptools-item-excerpt\">Basic-Trampolin-Kurs vom 1. Juni &#8211; 29. Juni 2026, jeweils am Montag 19.30 &#8211; 20.30 Uhr. W\u00e4hrend 5 Lektionen werden dir die Grundlagen f\u00fcr ein Training zu Hause vermittelt. Es wirkt \u00e4usserst sanft und schonend auf R\u00fccken und Gelenke. Das Motto heisst &#8220;Schwingen statt Springen!&#8221; Dabei erlebst du, wie PMT SwingWalking\u00ae deinen Alltag bereichert und du&hellip;<\/div>\n                    <div class=\"sc-wptools-item-detail-prepared\">\n                        <div class=\"row sc-wptools-detail-close-row\">\n                            <div class=\"col-md-12 sc-wptools-detail-close-col\">\n                                <a class=\"sc-wptools-detail-close\" href=\"#\" onclick=\"sc_wptools_closeDetail('0a03794e-f04c-4e9e-8f81-c5a39eae28cc');return false;\" target=\"_self\">\u2715<\/a>\n                            <\/div>\n                        <\/div>\n                        <div class=\"sc-wptools-detail-container\">\n                            <div class=\"row justify-content-between\">{detail-content}<\/div>\n                        <\/div>\n                    <\/div>\n                <\/div>\n            <\/div><div id=\"sc-wptools-item-16d9adcb-5077-452e-9bcd-5d704984f9b2\" class=\"col-sm sc-wptools-item sc-wptools-item-3\">\n                <a class=\"stretched-link\" href=\"https:\/\/markt.seetal-chile.ch\/tanzworkshop-23-03-2026-10517\/\" onclick=\"\" target=\"_blank\"><\/a>\n                <div class=\"sc-wptools-image-container\">\n                    <img decoding=\"async\" class=\"sc-wptools-item-image\" src=\"https:\/\/markt.seetal-chile.ch\/wp-content\/uploads\/formidable\/7\/Open-Training-23.3.26.png\" alt=\"Tanzworkshop 23.03.2026\">\n                    <div class=\"sc-wptools-item-overlay\">\n                        <div class=\"sc-wptools-item-overlay-icon\">\n                            <i class=\"fas fa-play\" aria-hidden=\"true\"><\/i>\n                        <\/div>\n                    <\/div>\n                <\/div>\n                <div class=\"sc-wptools-content-wrap\">\n                    <h3 class=\"sc-wptools-item-title\">Tanzworkshop 23.03.2026<\/h3>\n                    <div class=\"sc-wptools-item-meta\"><strong>Samira<\/strong> bietet an &#124; 16.03.2026<\/div>\n                    <div class=\"sc-wptools-item-excerpt\">Jael Meyer und ich, Samira Bolliger, leiten in Meisterschwanden eine Roundabout-Tanzgruppe. Dieses Angebot ist an bewegungsfreudige Teenies und junge Frauen gerichtet (von 12-20 Jahren). Am 23. M\u00e4rz um 19.00 Uhr bieten wir nun ein offenes Training an. Dieses Training ist f\u00fcr ALLE, die mal Lust haben zu tanzen und reinzuschauen. Anmelden kannst du dich per&hellip;<\/div>\n                    <div class=\"sc-wptools-item-detail-prepared\">\n                        <div class=\"row sc-wptools-detail-close-row\">\n                            <div class=\"col-md-12 sc-wptools-detail-close-col\">\n                                <a class=\"sc-wptools-detail-close\" href=\"#\" onclick=\"sc_wptools_closeDetail('0a03794e-f04c-4e9e-8f81-c5a39eae28cc');return false;\" target=\"_self\">\u2715<\/a>\n                            <\/div>\n                        <\/div>\n                        <div class=\"sc-wptools-detail-container\">\n                            <div class=\"row justify-content-between\">{detail-content}<\/div>\n                        <\/div>\n                    <\/div>\n                <\/div>\n            <\/div><!-- SECTION.END #Items_5aca7156-7fa6-45e5-bd53-ecea528884cb -->\n        <\/div>\n    <\/div>\n    <div class=\"sc-wptools-visible-container\">\n        <div class=\"sc-wptools-item-detail-view\"><\/div>\n    <\/div>\n<\/div><!-- SECTION.END #Type_9a4dfd77-59fc-4384-a97c-1d07b1e837b9 --><\/div>\n\t\t\t<a href=\"https:\/\/markt.seetal-chile.ch\" target=\"_blank\" rel=\"noopener\">\n\t\t\t\t\t\t\tA tutti gli annunci\n\t\t\t\t\t<\/a>","protected":false},"excerpt":{"rendered":"<p>Willkommen daheim Bei uns bist du nicht ein Gesicht unter vielen anderen!\u00a0Wir w\u00fcnschen uns, dass du dich bei uns schnell heimisch f\u00fchlst. Wenn du mit anderen Menschen in und um die seetal chile in Kontakt kommen willst, bist du hier genau richtig! Diese Seite soll dir einen schnellen und einfachen Zugang erm\u00f6glichen. \u00a0 F\u00fcr alters-&hellip;<\/p>","protected":false},"author":1,"featured_media":0,"parent":0,"menu_order":0,"comment_status":"closed","ping_status":"closed","template":"","meta":{"_acf_changed":false,"footnotes":""},"class_list":["post-7020","page","type-page","status-publish","hentry"],"acf":[],"_links":{"self":[{"href":"https:\/\/www.seetal-chile.ch\/it\/wp-json\/wp\/v2\/pages\/7020","targetHints":{"allow":["GET"]}}],"collection":[{"href":"https:\/\/www.seetal-chile.ch\/it\/wp-json\/wp\/v2\/pages"}],"about":[{"href":"https:\/\/www.seetal-chile.ch\/it\/wp-json\/wp\/v2\/types\/page"}],"author":[{"embeddable":true,"href":"https:\/\/www.seetal-chile.ch\/it\/wp-json\/wp\/v2\/users\/1"}],"replies":[{"embeddable":true,"href":"https:\/\/www.seetal-chile.ch\/it\/wp-json\/wp\/v2\/comments?post=7020"}],"version-history":[{"count":1,"href":"https:\/\/www.seetal-chile.ch\/it\/wp-json\/wp\/v2\/pages\/7020\/revisions"}],"predecessor-version":[{"id":7287,"href":"https:\/\/www.seetal-chile.ch\/it\/wp-json\/wp\/v2\/pages\/7020\/revisions\/7287"}],"wp:attachment":[{"href":"https:\/\/www.seetal-chile.ch\/it\/wp-json\/wp\/v2\/media?parent=7020"}],"curies":[{"name":"wp","href":"https:\/\/api.w.org\/{rel}","templated":true}]}}