{"id":7020,"date":"2023-05-26T11:58:29","date_gmt":"2023-05-26T09:58:29","guid":{"rendered":"https:\/\/www.seetal-chile.ch\/?page_id=7020"},"modified":"2025-07-04T10:19:28","modified_gmt":"2025-07-04T08:19:28","slug":"willkommen","status":"publish","type":"page","link":"https:\/\/www.seetal-chile.ch\/ru\/willkommen\/","title":{"rendered":"\u0414\u043e\u0431\u0440\u043e \u043f\u043e\u0436\u0430\u043b\u043e\u0432\u0430\u0442\u044c"},"content":{"rendered":"<h1>\n\t\t\t\u0414\u043e\u0431\u0440\u043e \u043f\u043e\u0436\u0430\u043b\u043e\u0432\u0430\u0442\u044c \u0434\u043e\u043c\u043e\u0439\t<\/h1>\n\t<p>\u0421 \u043d\u0430\u043c\u0438 \u0432\u044b \u043d\u0435 \u043f\u0440\u043e\u0441\u0442\u043e \u0435\u0449\u0435 \u043e\u0434\u043d\u043e \u043b\u0438\u0446\u043e \u0441\u0440\u0435\u0434\u0438 \u043c\u043d\u043e\u0433\u0438\u0445 \u0434\u0440\u0443\u0433\u0438\u0445! \u041c\u044b \u043d\u0430\u0434\u0435\u0435\u043c\u0441\u044f, \u0447\u0442\u043e \u0432\u044b \u0431\u044b\u0441\u0442\u0440\u043e \u043f\u043e\u0447\u0443\u0432\u0441\u0442\u0432\u0443\u0435\u0442\u0435 \u0441\u0435\u0431\u044f \u0443 \u043d\u0430\u0441 \u043a\u0430\u043a \u0434\u043e\u043c\u0430.<\/p>\n<p>\u0415\u0441\u043b\u0438 \u0442\u044b \u0445\u043e\u0447\u0435\u0448\u044c \u0441\u0432\u044f\u0437\u0430\u0442\u044c\u0441\u044f \u0441 \u0434\u0440\u0443\u0433\u0438\u043c\u0438 \u043b\u044e\u0434\u044c\u043c\u0438 \u0432 \u0433\u043e\u0440\u043e\u0434\u0435 seetal chile \u0438 \u0435\u0433\u043e \u043e\u043a\u0440\u0435\u0441\u0442\u043d\u043e\u0441\u0442\u044f\u0445, \u0442\u043e \u0442\u044b \u043f\u0440\u0438\u0448\u0451\u043b \u0432 \u043d\u0443\u0436\u043d\u043e\u0435 \u043c\u0435\u0441\u0442\u043e! \u042d\u0442\u0430 \u0441\u0442\u0440\u0430\u043d\u0438\u0446\u0430 \u0441\u043e\u0437\u0434\u0430\u043d\u0430 \u0434\u043b\u044f \u0442\u043e\u0433\u043e, \u0447\u0442\u043e\u0431\u044b \u043e\u0431\u0435\u0441\u043f\u0435\u0447\u0438\u0442\u044c \u0442\u0435\u0431\u0435 \u0431\u044b\u0441\u0442\u0440\u044b\u0439 \u0438 \u0443\u0434\u043e\u0431\u043d\u044b\u0439 \u0434\u043e\u0441\u0442\u0443\u043f.<\/p>\n<p>\u00a0<\/p>\n<p>\u0427\u0442\u043e\u0431\u044b \u043f\u043e\u043b\u0443\u0447\u0438\u0442\u044c \u043a\u043e\u043d\u0442\u0430\u043a\u0442\u044b \u043f\u043e \u0432\u043e\u0437\u0440\u0430\u0441\u0442\u0443 \u0438 \u043f\u043e\u043b\u0443, \u043b\u0443\u0447\u0448\u0435 \u0432\u0441\u0435\u0433\u043e \u0437\u0430\u0433\u043b\u044f\u043d\u0443\u0442\u044c \u043d\u0430 \u043d\u0430\u0448\u0438 \u043c\u0435\u0440\u043e\u043f\u0440\u0438\u044f\u0442\u0438\u044f.<\/p>\n<p>\u0425\u043e\u0447\u0435\u0448\u044c \u0431\u043e\u043b\u044c\u0448\u0435 \u0438\u043d\u0434\u0438\u0432\u0438\u0434\u0443\u0430\u043b\u044c\u043d\u043e\u0441\u0442\u0438? \u0422\u043e\u0433\u0434\u0430 \u0440\u044b\u043d\u043e\u043a - \u043f\u043e\u0434\u0445\u043e\u0434\u044f\u0449\u0435\u0435 \u043c\u0435\u0441\u0442\u043e \u0434\u043b\u044f \u0442\u0435\u0431\u044f. \u0422\u0430\u043c \u0442\u044b \u043c\u043e\u0436\u0435\u0448\u044c \u043b\u0438\u0431\u043e \u043f\u0440\u0438\u043d\u044f\u0442\u044c \u0443\u0447\u0430\u0441\u0442\u0438\u0435 \u0432 \u043f\u0440\u0435\u0434\u043b\u0430\u0433\u0430\u0435\u043c\u044b\u0445 \u043c\u0435\u0440\u043e\u043f\u0440\u0438\u044f\u0442\u0438\u044f\u0445, \u043b\u0438\u0431\u043e \u043f\u043e\u0437\u043d\u0430\u043a\u043e\u043c\u0438\u0442\u044c\u0441\u044f \u0441 \u0434\u0440\u0443\u0433\u0438\u043c\u0438 \u043b\u044e\u0434\u044c\u043c\u0438 \u0432 \u043e\u043f\u0440\u0435\u0434\u0435\u043b\u0435\u043d\u043d\u043e\u0439 \u0441\u0438\u0442\u0443\u0430\u0446\u0438\u0438. \u041d\u0435\u0442 \u043d\u0438\u0447\u0435\u0433\u043e \u043f\u043e\u0434\u0445\u043e\u0434\u044f\u0449\u0435\u0433\u043e? \u0422\u043e\u0433\u0434\u0430 . <a href=\"https:\/\/markt.seetal-chile.ch\/inserat\/\" target=\"_blank\" rel=\"noopener\">\u041f\u043e\u0447\u0435\u043c\u0443 \u0431\u044b \u0442\u0435\u0431\u0435 \u0441\u0430\u043c\u043e\u043c\u0443 \u043d\u0435 \u0437\u0430\u043f\u0443\u0441\u0442\u0438\u0442\u044c \u0440\u0435\u043a\u043b\u0430\u043c\u0443?<\/a> auf unserem Markt. Nutze dazu die Rubriken \u00abAktivit\u00e4t\u00bb, \u00abKontakte\u00bb oder \u00abEssen &amp; Trinken\u00bb.<\/p>\n<p><strong>\u041e\u0442\u043b\u0438\u0447\u043d\u043e, \u0442\u044b \u0437\u0434\u0435\u0441\u044c!<\/strong><\/p>\n\t\t\t\t<img decoding=\"async\" src=\"https:\/\/www.seetal-chile.ch\/wp-content\/uploads\/2020\/09\/glow-ameisli-in-aktion-2000x1333-1.jpg\" alt=\"glow Ameisli in Aktion\" itemprop=\"image\" height=\"1333\" width=\"2000\" title=\"glow Ameisli \u0432 \u0434\u0435\u0439\u0441\u0442\u0432\u0438\u0438\" onerror=\"this.style.display='none'\" loading='lazy' \/>\n<h2>\n\t\t\t\u0414\u0435\u044f\u0442\u0435\u043b\u044c\u043d\u043e\u0441\u0442\u044c\t<\/h2>\n\t<p>\u041c\u044b \u0441\u043e\u0437\u0434\u0430\u0435\u043c \u0436\u0438\u0432\u043e\u0435 \u043f\u0440\u043e\u0441\u0442\u0440\u0430\u043d\u0441\u0442\u0432\u043e, \u0432 \u043a\u043e\u0442\u043e\u0440\u043e\u043c \u0442\u044b \u043c\u043e\u0436\u0435\u0448\u044c \u043b\u0435\u0433\u043a\u043e \u0441\u0442\u0440\u043e\u0438\u0442\u044c \u0438 \u0443\u0433\u043b\u0443\u0431\u043b\u044f\u0442\u044c \u043e\u0442\u043d\u043e\u0448\u0435\u043d\u0438\u044f. \u041d\u0430\u0436\u043c\u0438 \u043d\u0430 \u043a\u043d\u043e\u043f\u043a\u0443 \u043d\u0438\u0436\u0435, \u0447\u0442\u043e\u0431\u044b \u043e\u0437\u043d\u0430\u043a\u043e\u043c\u0438\u0442\u044c\u0441\u044f \u0441 \u043e\u0431\u0437\u043e\u0440\u043e\u043c \u043d\u0430\u0448\u0435\u0439 \u0434\u0435\u044f\u0442\u0435\u043b\u044c\u043d\u043e\u0441\u0442\u0438.<\/p>\n\t\t\t<a href=\"https:\/\/www.seetal-chile.ch\/ru\/aktivitaeten\/\" target=\"_blank\" rel=\"noopener\">\n\t\t\t\t\t\t\t\u041a \u0434\u0435\u044f\u0442\u0435\u043b\u044c\u043d\u043e\u0441\u0442\u0438\n\t\t\t\t\t<\/a>\n<h2>\n\t\t\t\u041b\u0438\u0447\u043d\u044b\u0439 \u043d\u0435\u0442\u0432\u043e\u0440\u043a\u0438\u043d\u0433\t<\/h2>\n\t<p>Wir laden dich ein, auf dieser Plattform Inserate mit Leuten aus der seetal chile zu teilen: Sei es die Suche nache Teilnehmer f\u00fcr eine Freizeitaktivit\u00e4t oder Menschen in der gleichen Situation zum Austauschen &#8211; alles hat hier Platz!<\/p>\n\t<div id=\"sc-wptools-node-d8dfa590-f22b-4a67-b48e-8a9437ab3b08\" class=\"sc-wptools-show-posts\"><!-- SECTION.START #Type_78e77d99-7ff4-4612-8a8c-c1aff1a7d187 --><div class=\"sc-wptools-grid sc-wptools-show-posts-market\">\n    <div class=\"sc-wptools-items\">\n        <div class=\"row\">\n            <!-- SECTION.START #Items_c19feaa7-c15c-4044-9245-3d407fbd8501 --><div id=\"sc-wptools-item-6d367b9d-6282-4cb7-98ef-d54df5b3351b\" class=\"col-sm sc-wptools-item sc-wptools-item-1\">\n                <a class=\"stretched-link\" href=\"https:\/\/markt.seetal-chile.ch\/katzenbetreuung-10558\/\" onclick=\"\" target=\"_blank\"><\/a>\n                <div class=\"sc-wptools-image-container\">\n                    <img decoding=\"async\" class=\"sc-wptools-item-image\" src=\"https:\/\/markt.seetal-chile.ch\/wp-content\/uploads\/formidable\/7\/IMG_6432-1.jpeg\" alt=\"Katzenbetreuung\">\n                    <div class=\"sc-wptools-item-overlay\">\n                        <div class=\"sc-wptools-item-overlay-icon\">\n                            <i class=\"fas fa-play\" aria-hidden=\"true\"><\/i>\n                        <\/div>\n                    <\/div>\n                <\/div>\n                <div class=\"sc-wptools-content-wrap\">\n                    <h3 class=\"sc-wptools-item-title\">Katzenbetreuung<\/h3>\n                    <div class=\"sc-wptools-item-meta\"><strong>\u0414\u0435\u0431\u043e\u0440\u0430<\/strong> sucht &#124; 06.04.2026<\/div>\n                    <div class=\"sc-wptools-item-excerpt\">Ich und mein Mann suchen eine Betreuung f\u00fcr unsere zwei Wohnungskater \u00fcber Auffahrt und von 23.05.-25.05.26 (Gemeindeweekend). Wir sind dann weg und m\u00f6chten unsere Wollkn\u00e4uel, nicht von zuhause weg geben. Es w\u00e4re grossartig h\u00e4tte jemand die M\u00f6glichkeit mindestens 1x pro Tag bei ihnen vorbei zu schauen, sie zu f\u00fcttern, die Katzentoilette zu reinigen und \u00fcber&hellip;<\/div>\n                    <div class=\"sc-wptools-item-detail-prepared\">\n                        <div class=\"row sc-wptools-detail-close-row\">\n                            <div class=\"col-md-12 sc-wptools-detail-close-col\">\n                                <a class=\"sc-wptools-detail-close\" href=\"#\" onclick=\"sc_wptools_closeDetail('d8dfa590-f22b-4a67-b48e-8a9437ab3b08');return false;\" target=\"_self\">\u2715<\/a>\n                            <\/div>\n                        <\/div>\n                        <div class=\"sc-wptools-detail-container\">\n                            <div class=\"row justify-content-between\">{detail-content}<\/div>\n                        <\/div>\n                    <\/div>\n                <\/div>\n            <\/div><div id=\"sc-wptools-item-ed5abea1-0638-46cc-9a5a-9f9027a69bcc\" class=\"col-sm sc-wptools-item sc-wptools-item-2\">\n                <a class=\"stretched-link\" href=\"https:\/\/markt.seetal-chile.ch\/trampolin-kurs-in-der-seetal-chile-10538\/\" onclick=\"\" target=\"_blank\"><\/a>\n                <div class=\"sc-wptools-image-container\">\n                    <img decoding=\"async\" class=\"sc-wptools-item-image\" src=\"https:\/\/markt.seetal-chile.ch\/wp-content\/uploads\/formidable\/7\/Bellicon-gruen-8-Fuesse-von-oben.jpg\" alt=\"Trampolin-Kurs in der seetal chile\">\n                    <div class=\"sc-wptools-item-overlay\">\n                        <div class=\"sc-wptools-item-overlay-icon\">\n                            <i class=\"fas fa-play\" aria-hidden=\"true\"><\/i>\n                        <\/div>\n                    <\/div>\n                <\/div>\n                <div class=\"sc-wptools-content-wrap\">\n                    <h3 class=\"sc-wptools-item-title\">Trampolin-Kurs in der seetal chile<\/h3>\n                    <div class=\"sc-wptools-item-meta\"><strong>\u042d\u043b\u0438\u0437\u0430\u0431\u0435\u0442 \u0438 \u0422\u0430\u043d\u044f<\/strong> bietet an &#124; 31.03.2026<\/div>\n                    <div class=\"sc-wptools-item-excerpt\">Basic-Trampolin-Kurs vom 1. Juni &#8211; 29. Juni 2026, jeweils am Montag 19.30 &#8211; 20.30 Uhr. W\u00e4hrend 5 Lektionen werden dir die Grundlagen f\u00fcr ein Training zu Hause vermittelt. Es wirkt \u00e4usserst sanft und schonend auf R\u00fccken und Gelenke. Das Motto heisst &#8220;Schwingen statt Springen!&#8221; Dabei erlebst du, wie PMT SwingWalking\u00ae deinen Alltag bereichert und du&hellip;<\/div>\n                    <div class=\"sc-wptools-item-detail-prepared\">\n                        <div class=\"row sc-wptools-detail-close-row\">\n                            <div class=\"col-md-12 sc-wptools-detail-close-col\">\n                                <a class=\"sc-wptools-detail-close\" href=\"#\" onclick=\"sc_wptools_closeDetail('d8dfa590-f22b-4a67-b48e-8a9437ab3b08');return false;\" target=\"_self\">\u2715<\/a>\n                            <\/div>\n                        <\/div>\n                        <div class=\"sc-wptools-detail-container\">\n                            <div class=\"row justify-content-between\">{detail-content}<\/div>\n                        <\/div>\n                    <\/div>\n                <\/div>\n            <\/div><div id=\"sc-wptools-item-a275763a-b210-4065-8def-214b0f6a9b2d\" class=\"col-sm sc-wptools-item sc-wptools-item-3\">\n                <a class=\"stretched-link\" href=\"https:\/\/markt.seetal-chile.ch\/tanzworkshop-23-03-2026-10517\/\" onclick=\"\" target=\"_blank\"><\/a>\n                <div class=\"sc-wptools-image-container\">\n                    <img decoding=\"async\" class=\"sc-wptools-item-image\" src=\"https:\/\/markt.seetal-chile.ch\/wp-content\/uploads\/formidable\/7\/Open-Training-23.3.26.png\" alt=\"Tanzworkshop 23.03.2026\">\n                    <div class=\"sc-wptools-item-overlay\">\n                        <div class=\"sc-wptools-item-overlay-icon\">\n                            <i class=\"fas fa-play\" aria-hidden=\"true\"><\/i>\n                        <\/div>\n                    <\/div>\n                <\/div>\n                <div class=\"sc-wptools-content-wrap\">\n                    <h3 class=\"sc-wptools-item-title\">Tanzworkshop 23.03.2026<\/h3>\n                    <div class=\"sc-wptools-item-meta\"><strong>\u0421\u0430\u043c\u0438\u0440\u0430<\/strong> bietet an &#124; 16.03.2026<\/div>\n                    <div class=\"sc-wptools-item-excerpt\">Jael Meyer und ich, Samira Bolliger, leiten in Meisterschwanden eine Roundabout-Tanzgruppe. Dieses Angebot ist an bewegungsfreudige Teenies und junge Frauen gerichtet (von 12-20 Jahren). Am 23. M\u00e4rz um 19.00 Uhr bieten wir nun ein offenes Training an. Dieses Training ist f\u00fcr ALLE, die mal Lust haben zu tanzen und reinzuschauen. Anmelden kannst du dich per&hellip;<\/div>\n                    <div class=\"sc-wptools-item-detail-prepared\">\n                        <div class=\"row sc-wptools-detail-close-row\">\n                            <div class=\"col-md-12 sc-wptools-detail-close-col\">\n                                <a class=\"sc-wptools-detail-close\" href=\"#\" onclick=\"sc_wptools_closeDetail('d8dfa590-f22b-4a67-b48e-8a9437ab3b08');return false;\" target=\"_self\">\u2715<\/a>\n                            <\/div>\n                        <\/div>\n                        <div class=\"sc-wptools-detail-container\">\n                            <div class=\"row justify-content-between\">{detail-content}<\/div>\n                        <\/div>\n                    <\/div>\n                <\/div>\n            <\/div><!-- SECTION.END #Items_c19feaa7-c15c-4044-9245-3d407fbd8501 -->\n        <\/div>\n    <\/div>\n    <div class=\"sc-wptools-visible-container\">\n        <div class=\"sc-wptools-item-detail-view\"><\/div>\n    <\/div>\n<\/div><!-- SECTION.END #Type_78e77d99-7ff4-4612-8a8c-c1aff1a7d187 --><\/div>\n\t\t\t<a href=\"https:\/\/markt.seetal-chile.ch\" target=\"_blank\" rel=\"noopener\">\n\t\t\t\t\t\t\t\u041a\u043e \u0432\u0441\u0435\u043c \u0440\u0435\u043a\u043b\u0430\u043c\u043d\u044b\u043c \u043e\u0431\u044a\u044f\u0432\u043b\u0435\u043d\u0438\u044f\u043c\n\t\t\t\t\t<\/a>","protected":false},"excerpt":{"rendered":"<p>Willkommen daheim Bei uns bist du nicht ein Gesicht unter vielen anderen!\u00a0Wir w\u00fcnschen uns, dass du dich bei uns schnell heimisch f\u00fchlst. Wenn du mit anderen Menschen in und um die seetal chile in Kontakt kommen willst, bist du hier genau richtig! Diese Seite soll dir einen schnellen und einfachen Zugang erm\u00f6glichen. \u00a0 F\u00fcr alters-&hellip;<\/p>","protected":false},"author":1,"featured_media":0,"parent":0,"menu_order":0,"comment_status":"closed","ping_status":"closed","template":"","meta":{"_acf_changed":false,"footnotes":""},"class_list":["post-7020","page","type-page","status-publish","hentry"],"acf":[],"_links":{"self":[{"href":"https:\/\/www.seetal-chile.ch\/ru\/wp-json\/wp\/v2\/pages\/7020","targetHints":{"allow":["GET"]}}],"collection":[{"href":"https:\/\/www.seetal-chile.ch\/ru\/wp-json\/wp\/v2\/pages"}],"about":[{"href":"https:\/\/www.seetal-chile.ch\/ru\/wp-json\/wp\/v2\/types\/page"}],"author":[{"embeddable":true,"href":"https:\/\/www.seetal-chile.ch\/ru\/wp-json\/wp\/v2\/users\/1"}],"replies":[{"embeddable":true,"href":"https:\/\/www.seetal-chile.ch\/ru\/wp-json\/wp\/v2\/comments?post=7020"}],"version-history":[{"count":1,"href":"https:\/\/www.seetal-chile.ch\/ru\/wp-json\/wp\/v2\/pages\/7020\/revisions"}],"predecessor-version":[{"id":7287,"href":"https:\/\/www.seetal-chile.ch\/ru\/wp-json\/wp\/v2\/pages\/7020\/revisions\/7287"}],"wp:attachment":[{"href":"https:\/\/www.seetal-chile.ch\/ru\/wp-json\/wp\/v2\/media?parent=7020"}],"curies":[{"name":"wp","href":"https:\/\/api.w.org\/{rel}","templated":true}]}}